{"id":13545,"date":"2020-05-08T15:01:57","date_gmt":"2020-05-08T15:01:57","guid":{"rendered":"https:\/\/bcarparts.com\/contacto\/"},"modified":"2024-11-04T11:26:28","modified_gmt":"2024-11-04T10:26:28","slug":"%d0%ba%d0%be%d0%bd%d1%82%d0%b0%d0%ba%d1%82","status":"publish","type":"page","link":"https:\/\/bcarparts.com\/ru\/%d0%ba%d0%be%d0%bd%d1%82%d0%b0%d0%ba%d1%82\/","title":{"rendered":"\u041a\u043e\u043d\u0442\u0430\u043a\u0442"},"content":{"rendered":"\t\t<div data-elementor-type=\"wp-page\" data-elementor-id=\"13545\" class=\"elementor elementor-13545 elementor-476\" data-elementor-post-type=\"page\">\n\t\t\t\t\t\t<section class=\"elementor-section elementor-top-section elementor-element elementor-element-40a60537 elementor-section-height-min-height elementor-section-stretched elementor-section-items-top header-page elementor-section-boxed elementor-section-height-default\" data-id=\"40a60537\" data-element_type=\"section\" data-settings=\"{&quot;background_background&quot;:&quot;classic&quot;,&quot;stretch_section&quot;:&quot;section-stretched&quot;}\">\n\t\t\t\t\t\t\t<div class=\"elementor-background-overlay\"><\/div>\n\t\t\t\t\t\t\t<div class=\"elementor-container elementor-column-gap-wide\">\n\t\t\t\t\t<div class=\"elementor-column elementor-col-100 elementor-top-column elementor-element elementor-element-ba455cd block-header elementor-hidden-phone\" data-id=\"ba455cd\" data-element_type=\"column\" data-settings=\"{&quot;animation&quot;:&quot;none&quot;}\">\n\t\t\t<div class=\"elementor-widget-wrap elementor-element-populated\">\n\t\t\t\t\t\t<div class=\"elementor-element elementor-element-db317af svg-logo elementor-widget elementor-widget-image\" data-id=\"db317af\" data-element_type=\"widget\" data-widget_type=\"image.default\">\n\t\t\t\t<div class=\"elementor-widget-container\">\n\t\t\t\t\t\t\t\t\t\t\t\t\t\t<a href=\"https:\/\/bcarparts.com\/\">\n\t\t\t\t\t\t\t<img decoding=\"async\" width=\"640\" height=\"1\" src=\"https:\/\/bcarparts.com\/wp-content\/uploads\/2020\/04\/logo-blanco-01.svg\" class=\"attachment-medium_large size-medium_large wp-image-13637\" alt=\"\" sizes=\"(max-width: 34.9rem) calc(100vw - 2rem), (max-width: 53rem) calc(8 * (100vw \/ 12)), (min-width: 53rem) calc(6 * (100vw \/ 12)), 100vw\" \/>\t\t\t\t\t\t\t\t<\/a>\n\t\t\t\t\t\t\t\t\t\t\t\t\t<\/div>\n\t\t\t\t<\/div>\n\t\t\t\t<div class=\"elementor-element elementor-element-618bff7 elementor-widget elementor-widget-heading\" data-id=\"618bff7\" data-element_type=\"widget\" data-widget_type=\"heading.default\">\n\t\t\t\t<div class=\"elementor-widget-container\">\n\t\t\t<h2 class=\"elementor-heading-title elementor-size-default\">\u041a\u041e\u041d\u0422\u0410\u041a\u0422 \u0421 \u041d\u0410\u041c\u0418 <\/h2>\t\t<\/div>\n\t\t\t\t<\/div>\n\t\t\t\t\t<\/div>\n\t\t<\/div>\n\t\t\t\t\t<\/div>\n\t\t<\/section>\n\t\t\t\t<section class=\"elementor-section elementor-top-section elementor-element elementor-element-4f7a268f elementor-section-boxed elementor-section-height-default elementor-section-height-default\" data-id=\"4f7a268f\" data-element_type=\"section\" data-settings=\"{&quot;background_background&quot;:&quot;none&quot;,&quot;animation&quot;:&quot;none&quot;}\">\n\t\t\t\t\t\t<div class=\"elementor-container elementor-column-gap-default\">\n\t\t\t\t\t<div class=\"elementor-column elementor-col-100 elementor-top-column elementor-element elementor-element-33be0885\" data-id=\"33be0885\" data-element_type=\"column\">\n\t\t\t<div class=\"elementor-widget-wrap elementor-element-populated\">\n\t\t\t\t\t\t<div class=\"elementor-element elementor-element-56839e1 elementor-widget elementor-widget-heading\" data-id=\"56839e1\" data-element_type=\"widget\" data-widget_type=\"heading.default\">\n\t\t\t\t<div class=\"elementor-widget-container\">\n\t\t\t<h2 class=\"elementor-heading-title elementor-size-default\">BCAR Auto Parts <\/h2>\t\t<\/div>\n\t\t\t\t<\/div>\n\t\t\t\t<div class=\"elementor-element elementor-element-341d102 elementor-widget elementor-widget-text-editor\" data-id=\"341d102\" data-element_type=\"widget\" data-widget_type=\"text-editor.default\">\n\t\t\t\t<div class=\"elementor-widget-container\">\n\t\t\t\t\t\t\t<p><span style=\"font-weight: 400;\">\u0427\u0442\u043e \u043c\u044b \u043c\u043e\u0436\u0435\u043c \u0434\u043b\u044f \u0412\u0430\u0441 \u0441\u0434\u0435\u043b\u0430\u0442\u044c? \u0412\u0430\u043c \u043d\u0443\u0436\u043d\u0430 \u0434\u043e\u043f\u043e\u043b\u043d\u0438\u0442\u0435\u043b\u044c\u043d\u0430\u044f \u0438\u043d\u0444\u043e\u0440\u043c\u0430\u0446\u0438\u044f? \u041d\u0435 \u0441\u0442\u0435\u0441\u043d\u044f\u0439\u0442\u0435\u0441\u044c \u043e\u0431\u0440\u0430\u0449\u0430\u0442\u044c\u0441\u044f \u043a \u043d\u0430\u043c, \u0447\u0442\u043e\u0431\u044b \u043f\u043e\u043b\u0443\u0447\u0438\u0442\u044c \u0434\u043e\u043f\u043e\u043b\u043d\u0438\u0442\u0435\u043b\u044c\u043d\u0443\u044e \u0438\u043d\u0444\u043e\u0440\u043c\u0430\u0446\u0438\u044e \u043e \u043d\u0430\u0448\u0438\u0445 \u043f\u0440\u043e\u0434\u0443\u043a\u0442\u0430\u0445 \u0438\u043b\u0438 \u043e\u0442\u043f\u0440\u0430\u0432\u0438\u0442\u044c \u043d\u0430\u043c \u0412\u0430\u0448\u0438 \u043e\u0442\u0437\u044b\u0432\u044b \u0438\/\u0438\u043b\u0438 \u043a\u043e\u043c\u043c\u0435\u043d\u0442\u0430\u0440\u0438\u0438.<\/span><\/p>\t\t\t\t\t\t<\/div>\n\t\t\t\t<\/div>\n\t\t\t\t<section class=\"elementor-section elementor-inner-section elementor-element elementor-element-0644be4 elementor-section-boxed elementor-section-height-default elementor-section-height-default\" data-id=\"0644be4\" data-element_type=\"section\">\n\t\t\t\t\t\t<div class=\"elementor-container elementor-column-gap-default\">\n\t\t\t\t\t<div class=\"elementor-column elementor-col-100 elementor-inner-column elementor-element elementor-element-84fc8d1\" data-id=\"84fc8d1\" data-element_type=\"column\">\n\t\t\t<div class=\"elementor-widget-wrap elementor-element-populated\">\n\t\t\t\t\t\t<div class=\"elementor-element elementor-element-7a38a00 elementor-widget elementor-widget-heading\" data-id=\"7a38a00\" data-element_type=\"widget\" data-widget_type=\"heading.default\">\n\t\t\t\t<div class=\"elementor-widget-container\">\n\t\t\t<h3 class=\"elementor-heading-title elementor-size-default\">\u041e\u0442\u043f\u0440\u0430\u0432\u044c\u0442\u0435 \u0412\u0430\u0448\u0435 \u0441\u043e\u043e\u0431\u0449\u0435\u043d\u0438\u0435<\/h3>\t\t<\/div>\n\t\t\t\t<\/div>\n\t\t\t\t<div class=\"elementor-element elementor-element-216d3b3 elementor-widget elementor-widget-wp-widget-custom_html\" data-id=\"216d3b3\" data-element_type=\"widget\" data-widget_type=\"wp-widget-custom_html.default\">\n\t\t\t\t<div class=\"elementor-widget-container\">\n\t\t\t<div class=\"textwidget custom-html-widget\">\n<div class=\"wpcf7 no-js\" id=\"wpcf7-f15765-o1\" lang=\"es-ES\" dir=\"ltr\">\n<div class=\"screen-reader-response\"><p role=\"status\" aria-live=\"polite\" aria-atomic=\"true\"><\/p> <ul><\/ul><\/div>\n<form action=\"\/ru\/wp-json\/wp\/v2\/pages\/13545#wpcf7-f15765-o1\" method=\"post\" class=\"wpcf7-form init\" aria-label=\"Formulario de contacto\" novalidate=\"novalidate\" data-status=\"init\">\n<div style=\"display: none;\">\n<input type=\"hidden\" name=\"_wpcf7\" value=\"15765\" \/>\n<input type=\"hidden\" name=\"_wpcf7_version\" value=\"5.9.8\" \/>\n<input type=\"hidden\" name=\"_wpcf7_locale\" value=\"es_ES\" \/>\n<input type=\"hidden\" name=\"_wpcf7_unit_tag\" value=\"wpcf7-f15765-o1\" \/>\n<input type=\"hidden\" name=\"_wpcf7_container_post\" value=\"0\" \/>\n<input type=\"hidden\" name=\"_wpcf7_posted_data_hash\" value=\"\" \/>\n<input type=\"hidden\" name=\"_wpcf7_recaptcha_response\" value=\"\" \/>\n<\/div>\n<div class=\"form row\">\n\t<div class=\"col-md-6 col-lg-6\">\n\t\t<p><span class=\"wpcf7-form-control-wrap\" data-name=\"mc4wp-NAME\"><input size=\"40\" maxlength=\"400\" class=\"wpcf7-form-control wpcf7-text wpcf7-validates-as-required\" id=\"nombre\" aria-required=\"true\" aria-invalid=\"false\" placeholder=\"\u0418\u043c\u044f*\" value=\"\" type=\"text\" name=\"mc4wp-NAME\" \/><\/span>\n\t\t<\/p>\n\t<\/div>\n\t<div class=\"col-md-6 col-lg-6\">\n\t\t<p><span class=\"wpcf7-form-control-wrap\" data-name=\"email\"><input size=\"40\" maxlength=\"400\" class=\"wpcf7-form-control wpcf7-email wpcf7-validates-as-required wpcf7-text wpcf7-validates-as-email\" aria-required=\"true\" aria-invalid=\"false\" placeholder=\"Email*\" value=\"\" type=\"email\" name=\"email\" \/><\/span>\n\t\t<\/p>\n\t<\/div>\n\t<div class=\"col-md-6 col-lg-6\">\n\t\t<p><span class=\"wpcf7-form-control-wrap\" data-name=\"mc4wp-PHONE\"><input size=\"40\" maxlength=\"400\" class=\"wpcf7-form-control wpcf7-tel wpcf7-validates-as-required wpcf7-text wpcf7-validates-as-tel\" id=\"tel\" aria-required=\"true\" aria-invalid=\"false\" placeholder=\"\u0422\u0435\u043b\u0435\u0444\u043e\u043d*\" value=\"\" type=\"tel\" name=\"mc4wp-PHONE\" \/><\/span>\n\t\t<\/p>\n\t<\/div>\n\t<div class=\"col-md-6 col-lg-6\">\n\t\t<p><span class=\"wpcf7-form-control-wrap\" data-name=\"mc4wp-COUNTRY\"><input size=\"40\" maxlength=\"400\" class=\"wpcf7-form-control wpcf7-text wpcf7-validates-as-required\" id=\"pais\" aria-required=\"true\" aria-invalid=\"false\" placeholder=\"\u0421\u0442\u0440\u0430\u043d\u0430*\" value=\"\" type=\"text\" name=\"mc4wp-COUNTRY\" \/><\/span>\n\t\t<\/p>\n\t<\/div>\n\t<div class=\"col-md-12 col-lg-12\">\n\t\t<p><span class=\"wpcf7-form-control-wrap\" data-name=\"mc4wp-EMPRESA\"><input size=\"40\" maxlength=\"400\" class=\"wpcf7-form-control wpcf7-text wpcf7-validates-as-required\" id=\"Empresa\" aria-required=\"true\" aria-invalid=\"false\" placeholder=\"\u0424\u0438\u0440\u043c\u0430*\" value=\"\" type=\"text\" name=\"mc4wp-EMPRESA\" \/><\/span>\n\t\t<\/p>\n\t<\/div>\n\t<div class=\"col-md-12 col-lg-12\">\n\t\t<p><span class=\"wpcf7-form-control-wrap\" data-name=\"Mensaje\"><textarea cols=\"40\" rows=\"10\" maxlength=\"2000\" class=\"wpcf7-form-control wpcf7-textarea\" aria-invalid=\"false\" placeholder=\"\u0421\u043e\u043e\u0431\u0449\u0435\u043d\u0438\u0435\" name=\"Mensaje\"><\/textarea><\/span>\n\t\t<\/p>\n\t<\/div>\n\t<div class=\"col-xs-12 col-md-8 col-lg-8 subscribirme\">\n\t\t<p><!-- Mailchimp for WordPress v4.9.13 - https:\/\/www.mc4wp.com\/ --><input type=\"hidden\" name=\"_mc4wp_subscribe_contact-form-7\" value=\"0\" \/><span class=\"mc4wp-checkbox mc4wp-checkbox-contact-form-7 \" ><label><input type=\"checkbox\" name=\"_mc4wp_subscribe_contact-form-7\" value=\"1\"  \/><span>\u042f \u0441\u043e\u0433\u043b\u0430\u0441\u0435\u043d \u0441 \u0442\u0435\u043c, \u0447\u0442\u043e BCAR AUTO PARTS S.L.U. \u043e\u0442\u043f\u0440\u0430\u0432\u043b\u044f\u0435\u0442 \u043c\u043d\u0435 \u043d\u043e\u0432\u043e\u0441\u0442\u043d\u0443\u044e \u0440\u0430\u0441\u0441\u044b\u043b\u043a\u0443<\/span><\/label><\/span><!-- \/ Mailchimp for WordPress -->\n\t\t<\/p>\n\t<\/div>\n\t<div class=\"col-xs-12 col-md-4 col-lg-4 obligatorio\">\n\t\t<p>*\u041e\u0431\u044f\u0437\u0430\u0442\u0435\u043b\u044c\u043d\u044b\u0435 \u043f\u043e\u043b\u044f\n\t\t<\/p>\n\t<\/div>\n\t<div class=\"col-md-12 col-lg-12 enviar\">\n\t\t<p><input name=\"_mc4wp_lists[]\" type=\"hidden\" value=\"5ae55a530a\" \/><br \/>\n<input class=\"wpcf7-form-control wpcf7-submit has-spinner\" type=\"submit\" value=\"\u041f\u043e\u0441\u043b\u0430\u0442\u044c\" \/>\n\t\t<\/p>\n\t<\/div>\n<\/div><input type='hidden' class='wpcf7-pum' value='{\"closepopup\":false,\"closedelay\":0,\"openpopup\":false,\"openpopup_id\":0}' \/><div class=\"wpcf7-response-output\" aria-hidden=\"true\"><\/div>\n<\/form>\n<\/div>\n<\/div>\t\t<\/div>\n\t\t\t\t<\/div>\n\t\t\t\t\t<\/div>\n\t\t<\/div>\n\t\t\t\t\t<\/div>\n\t\t<\/section>\n\t\t\t\t\t<\/div>\n\t\t<\/div>\n\t\t\t\t\t<\/div>\n\t\t<\/section>\n\t\t\t\t<section class=\"elementor-section elementor-top-section elementor-element elementor-element-486899b elementor-section-full_width elementor-section-height-default elementor-section-height-default\" data-id=\"486899b\" data-element_type=\"section\">\n\t\t\t\t\t\t<div class=\"elementor-container elementor-column-gap-default\">\n\t\t\t\t\t<div class=\"elementor-column elementor-col-100 elementor-top-column elementor-element elementor-element-f2329a4\" data-id=\"f2329a4\" data-element_type=\"column\">\n\t\t\t<div class=\"elementor-widget-wrap elementor-element-populated\">\n\t\t\t\t\t\t<div class=\"elementor-element elementor-element-c87b6cd elementor-widget elementor-widget-text-editor\" data-id=\"c87b6cd\" data-element_type=\"widget\" data-widget_type=\"text-editor.default\">\n\t\t\t\t<div class=\"elementor-widget-container\">\n\t\t\t\t\t\t\t<h2 style=\"text-align: center;\"><span style=\"color: #56d6c9;\">\u041d\u0430\u0448 \u0430\u0434\u0440\u0435\u0441:<\/span><\/h2>\t\t\t\t\t\t<\/div>\n\t\t\t\t<\/div>\n\t\t\t\t<div class=\"elementor-element elementor-element-488e0f8 elementor-widget elementor-widget-google_maps\" data-id=\"488e0f8\" data-element_type=\"widget\" data-widget_type=\"google_maps.default\">\n\t\t\t\t<div class=\"elementor-widget-container\">\n\t\t\t\t\t<div class=\"elementor-custom-embed\">\n\t\t\t<iframe loading=\"lazy\"\n\t\t\t\t\tsrc=\"https:\/\/maps.google.com\/maps?q=BCAR%20Auto%20Parts&#038;t=m&#038;z=15&#038;output=embed&#038;iwloc=near\"\n\t\t\t\t\ttitle=\"BCAR Auto Parts\"\n\t\t\t\t\taria-label=\"BCAR Auto Parts\"\n\t\t\t><\/iframe>\n\t\t<\/div>\n\t\t\t\t<\/div>\n\t\t\t\t<\/div>\n\t\t\t\t\t<\/div>\n\t\t<\/div>\n\t\t\t\t\t<\/div>\n\t\t<\/section>\n\t\t\t\t<\/div>\n\t\t","protected":false},"excerpt":{"rendered":"<p>\u041a\u041e\u041d\u0422\u0410\u041a\u0422 \u0421 \u041d\u0410\u041c\u0418 BCAR Auto Parts \u0427\u0442\u043e \u043c\u044b \u043c\u043e\u0436\u0435\u043c \u0434\u043b\u044f \u0412\u0430\u0441 \u0441\u0434\u0435\u043b\u0430\u0442\u044c? \u0412\u0430\u043c \u043d\u0443\u0436\u043d\u0430 \u0434\u043e\u043f\u043e\u043b\u043d\u0438\u0442\u0435\u043b\u044c\u043d\u0430\u044f \u0438\u043d\u0444\u043e\u0440\u043c\u0430\u0446\u0438\u044f? \u041d\u0435 \u0441\u0442\u0435\u0441\u043d\u044f\u0439\u0442\u0435\u0441\u044c \u043e\u0431\u0440\u0430\u0449\u0430\u0442\u044c\u0441\u044f \u043a \u043d\u0430\u043c, \u0447\u0442\u043e\u0431\u044b \u043f\u043e\u043b\u0443\u0447\u0438\u0442\u044c \u0434\u043e\u043f\u043e\u043b\u043d\u0438\u0442\u0435\u043b\u044c\u043d\u0443\u044e \u0438\u043d\u0444\u043e\u0440\u043c\u0430\u0446\u0438\u044e \u043e \u043d\u0430\u0448\u0438\u0445 \u043f\u0440\u043e\u0434\u0443\u043a\u0442\u0430\u0445 \u0438\u043b\u0438 \u043e\u0442\u043f\u0440\u0430\u0432\u0438\u0442\u044c \u043d\u0430\u043c \u0412\u0430\u0448\u0438 \u043e\u0442\u0437\u044b\u0432\u044b \u0438\/\u0438\u043b\u0438 \u043a\u043e\u043c\u043c\u0435\u043d\u0442\u0430\u0440\u0438\u0438. \u041e\u0442\u043f\u0440\u0430\u0432\u044c\u0442\u0435 \u0412\u0430\u0448\u0435 \u0441\u043e\u043e\u0431\u0449\u0435\u043d\u0438\u0435 \u041d\u0430\u0448 \u0430\u0434\u0440\u0435\u0441:<\/p>\n","protected":false},"author":3,"featured_media":18018,"parent":0,"menu_order":0,"comment_status":"closed","ping_status":"closed","template":"","meta":{"_acf_changed":false,"inline_featured_image":false,"footnotes":""},"class_list":["post-13545","page","type-page","status-publish","has-post-thumbnail","hentry","entry"],"acf":[],"yoast_head":"<!-- This site is optimized with the Yoast SEO plugin v21.6 - https:\/\/yoast.com\/wordpress\/plugins\/seo\/ -->\n<title>BCAR Auto Parts - \u041a\u043e\u043d\u0442\u0430\u043a\u0442<\/title>\n<meta name=\"description\" content=\"\u00bfQu\u00e9 podemos hacer por ti? \u00bfQuieres obtener m\u00e1s informaci\u00f3n? Estamos aqu\u00ed para ayudarte. En esta p\u00e1gina encontrar\u00e1s nuestro contacto \u00a1llamanos o escr\u00edbenos!\" \/>\n<meta name=\"robots\" content=\"index, follow, max-snippet:-1, max-image-preview:large, max-video-preview:-1\" \/>\n<link rel=\"canonical\" href=\"https:\/\/bcarparts.com\/ru\/%d0%ba%d0%be%d0%bd%d1%82%d0%b0%d0%ba%d1%82\/\" \/>\n<meta property=\"og:locale\" content=\"ru_RU\" \/>\n<meta property=\"og:type\" content=\"article\" \/>\n<meta property=\"og:title\" content=\"BCAR Auto Parts - \u041a\u043e\u043d\u0442\u0430\u043a\u0442\" \/>\n<meta property=\"og:description\" content=\"\u00bfQu\u00e9 podemos hacer por ti? \u00bfQuieres obtener m\u00e1s informaci\u00f3n? Estamos aqu\u00ed para ayudarte. En esta p\u00e1gina encontrar\u00e1s nuestro contacto \u00a1llamanos o escr\u00edbenos!\" \/>\n<meta property=\"og:url\" content=\"https:\/\/bcarparts.com\/ru\/%d0%ba%d0%be%d0%bd%d1%82%d0%b0%d0%ba%d1%82\/\" \/>\n<meta property=\"og:site_name\" content=\"BCAR Auto Parts\" \/>\n<meta property=\"article:modified_time\" content=\"2024-11-04T10:26:28+00:00\" \/>\n<meta property=\"og:image\" content=\"https:\/\/bcarparts.com\/wp-content\/uploads\/2023\/02\/contacto-BCAR.jpg\" \/>\n\t<meta property=\"og:image:width\" content=\"1920\" \/>\n\t<meta property=\"og:image:height\" content=\"1080\" \/>\n\t<meta property=\"og:image:type\" content=\"image\/jpeg\" \/>\n<meta name=\"twitter:card\" content=\"summary_large_image\" \/>\n<meta name=\"twitter:site\" content=\"@BCARAutoParts\" \/>\n<meta name=\"twitter:label1\" content=\"\u041f\u0440\u0438\u043c\u0435\u0440\u043d\u043e\u0435 \u0432\u0440\u0435\u043c\u044f \u0434\u043b\u044f \u0447\u0442\u0435\u043d\u0438\u044f\" \/>\n\t<meta name=\"twitter:data1\" content=\"1 \u043c\u0438\u043d\u0443\u0442\u0430\" \/>\n<script type=\"application\/ld+json\" class=\"yoast-schema-graph\">{\"@context\":\"https:\/\/schema.org\",\"@graph\":[{\"@type\":\"WebPage\",\"@id\":\"https:\/\/bcarparts.com\/ru\/%d0%ba%d0%be%d0%bd%d1%82%d0%b0%d0%ba%d1%82\/\",\"url\":\"https:\/\/bcarparts.com\/ru\/%d0%ba%d0%be%d0%bd%d1%82%d0%b0%d0%ba%d1%82\/\",\"name\":\"BCAR Auto Parts - \u041a\u043e\u043d\u0442\u0430\u043a\u0442\",\"isPartOf\":{\"@id\":\"https:\/\/bcarparts.com\/ru\/#website\"},\"datePublished\":\"2020-05-08T15:01:57+00:00\",\"dateModified\":\"2024-11-04T10:26:28+00:00\",\"description\":\"\u00bfQu\u00e9 podemos hacer por ti? \u00bfQuieres obtener m\u00e1s informaci\u00f3n? Estamos aqu\u00ed para ayudarte. En esta p\u00e1gina encontrar\u00e1s nuestro contacto \u00a1llamanos o escr\u00edbenos!\",\"breadcrumb\":{\"@id\":\"https:\/\/bcarparts.com\/ru\/%d0%ba%d0%be%d0%bd%d1%82%d0%b0%d0%ba%d1%82\/#breadcrumb\"},\"inLanguage\":\"ru-RU\",\"potentialAction\":[{\"@type\":\"ReadAction\",\"target\":[\"https:\/\/bcarparts.com\/ru\/%d0%ba%d0%be%d0%bd%d1%82%d0%b0%d0%ba%d1%82\/\"]}]},{\"@type\":\"BreadcrumbList\",\"@id\":\"https:\/\/bcarparts.com\/ru\/%d0%ba%d0%be%d0%bd%d1%82%d0%b0%d0%ba%d1%82\/#breadcrumb\",\"itemListElement\":[{\"@type\":\"ListItem\",\"position\":1,\"name\":\"Home\",\"item\":\"https:\/\/bcarparts.com\/ru\/\"},{\"@type\":\"ListItem\",\"position\":2,\"name\":\"\u041a\u043e\u043d\u0442\u0430\u043a\u0442\"}]},{\"@type\":\"WebSite\",\"@id\":\"https:\/\/bcarparts.com\/ru\/#website\",\"url\":\"https:\/\/bcarparts.com\/ru\/\",\"name\":\"BCAR Auto Parts\",\"description\":\"Niche product specialists for the automotive independent aftermarket\",\"publisher\":{\"@id\":\"https:\/\/bcarparts.com\/ru\/#organization\"},\"potentialAction\":[{\"@type\":\"SearchAction\",\"target\":{\"@type\":\"EntryPoint\",\"urlTemplate\":\"https:\/\/bcarparts.com\/ru\/?s={search_term_string}\"},\"query-input\":\"required name=search_term_string\"}],\"inLanguage\":\"ru-RU\"},{\"@type\":\"Organization\",\"@id\":\"https:\/\/bcarparts.com\/ru\/#organization\",\"name\":\"BCAR Auto Parts\",\"url\":\"https:\/\/bcarparts.com\/ru\/\",\"logo\":{\"@type\":\"ImageObject\",\"inLanguage\":\"ru-RU\",\"@id\":\"https:\/\/bcarparts.com\/ru\/#\/schema\/logo\/image\/\",\"url\":\"https:\/\/bcarparts.com\/wp-content\/uploads\/2022\/12\/B-CAR-logo_positivo-e1670243701285.jpg\",\"contentUrl\":\"https:\/\/bcarparts.com\/wp-content\/uploads\/2022\/12\/B-CAR-logo_positivo-e1670243701285.jpg\",\"width\":407,\"height\":410,\"caption\":\"BCAR Auto Parts\"},\"image\":{\"@id\":\"https:\/\/bcarparts.com\/ru\/#\/schema\/logo\/image\/\"},\"sameAs\":[\"https:\/\/twitter.com\/BCARAutoParts\",\"https:\/\/www.linkedin.com\/company\/b-car-auto-parts\/\"]}]}<\/script>\n<!-- \/ Yoast SEO plugin. -->","yoast_head_json":{"title":"BCAR Auto Parts - \u041a\u043e\u043d\u0442\u0430\u043a\u0442","description":"\u00bfQu\u00e9 podemos hacer por ti? \u00bfQuieres obtener m\u00e1s informaci\u00f3n? Estamos aqu\u00ed para ayudarte. En esta p\u00e1gina encontrar\u00e1s nuestro contacto \u00a1llamanos o escr\u00edbenos!","robots":{"index":"index","follow":"follow","max-snippet":"max-snippet:-1","max-image-preview":"max-image-preview:large","max-video-preview":"max-video-preview:-1"},"canonical":"https:\/\/bcarparts.com\/ru\/%d0%ba%d0%be%d0%bd%d1%82%d0%b0%d0%ba%d1%82\/","og_locale":"ru_RU","og_type":"article","og_title":"BCAR Auto Parts - \u041a\u043e\u043d\u0442\u0430\u043a\u0442","og_description":"\u00bfQu\u00e9 podemos hacer por ti? \u00bfQuieres obtener m\u00e1s informaci\u00f3n? Estamos aqu\u00ed para ayudarte. En esta p\u00e1gina encontrar\u00e1s nuestro contacto \u00a1llamanos o escr\u00edbenos!","og_url":"https:\/\/bcarparts.com\/ru\/%d0%ba%d0%be%d0%bd%d1%82%d0%b0%d0%ba%d1%82\/","og_site_name":"BCAR Auto Parts","article_modified_time":"2024-11-04T10:26:28+00:00","og_image":[{"width":1920,"height":1080,"url":"https:\/\/bcarparts.com\/wp-content\/uploads\/2023\/02\/contacto-BCAR.jpg","type":"image\/jpeg"}],"twitter_card":"summary_large_image","twitter_site":"@BCARAutoParts","twitter_misc":{"\u041f\u0440\u0438\u043c\u0435\u0440\u043d\u043e\u0435 \u0432\u0440\u0435\u043c\u044f \u0434\u043b\u044f \u0447\u0442\u0435\u043d\u0438\u044f":"1 \u043c\u0438\u043d\u0443\u0442\u0430"},"schema":{"@context":"https:\/\/schema.org","@graph":[{"@type":"WebPage","@id":"https:\/\/bcarparts.com\/ru\/%d0%ba%d0%be%d0%bd%d1%82%d0%b0%d0%ba%d1%82\/","url":"https:\/\/bcarparts.com\/ru\/%d0%ba%d0%be%d0%bd%d1%82%d0%b0%d0%ba%d1%82\/","name":"BCAR Auto Parts - \u041a\u043e\u043d\u0442\u0430\u043a\u0442","isPartOf":{"@id":"https:\/\/bcarparts.com\/ru\/#website"},"datePublished":"2020-05-08T15:01:57+00:00","dateModified":"2024-11-04T10:26:28+00:00","description":"\u00bfQu\u00e9 podemos hacer por ti? \u00bfQuieres obtener m\u00e1s informaci\u00f3n? Estamos aqu\u00ed para ayudarte. En esta p\u00e1gina encontrar\u00e1s nuestro contacto \u00a1llamanos o escr\u00edbenos!","breadcrumb":{"@id":"https:\/\/bcarparts.com\/ru\/%d0%ba%d0%be%d0%bd%d1%82%d0%b0%d0%ba%d1%82\/#breadcrumb"},"inLanguage":"ru-RU","potentialAction":[{"@type":"ReadAction","target":["https:\/\/bcarparts.com\/ru\/%d0%ba%d0%be%d0%bd%d1%82%d0%b0%d0%ba%d1%82\/"]}]},{"@type":"BreadcrumbList","@id":"https:\/\/bcarparts.com\/ru\/%d0%ba%d0%be%d0%bd%d1%82%d0%b0%d0%ba%d1%82\/#breadcrumb","itemListElement":[{"@type":"ListItem","position":1,"name":"Home","item":"https:\/\/bcarparts.com\/ru\/"},{"@type":"ListItem","position":2,"name":"\u041a\u043e\u043d\u0442\u0430\u043a\u0442"}]},{"@type":"WebSite","@id":"https:\/\/bcarparts.com\/ru\/#website","url":"https:\/\/bcarparts.com\/ru\/","name":"BCAR Auto Parts","description":"Niche product specialists for the automotive independent aftermarket","publisher":{"@id":"https:\/\/bcarparts.com\/ru\/#organization"},"potentialAction":[{"@type":"SearchAction","target":{"@type":"EntryPoint","urlTemplate":"https:\/\/bcarparts.com\/ru\/?s={search_term_string}"},"query-input":"required name=search_term_string"}],"inLanguage":"ru-RU"},{"@type":"Organization","@id":"https:\/\/bcarparts.com\/ru\/#organization","name":"BCAR Auto Parts","url":"https:\/\/bcarparts.com\/ru\/","logo":{"@type":"ImageObject","inLanguage":"ru-RU","@id":"https:\/\/bcarparts.com\/ru\/#\/schema\/logo\/image\/","url":"https:\/\/bcarparts.com\/wp-content\/uploads\/2022\/12\/B-CAR-logo_positivo-e1670243701285.jpg","contentUrl":"https:\/\/bcarparts.com\/wp-content\/uploads\/2022\/12\/B-CAR-logo_positivo-e1670243701285.jpg","width":407,"height":410,"caption":"BCAR Auto Parts"},"image":{"@id":"https:\/\/bcarparts.com\/ru\/#\/schema\/logo\/image\/"},"sameAs":["https:\/\/twitter.com\/BCARAutoParts","https:\/\/www.linkedin.com\/company\/b-car-auto-parts\/"]}]}},"_links":{"self":[{"href":"https:\/\/bcarparts.com\/ru\/wp-json\/wp\/v2\/pages\/13545"}],"collection":[{"href":"https:\/\/bcarparts.com\/ru\/wp-json\/wp\/v2\/pages"}],"about":[{"href":"https:\/\/bcarparts.com\/ru\/wp-json\/wp\/v2\/types\/page"}],"author":[{"embeddable":true,"href":"https:\/\/bcarparts.com\/ru\/wp-json\/wp\/v2\/users\/3"}],"replies":[{"embeddable":true,"href":"https:\/\/bcarparts.com\/ru\/wp-json\/wp\/v2\/comments?post=13545"}],"version-history":[{"count":5,"href":"https:\/\/bcarparts.com\/ru\/wp-json\/wp\/v2\/pages\/13545\/revisions"}],"predecessor-version":[{"id":22851,"href":"https:\/\/bcarparts.com\/ru\/wp-json\/wp\/v2\/pages\/13545\/revisions\/22851"}],"wp:featuredmedia":[{"embeddable":true,"href":"https:\/\/bcarparts.com\/ru\/wp-json\/wp\/v2\/media\/18018"}],"wp:attachment":[{"href":"https:\/\/bcarparts.com\/ru\/wp-json\/wp\/v2\/media?parent=13545"}],"curies":[{"name":"wp","href":"https:\/\/api.w.org\/{rel}","templated":true}]}}