{"id":1020,"date":"2025-12-23T17:16:39","date_gmt":"2025-12-23T16:16:39","guid":{"rendered":"https:\/\/bcarparts.com\/?page_id=1020"},"modified":"2026-03-31T11:30:25","modified_gmt":"2026-03-31T09:30:25","slug":"politica-de-cookies","status":"publish","type":"page","link":"https:\/\/bcarparts.com\/ru\/politica-de-cookies\/","title":{"rendered":"Pol\u00edtica de cookies"},"content":{"rendered":"<div data-elementor-type=\"wp-page\" data-elementor-id=\"1020\" class=\"elementor elementor-1020\" data-elementor-post-type=\"page\">\n\t\t\t\t<div class=\"elementor-element elementor-element-25f5052 e-flex e-con-boxed e-con e-parent\" data-id=\"25f5052\" data-element_type=\"container\" data-e-type=\"container\">\n\t\t\t\t\t<div class=\"e-con-inner\">\n\t\t\t\t<div class=\"elementor-element elementor-element-512d984 elementor-widget elementor-widget-tp-adv-text-block\" data-id=\"512d984\" data-element_type=\"widget\" data-e-type=\"widget\" data-widget_type=\"tp-adv-text-block.default\">\n\t\t\t\t\t<div class=\"pt-plus-text-block-wrapper\" data-tp-gsap-textblock=\"\" ><div class=\"text_block_parallax\"><div class=\"pt_plus_adv_text_block\" ><div class=\"text-content-block\"><h1>\u041f\u043e\u043b\u0438\u0442\u0438\u043a\u0430 \u0438\u0441\u043f\u043e\u043b\u044c\u0437\u043e\u0432\u0430\u043d\u0438\u044f \u0444\u0430\u0439\u043b\u043e\u0432 cookie<\/h1><div class=\"elementor elementor-12716\" data-elementor-type=\"wp-page\" data-elementor-id=\"12716\" data-elementor-post-type=\"page\"><section class=\"elementor-section elementor-top-section elementor-element elementor-element-4510d69d elementor-section-boxed elementor-section-height-default elementor-section-height-default\" data-id=\"4510d69d\" data-element_type=\"section\"><div class=\"elementor-container elementor-column-gap-default\"><div class=\"elementor-column elementor-col-100 elementor-top-column elementor-element elementor-element-354ae967\" data-id=\"354ae967\" data-element_type=\"column\"><div class=\"elementor-widget-wrap elementor-element-populated\"><div class=\"elementor-element elementor-element-11277d73 elementor-widget elementor-widget-text-editor\" data-id=\"11277d73\" data-element_type=\"widget\" data-widget_type=\"text-editor.default\"><div class=\"elementor-widget-container\"><h2>\u0418\u043d\u0444\u043e\u0440\u043c\u0430\u0446\u0438\u044f \u043e \u0444\u0430\u0439\u043b\u0430\u0445 cookie<\/h2><p>\u0412 \u0441\u0432\u044f\u0437\u0438 \u0441 \u0432\u0441\u0442\u0443\u043f\u043b\u0435\u043d\u0438\u0435\u043c \u0432 \u0441\u0438\u043b\u0443 \u0441\u043e\u043e\u0442\u0432\u0435\u0442\u0441\u0442\u0432\u0443\u044e\u0449\u0438\u0445 \u0438\u0437\u043c\u0435\u043d\u0435\u043d\u0438\u0439 \u0432 \u00ab\u0417\u0430\u043a\u043e\u043d\u0435 \u043e\u0431 \u0443\u0441\u043b\u0443\u0433\u0430\u0445 \u0438\u043d\u0444\u043e\u0440\u043c\u0430\u0446\u0438\u043e\u043d\u043d\u043e\u0433\u043e \u043e\u0431\u0449\u0435\u0441\u0442\u0432\u0430\u00bb (LSSICE), \u043f\u0440\u0438\u043d\u044f\u0442\u043e\u043c \u041a\u043e\u0440\u043e\u043b\u0435\u0432\u0441\u043a\u0438\u043c \u0443\u043a\u0430\u0437\u043e\u043c 13\/2012, \u043f\u043e\u043b\u0443\u0447\u0435\u043d\u0438\u0435 \u044f\u0432\u043d\u043e\u0433\u043e \u0441\u043e\u0433\u043b\u0430\u0441\u0438\u044f \u043f\u043e\u043b\u044c\u0437\u043e\u0432\u0430\u0442\u0435\u043b\u044f \u043d\u0430 \u0438\u0441\u043f\u043e\u043b\u044c\u0437\u043e\u0432\u0430\u043d\u0438\u0435 \u0432\u0441\u0435\u0445 \u0432\u0435\u0431-\u0441\u0442\u0440\u0430\u043d\u0438\u0446, \u0438\u0441\u043f\u043e\u043b\u044c\u0437\u0443\u044e\u0449\u0438\u0445 \u0444\u0430\u0439\u043b\u044b cookie, \u043d\u0435 \u044f\u0432\u043b\u044f\u044e\u0449\u0438\u0435\u0441\u044f \u043e\u0431\u044f\u0437\u0430\u0442\u0435\u043b\u044c\u043d\u044b\u043c\u0438, \u044f\u0432\u043b\u044f\u0435\u0442\u0441\u044f \u043e\u0431\u044f\u0437\u0430\u0442\u0435\u043b\u044c\u043d\u044b\u043c \u0434\u043e \u043d\u0430\u0447\u0430\u043b\u0430 \u0438\u0445 \u043f\u0440\u043e\u0441\u043c\u043e\u0442\u0440\u0430.<\/p><h2>\u0427\u0442\u043e \u0442\u0430\u043a\u043e\u0435 \u0444\u0430\u0439\u043b\u044b cookie?<\/h2><p>\u0424\u0430\u0439\u043b\u044b cookie \u0438 \u0434\u0440\u0443\u0433\u0438\u0435 \u0430\u043d\u0430\u043b\u043e\u0433\u0438\u0447\u043d\u044b\u0435 \u0442\u0435\u0445\u043d\u043e\u043b\u043e\u0433\u0438\u0438, \u0442\u0430\u043a\u0438\u0435 \u043a\u0430\u043a \u043b\u043e\u043a\u0430\u043b\u044c\u043d\u044b\u0435 \u043e\u0431\u0449\u0438\u0435 \u043e\u0431\u044a\u0435\u043a\u0442\u044b, flash-\u0444\u0430\u0439\u043b\u044b cookie \u0438\u043b\u0438 \u043f\u0438\u043a\u0441\u0435\u043b\u0438, \u2014 \u044d\u0442\u043e \u0438\u043d\u0441\u0442\u0440\u0443\u043c\u0435\u043d\u0442\u044b, \u0438\u0441\u043f\u043e\u043b\u044c\u0437\u0443\u0435\u043c\u044b\u0435 \u0432\u0435\u0431-\u0441\u0435\u0440\u0432\u0435\u0440\u0430\u043c\u0438 \u0434\u043b\u044f \u0445\u0440\u0430\u043d\u0435\u043d\u0438\u044f \u0438 \u0438\u0437\u0432\u043b\u0435\u0447\u0435\u043d\u0438\u044f \u0438\u043d\u0444\u043e\u0440\u043c\u0430\u0446\u0438\u0438 \u043e \u043f\u043e\u0441\u0435\u0442\u0438\u0442\u0435\u043b\u044f\u0445, \u0430 \u0442\u0430\u043a\u0436\u0435 \u0434\u043b\u044f \u043e\u0431\u0435\u0441\u043f\u0435\u0447\u0435\u043d\u0438\u044f \u043d\u0430\u0434\u043b\u0435\u0436\u0430\u0449\u0435\u0433\u043e \u0444\u0443\u043d\u043a\u0446\u0438\u043e\u043d\u0438\u0440\u043e\u0432\u0430\u043d\u0438\u044f \u0441\u0430\u0439\u0442\u0430.<\/p><p>Mediante el uso de estos dispositivos se permite al servidor Web recordar algunos datos concernientes al usuario, como sus preferencias para la visualizaci\u00f3n de las p\u00e1ginas de ese servidor, nombre y contrase\u00f1a, productos que m\u00e1s le interesan, etc.<\/p><h2>\u0424\u0430\u0439\u043b\u044b cookie, \u043d\u0430 \u043a\u043e\u0442\u043e\u0440\u044b\u0435 \u0440\u0430\u0441\u043f\u0440\u043e\u0441\u0442\u0440\u0430\u043d\u044f\u044e\u0442\u0441\u044f \u043f\u0440\u0430\u0432\u0438\u043b\u0430, \u0438 \u0444\u0430\u0439\u043b\u044b cookie, \u043d\u0430 \u043a\u043e\u0442\u043e\u0440\u044b\u0435 \u043e\u043d\u0438 \u043d\u0435 \u0440\u0430\u0441\u043f\u0440\u043e\u0441\u0442\u0440\u0430\u043d\u044f\u044e\u0442\u0441\u044f.<\/h2><p>\u0421\u043e\u0433\u043b\u0430\u0441\u043d\u043e \u0434\u0438\u0440\u0435\u043a\u0442\u0438\u0432\u0435 \u0415\u0421, \u043a \u0444\u0430\u0439\u043b\u0430\u043c cookie, \u0442\u0440\u0435\u0431\u0443\u044e\u0449\u0438\u043c \u0438\u043d\u0444\u043e\u0440\u043c\u0438\u0440\u043e\u0432\u0430\u043d\u043d\u043e\u0433\u043e \u0441\u043e\u0433\u043b\u0430\u0441\u0438\u044f \u043f\u043e\u043b\u044c\u0437\u043e\u0432\u0430\u0442\u0435\u043b\u044f, \u043e\u0442\u043d\u043e\u0441\u044f\u0442\u0441\u044f \u0430\u043d\u0430\u043b\u0438\u0442\u0438\u0447\u0435\u0441\u043a\u0438\u0435 \u0444\u0430\u0439\u043b\u044b cookie, \u0430 \u0442\u0430\u043a\u0436\u0435 \u0440\u0435\u043a\u043b\u0430\u043c\u043d\u044b\u0435 \u0438 \u043f\u0430\u0440\u0442\u043d\u0435\u0440\u0441\u043a\u0438\u0435 \u0444\u0430\u0439\u043b\u044b cookie, \u0437\u0430 \u0438\u0441\u043a\u043b\u044e\u0447\u0435\u043d\u0438\u0435\u043c \u0442\u0435\u0445\u043d\u0438\u0447\u0435\u0441\u043a\u0438\u0445 \u0444\u0430\u0439\u043b\u043e\u0432 cookie \u0438 \u0442\u0435\u0445, \u043a\u043e\u0442\u043e\u0440\u044b\u0435 \u043d\u0435\u043e\u0431\u0445\u043e\u0434\u0438\u043c\u044b \u0434\u043b\u044f \u0440\u0430\u0431\u043e\u0442\u044b \u0432\u0435\u0431-\u0441\u0430\u0439\u0442\u0430 \u0438\u043b\u0438 \u043f\u0440\u0435\u0434\u043e\u0441\u0442\u0430\u0432\u043b\u0435\u043d\u0438\u044f \u0443\u0441\u043b\u0443\u0433, \u043f\u0440\u044f\u043c\u043e \u0437\u0430\u043f\u0440\u043e\u0448\u0435\u043d\u043d\u044b\u0445 \u043f\u043e\u043b\u044c\u0437\u043e\u0432\u0430\u0442\u0435\u043b\u0435\u043c.<\/p><h2>\u041a\u0430\u043a\u0438\u0435 \u0432\u0438\u0434\u044b \u043f\u0435\u0447\u0435\u043d\u044c\u044f \u0441\u0443\u0449\u0435\u0441\u0442\u0432\u0443\u044e\u0442?<\/h2><p>\u0427\u0442\u043e \u043a\u0430\u0441\u0430\u0435\u0442\u0441\u044f \u0432\u0438\u0434\u043e\u0432 \u043f\u0435\u0447\u0435\u043d\u044c\u044f, \u0442\u043e \u043c\u043e\u0436\u043d\u043e \u0432\u044b\u0434\u0435\u043b\u0438\u0442\u044c \u043f\u044f\u0442\u044c \u043e\u0441\u043d\u043e\u0432\u043d\u044b\u0445 \u0433\u0440\u0443\u043f\u043f:<\/p><ul><li>Cookies anal\u00edticas: recogen informaci\u00f3n del uso que se realiza del sitio web.<\/li><li>Cookies sociales: son aquellas necesarias para redes sociales externas.<\/li><li>Cookies de afiliados: permiten hacer un seguimiento de las visitas procedentes de otras webs, con las que el sitio web establece un contrato de afiliaci\u00f3n (empresas de afiliaci\u00f3n).<\/li><li>Cookies de publicidad y comportamentales: recogen informaci\u00f3n sobre las preferencias y elecciones personales del usuario (retargeting).<\/li><li>Cookies t\u00e9cnicas y funcionales: son las estrictamente necesarias para el uso del sitio web y para la prestaci\u00f3n del servicio contratado.<\/li><\/ul><h2>\u041d\u0430 \u044d\u0442\u043e\u043c \u0441\u0430\u0439\u0442\u0435 \u0438\u0441\u043f\u043e\u043b\u044c\u0437\u0443\u044e\u0442\u0441\u044f \u0444\u0430\u0439\u043b\u044b cookie.<\/h2><ul><li class=\"translation-block\"><strong>ac_cookies:<\/strong>&nbsp;cookie t\u00e9cnica y estrictamente necesaria que contiene el valor de si se ha aceptado la instalaci\u00f3n de cookies. Caduca en 1 a\u00f1o desde la \u00faltima actualizaci\u00f3n.<\/li><li class=\"translation-block\"><strong>_ga:<\/strong>&nbsp;cookie de Google Analytics que habilita la funci\u00f3n de control de visitas \u00fanicas. La primera vez que un usuario entre en el sitio web a trav\u00e9s de un navegador se instalar\u00e1 esta cookie. Cuando este usuario vuelva a entrar en la web con el mismo navegador, la cookie considerar\u00e1 que es el mismo usuario. Solo en el caso de que el usuario cambie de navegador, se considerar\u00e1 otro usuario. Caduca a los 2 a\u00f1os desde la \u00faltima actualizaci\u00f3n.<\/li><li class=\"translation-block\"><strong>_gat:<\/strong>&nbsp;Esta cookie se asocia con Google Analytics Universal. Se utiliza para limitar la velocidad de petici\u00f3n \u2013 la&nbsp;limitaci\u00f3n de la recogida de datos en los sitios de alto tr\u00e1fico. Caduca a los 10 minutos.<\/li><li class=\"translation-block\"><strong>_utma:<\/strong>&nbsp;cookie de Google Analytics que registra la fecha de la primera y \u00faltima vez que el usuario visti\u00f3 el sitio web. Caduca a los 2 a\u00f1os desde la \u00faltima actualizaci\u00f3n.<\/li><li class=\"translation-block\"><strong>_utmb:<\/strong>&nbsp;cookie de Google Analytics que registra la hora de llegada a la p\u00e1gina web. Caduca a los 30 minutos<br>desde la \u00faltima actualizaci\u00f3n.<\/li><li class=\"translation-block\"><strong>_utmc:<\/strong>&nbsp;cookie de Google Analytics utilizada para la interoperabilidad con el c\u00f3digo de seguimiento urchin.js. Se elimina al cerrar el navegador.<\/li><li class=\"translation-block\"><strong>_utmt:<\/strong>&nbsp;cookie de Google Analytics. Esta cookie se utiliza para procesar el tipo de solicitud pedida por el<br>usuario. Caduca al finalizar la sesi\u00f3n.<\/li><li class=\"translation-block\"><strong>_utmv:<\/strong>&nbsp;cookie de Google Analytics. Esta cookie se utiliza para segmentar datos demogr\u00e1ficos. Caduca al<br>finalizar la sesi\u00f3n.<\/li><li class=\"translation-block\"><strong>_utmz:<\/strong>&nbsp;cookie de Google Analytics que almacena la fuente de tr\u00e1fico o una campa\u00f1a para explicar c\u00f3mo el<br>usuario lleg\u00f3 al sitio web. Caduca a los 6 meses desde la \u00faltima actualizaci\u00f3n.<\/li><\/ul><h2>Revocar consentimiento para instalar cookies como eliminar las cookies del navegador<\/h2><p><strong>\u0425\u0440\u043e\u043c<\/strong><\/p><ol><li>Selecciona el icono de Herramientas<\/li><li>Haz clic en Configuraci\u00f3n.<\/li><li>Haz clic en Mostrar Opciones Avanzadas.<\/li><li>En la secci\u00f3n \u201cPrivacidad\u201d haz clic en Configuraci\u00f3n de contenido.<ul><li>Eliminar cookies: Haz clic en Todas las cookies y los datos de sitios\u2026<\/li><li>No permitir que se almacenen cookies.<\/li><\/ul><\/li><li>Haz clic en Eliminar datos de navegaci\u00f3n (vaciar la Cach\u00e9).<\/li><li>Cierra y reinicia el navegador.<\/li><\/ol><p>Para m\u00e1s informaci\u00f3n sobre Chrome pulse aqu\u00ed:\u00a0<a href=\"https:\/\/support.google.com\/chrome\/answer\/95647?hl=es\">http:\/\/support.google.com\/chrome\/answer\/95647?hl=es<\/a><\/p><p><strong>Internet Explorer. Versi\u00f3n 11<\/strong><\/p><ol><li>Selecciona Herramientas | Opciones de Internet.<\/li><li>Haz clic en la ficha General.<\/li><li>En la secci\u00f3n \u201cHistorial de exploraci\u00f3n\u201d, haz clic en Eliminar el historial de exploraci\u00f3n al salir.<\/li><li>Seleccionar Eliminar archivos.<\/li><li>Seleccionar Eliminar cookies.<\/li><li>Haz clic en Eliminar.<\/li><li>Haz clic en Aceptar.<\/li><li>Cierra y reinicia el navegador.<\/li><\/ol><p>Para m\u00e1s informaci\u00f3n sobre Internet Explorer pulse aqu\u00ed:\u00a0<a href=\"http:\/\/windows.microsoft.com\/es-419\/windows7\/how-to-manage-cookies-in-internet-explorer-9\">http:\/\/windows.microsoft.com\/es-419\/windows7\/how-to-manage-cookies-in-internet-explorer-9<\/a><\/p><p><strong>Firefox. Versi\u00f3n 18<\/strong><\/p><ol><li>Selecciona Firefox | Historial | Limpiar el historial reciente.<\/li><li>Al lado de \u201cDetalles\u201d, haz clic en la flecha hacia abajo.<\/li><li>Selecciona las siguientes casillas de verificaci\u00f3n: Cookies, Cach\u00e9, Inicios de sesi\u00f3n activos<\/li><li>Usando el \u201cIntervalo de tiempo para borrar\u201d en el men\u00fa desplegable, selecciona Todo.<\/li><li>Haz clic en Borrar ahora.<\/li><li>Cierra y reinicia el navegador.<\/li><\/ol><p>Puede aceptar o rechazar las cookies individualmente en las Preferencias de Firefox, en la secci\u00f3n Historial disponible en Herramientas &gt; Opciones &gt; Privacidad.<\/p><p>Para m\u00e1s informaci\u00f3n sobre Mozilla Firefox pulse aqu\u00ed:\u00a0<a href=\"https:\/\/www.mozilla.org\/es-ES\/privacy\/websites\/#cookies\">https:\/\/www.mozilla.org\/es-ES\/privacy\/websites\/#cookies<\/a><\/p><p><strong>Safari Versi\u00f3n 5.1<\/strong><\/p><ol><li>Selecciona el icono de Safari \/ Editar | Restaurar Safari.<\/li><li>Selecciona las siguientes casillas de verificaci\u00f3n: Borrar el historial, Eliminar todos los datos de sitio web<\/li><li>Haz clic en Restablecer.<\/li><li>Cierra y reinicia el navegador.<\/li><\/ol><p>Para m\u00e1s informaci\u00f3n sobre Safari pulse aqu\u00ed:\u00a0<a href=\"http:\/\/support.apple.com\/kb\/PH5042\">http:\/\/support.apple.com\/kb\/PH5042<\/a><\/p><p><strong>Opera<\/strong><\/p><p>Opciones \u2013 Avanzado \u2013 Cookies.<br \/>Las opciones de cookies controlan el modo en que Opera los maneja y por lo tanto su aceptaci\u00f3n o rechazo.<\/p><p>Para m\u00e1s informaci\u00f3n sobre \u00d3pera pulse aqu\u00ed:\u00a0<a href=\"http:\/\/help.opera.com\/Linux\/10.60\/es-ES\/cookies.html\">http:\/\/help.opera.com\/Linux\/10.60\/es-ES\/cookies.html<\/a><\/p><p><strong>Otros navegadores<\/strong><\/p><p>Consulte la documentaci\u00f3n del navegador que tenga instalado.<\/p><\/div><\/div><\/div><\/div><\/div><\/section><\/div><\/div><\/div><\/div><\/div>\t\t\t\t<\/div>\n\t\t\t\t\t<\/div>\n\t\t\t\t<\/div>\n\t\t\t\t<\/div>","protected":false},"excerpt":{"rendered":"<p>Pol\u00edtica de uso de cookies Informaci\u00f3n sobre cookies Debido a la entrada en vigor de la referente modificaci\u00f3n de la \u201cLey de Servicios de la Sociedad de la Informaci\u00f3n\u201d (LSSICE) establecida por el Real Decreto 13\/2012, es de obligaci\u00f3n obtener el consentimiento expreso del usuario de todas las p\u00e1ginas web que usan cookies prescindibles, antes [&hellip;]<\/p>\n","protected":false},"author":1,"featured_media":0,"parent":0,"menu_order":0,"comment_status":"closed","ping_status":"closed","template":"","meta":{"footnotes":""},"class_list":["post-1020","page","type-page","status-publish","hentry"],"yoast_head":"<!-- This site is optimized with the Yoast SEO plugin v27.4 - https:\/\/yoast.com\/product\/yoast-seo-wordpress\/ -->\n<title>Pol\u00edtica de cookies - BCAR<\/title>\n<meta name=\"robots\" content=\"noindex, follow, max-snippet:-1, max-image-preview:large, max-video-preview:-1\" \/>\n<meta property=\"og:locale\" content=\"ru_RU\" \/>\n<meta property=\"og:type\" content=\"article\" \/>\n<meta property=\"og:title\" content=\"Pol\u00edtica de cookies - BCAR\" \/>\n<meta property=\"og:description\" content=\"Pol\u00edtica de uso de cookies Informaci\u00f3n sobre cookies Debido a la entrada en vigor de la referente modificaci\u00f3n de la \u201cLey de Servicios de la Sociedad de la Informaci\u00f3n\u201d (LSSICE) establecida por el Real Decreto 13\/2012, es de obligaci\u00f3n obtener el consentimiento expreso del usuario de todas las p\u00e1ginas web que usan cookies prescindibles, antes [&hellip;]\" \/>\n<meta property=\"og:url\" content=\"https:\/\/bcarparts.com\/ru\/politica-de-cookies\/\" \/>\n<meta property=\"og:site_name\" content=\"BCAR\" \/>\n<meta property=\"article:modified_time\" content=\"2026-03-31T09:30:25+00:00\" \/>\n<meta name=\"twitter:card\" content=\"summary_large_image\" \/>\n<meta name=\"twitter:label1\" content=\"\u041f\u0440\u0438\u043c\u0435\u0440\u043d\u043e\u0435 \u0432\u0440\u0435\u043c\u044f \u0434\u043b\u044f \u0447\u0442\u0435\u043d\u0438\u044f\" \/>\n\t<meta name=\"twitter:data1\" content=\"5 \u043c\u0438\u043d\u0443\u0442\" \/>\n<script type=\"application\/ld+json\" class=\"yoast-schema-graph\">{\"@context\":\"https:\\\/\\\/schema.org\",\"@graph\":[{\"@type\":\"WebPage\",\"@id\":\"https:\\\/\\\/bcarparts.com\\\/politica-de-cookies\\\/\",\"url\":\"https:\\\/\\\/bcarparts.com\\\/politica-de-cookies\\\/\",\"name\":\"Pol\u00edtica de cookies - BCAR\",\"isPartOf\":{\"@id\":\"https:\\\/\\\/bcarparts.com\\\/#website\"},\"datePublished\":\"2025-12-23T16:16:39+00:00\",\"dateModified\":\"2026-03-31T09:30:25+00:00\",\"breadcrumb\":{\"@id\":\"https:\\\/\\\/bcarparts.com\\\/politica-de-cookies\\\/#breadcrumb\"},\"inLanguage\":\"ru-RU\",\"potentialAction\":[{\"@type\":\"ReadAction\",\"target\":[\"https:\\\/\\\/bcarparts.com\\\/politica-de-cookies\\\/\"]}]},{\"@type\":\"BreadcrumbList\",\"@id\":\"https:\\\/\\\/bcarparts.com\\\/politica-de-cookies\\\/#breadcrumb\",\"itemListElement\":[{\"@type\":\"ListItem\",\"position\":1,\"name\":\"Home\",\"item\":\"https:\\\/\\\/bcarparts.com\\\/\"},{\"@type\":\"ListItem\",\"position\":2,\"name\":\"Pol\u00edtica de cookies\"}]},{\"@type\":\"WebSite\",\"@id\":\"https:\\\/\\\/bcarparts.com\\\/#website\",\"url\":\"https:\\\/\\\/bcarparts.com\\\/\",\"name\":\"BCAR\",\"description\":\"\",\"publisher\":{\"@id\":\"https:\\\/\\\/bcarparts.com\\\/#organization\"},\"potentialAction\":[{\"@type\":\"SearchAction\",\"target\":{\"@type\":\"EntryPoint\",\"urlTemplate\":\"https:\\\/\\\/bcarparts.com\\\/?s={search_term_string}\"},\"query-input\":{\"@type\":\"PropertyValueSpecification\",\"valueRequired\":true,\"valueName\":\"search_term_string\"}}],\"inLanguage\":\"ru-RU\"},{\"@type\":\"Organization\",\"@id\":\"https:\\\/\\\/bcarparts.com\\\/#organization\",\"name\":\"BCAR\",\"url\":\"https:\\\/\\\/bcarparts.com\\\/\",\"logo\":{\"@type\":\"ImageObject\",\"inLanguage\":\"ru-RU\",\"@id\":\"https:\\\/\\\/bcarparts.com\\\/#\\\/schema\\\/logo\\\/image\\\/\",\"url\":\"https:\\\/\\\/bcarparts.com\\\/wp-content\\\/uploads\\\/2025\\\/11\\\/Logo.png\",\"contentUrl\":\"https:\\\/\\\/bcarparts.com\\\/wp-content\\\/uploads\\\/2025\\\/11\\\/Logo.png\",\"width\":88,\"height\":60,\"caption\":\"BCAR\"},\"image\":{\"@id\":\"https:\\\/\\\/bcarparts.com\\\/#\\\/schema\\\/logo\\\/image\\\/\"}}]}<\/script>\n<!-- \/ Yoast SEO plugin. -->","yoast_head_json":{"title":"\u041f\u043e\u043b\u0438\u0442\u0438\u043a\u0430 \u0438\u0441\u043f\u043e\u043b\u044c\u0437\u043e\u0432\u0430\u043d\u0438\u044f cookie - BCAR","robots":{"index":"noindex","follow":"follow","max-snippet":"max-snippet:-1","max-image-preview":"max-image-preview:large","max-video-preview":"max-video-preview:-1"},"og_locale":"ru_RU","og_type":"article","og_title":"Pol\u00edtica de cookies - BCAR","og_description":"Pol\u00edtica de uso de cookies Informaci\u00f3n sobre cookies Debido a la entrada en vigor de la referente modificaci\u00f3n de la \u201cLey de Servicios de la Sociedad de la Informaci\u00f3n\u201d (LSSICE) establecida por el Real Decreto 13\/2012, es de obligaci\u00f3n obtener el consentimiento expreso del usuario de todas las p\u00e1ginas web que usan cookies prescindibles, antes [&hellip;]","og_url":"https:\/\/bcarparts.com\/ru\/politica-de-cookies\/","og_site_name":"BCAR","article_modified_time":"2026-03-31T09:30:25+00:00","twitter_card":"summary_large_image","twitter_misc":{"\u041f\u0440\u0438\u043c\u0435\u0440\u043d\u043e\u0435 \u0432\u0440\u0435\u043c\u044f \u0434\u043b\u044f \u0447\u0442\u0435\u043d\u0438\u044f":"5 \u043c\u0438\u043d\u0443\u0442"},"schema":{"@context":"https:\/\/schema.org","@graph":[{"@type":"WebPage","@id":"https:\/\/bcarparts.com\/politica-de-cookies\/","url":"https:\/\/bcarparts.com\/politica-de-cookies\/","name":"\u041f\u043e\u043b\u0438\u0442\u0438\u043a\u0430 \u0438\u0441\u043f\u043e\u043b\u044c\u0437\u043e\u0432\u0430\u043d\u0438\u044f cookie - BCAR","isPartOf":{"@id":"https:\/\/bcarparts.com\/#website"},"datePublished":"2025-12-23T16:16:39+00:00","dateModified":"2026-03-31T09:30:25+00:00","breadcrumb":{"@id":"https:\/\/bcarparts.com\/politica-de-cookies\/#breadcrumb"},"inLanguage":"ru-RU","potentialAction":[{"@type":"ReadAction","target":["https:\/\/bcarparts.com\/politica-de-cookies\/"]}]},{"@type":"BreadcrumbList","@id":"https:\/\/bcarparts.com\/politica-de-cookies\/#breadcrumb","itemListElement":[{"@type":"ListItem","position":1,"name":"Home","item":"https:\/\/bcarparts.com\/"},{"@type":"ListItem","position":2,"name":"Pol\u00edtica de cookies"}]},{"@type":"WebSite","@id":"https:\/\/bcarparts.com\/#website","url":"https:\/\/bcarparts.com\/","name":"BCAR","description":"","publisher":{"@id":"https:\/\/bcarparts.com\/#organization"},"potentialAction":[{"@type":"SearchAction","target":{"@type":"EntryPoint","urlTemplate":"https:\/\/bcarparts.com\/?s={search_term_string}"},"query-input":{"@type":"PropertyValueSpecification","valueRequired":true,"valueName":"search_term_string"}}],"inLanguage":"ru-RU"},{"@type":"Organization","@id":"https:\/\/bcarparts.com\/#organization","name":"BCAR","url":"https:\/\/bcarparts.com\/","logo":{"@type":"ImageObject","inLanguage":"ru-RU","@id":"https:\/\/bcarparts.com\/#\/schema\/logo\/image\/","url":"https:\/\/bcarparts.com\/wp-content\/uploads\/2025\/11\/Logo.png","contentUrl":"https:\/\/bcarparts.com\/wp-content\/uploads\/2025\/11\/Logo.png","width":88,"height":60,"caption":"BCAR"},"image":{"@id":"https:\/\/bcarparts.com\/#\/schema\/logo\/image\/"}}]}},"_links":{"self":[{"href":"https:\/\/bcarparts.com\/ru\/wp-json\/wp\/v2\/pages\/1020","targetHints":{"allow":["GET"]}}],"collection":[{"href":"https:\/\/bcarparts.com\/ru\/wp-json\/wp\/v2\/pages"}],"about":[{"href":"https:\/\/bcarparts.com\/ru\/wp-json\/wp\/v2\/types\/page"}],"author":[{"embeddable":true,"href":"https:\/\/bcarparts.com\/ru\/wp-json\/wp\/v2\/users\/1"}],"replies":[{"embeddable":true,"href":"https:\/\/bcarparts.com\/ru\/wp-json\/wp\/v2\/comments?post=1020"}],"version-history":[{"count":13,"href":"https:\/\/bcarparts.com\/ru\/wp-json\/wp\/v2\/pages\/1020\/revisions"}],"predecessor-version":[{"id":23643,"href":"https:\/\/bcarparts.com\/ru\/wp-json\/wp\/v2\/pages\/1020\/revisions\/23643"}],"wp:attachment":[{"href":"https:\/\/bcarparts.com\/ru\/wp-json\/wp\/v2\/media?parent=1020"}],"curies":[{"name":"wp","href":"https:\/\/api.w.org\/{rel}","templated":true}]}}