{"id":1031,"date":"2025-12-23T17:21:43","date_gmt":"2025-12-23T16:21:43","guid":{"rendered":"https:\/\/bcarparts.com\/?page_id=1031"},"modified":"2025-12-23T17:26:06","modified_gmt":"2025-12-23T16:26:06","slug":"aviso-legal","status":"publish","type":"page","link":"https:\/\/bcarparts.com\/it\/aviso-legal\/","title":{"rendered":"Aviso legal"},"content":{"rendered":"<div data-elementor-type=\"wp-page\" data-elementor-id=\"1031\" class=\"elementor elementor-1031\" data-elementor-post-type=\"page\">\n\t\t\t\t<div class=\"elementor-element elementor-element-3f9cced e-flex e-con-boxed e-con e-parent\" data-id=\"3f9cced\" data-element_type=\"container\" data-e-type=\"container\">\n\t\t\t\t\t<div class=\"e-con-inner\">\n\t\t\t\t<div class=\"elementor-element elementor-element-a31021a elementor-widget elementor-widget-tp-adv-text-block\" data-id=\"a31021a\" data-element_type=\"widget\" data-e-type=\"widget\" data-widget_type=\"tp-adv-text-block.default\">\n\t\t\t\t\t<div class=\"pt-plus-text-block-wrapper\" data-tp-gsap-textblock=\"\" ><div class=\"text_block_parallax\"><div class=\"pt_plus_adv_text_block\" ><div class=\"text-content-block\"><h1>Avviso legale<\/h1><div class=\"elementor elementor-12712\" data-elementor-type=\"wp-page\" data-elementor-id=\"12712\" data-elementor-post-type=\"page\"><section class=\"elementor-section elementor-top-section elementor-element elementor-element-29798abe elementor-section-boxed elementor-section-height-default elementor-section-height-default\" data-id=\"29798abe\" data-element_type=\"section\"><div class=\"elementor-container elementor-column-gap-default\"><div class=\"elementor-column elementor-col-100 elementor-top-column elementor-element elementor-element-4b7f4f5b\" data-id=\"4b7f4f5b\" data-element_type=\"column\"><div class=\"elementor-widget-wrap elementor-element-populated\"><div class=\"elementor-element elementor-element-7a91b5a6 elementor-widget elementor-widget-text-editor\" data-id=\"7a91b5a6\" data-element_type=\"widget\" data-widget_type=\"text-editor.default\"><div class=\"elementor-widget-container\"><h2>Legge sui servizi della Societ\u00e0 dell'Informazione (LSSI)<\/h2><p>\u00a0<\/p><p>B CAR AUTO PARTS S.L.U., responsabile del sito web, di seguito RESPONSABILE, mette a disposizione degli utenti il presente documento, con il quale intende adempiere agli obblighi previsti nella Legge 34\/2002, dell'11 luglio, sui Servizi della Societ\u00e0 dell'Informazione e del Commercio Elettronico (LSSICE), BOE N. 166, cos\u00ec come informare tutti gli utenti del sito web riguardo alle condizioni d'uso.<\/p><p>\u00a0<\/p><p>Ogni persona che accede a questo sito web assume il ruolo di utente, impegnandosi all'osservanza e al rigoroso rispetto delle disposizioni qui previste, cos\u00ec come a qualsiasi altra disposizione legale applicabile.<\/p><p>\u00a0<\/p><p><strong>B CAR AUTO PARTS S.L.U.<\/strong>\u00a0si riserva il diritto di modificare qualsiasi tipo di informazione che potrebbe apparire sul sito web, senza che esista l'obbligo di preavvisare o mettere a conoscenza degli utenti tali obblighi, intendendosi come sufficiente la pubblicazione sul sito web di<strong>\u00a0B CAR AUTO PARTS S.L.U.<\/strong><\/p><p>\u00a0<\/p><p>\u00a0<\/p><h2>1. Dati identificativi<\/h2><p>\u00a0<\/p><p>Nome di dominio: www.bcarparts.com<br \/>Nome commerciale: BCAR<br \/>Denominazione sociale: B CAR AUTO PARTS S.L.U.<br \/>P.IVA: ESB65797045<br \/>Indirizzo: Carrer Santal\u00f3 152, 08021, Barcellona, Spagna<\/p><p>\u00a0<\/p><p>Telefono: +34 930 186 286<br \/>Email\u00a0<a href=\"mailto:info@bcarparts.com\">info@bcarparts.com<\/a><br \/>Iscritta nel Registro Mercantile di Barcellona, Tomo 43205, Foglio 99, Foglio 426878, Iscrizione 1\u00aa.<\/p><p>\u00a0<\/p><p>\u00a0<\/p><h2>2. Diritti di propriet\u00e0 intellettuale e industriale<\/h2><p>\u00a0<\/p><p>Il sito web, inclusi a titolo esemplificativo ma non limitativo la sua programmazione, edizione, compilazione e altri elementi necessari per il suo funzionamento, i design, i loghi, il testo e\/o la grafica, sono propriet\u00e0 del RESPONSABILE o, se del caso, dispone di licenza o autorizzazione espressa da parte degli autori. Tutti i contenuti del sito web sono debitamente protetti dalla normativa sulla propriet\u00e0 intellettuale e industriale, cos\u00ec come iscritti nei registri pubblici corrispondenti. Indipendentemente dalla finalit\u00e0 per cui fossero destinati, la riproduzione totale o parziale, uso, sfruttamento, distribuzione e commercializzazione, richiede in ogni caso l'autorizzazione scritta preventiva da parte del RESPONSABILE. Qualsiasi uso non autorizzato preventivamente \u00e8 considerato una grave violazione dei diritti di propriet\u00e0 intellettuale o industriale dell'autore.<\/p><p><br \/>I design, loghi, testo e\/o grafica estranei al RESPONSABILE e che potrebbero apparire sul sito web, appartengono ai rispettivi proprietari, essendo essi stessi responsabili di qualsiasi possibile controversia che potrebbe sorgere riguardo agli stessi. Il RESPONSABILE autorizza espressamente che terzi possano reindirizzare direttamente ai contenuti specifici del sito web e, in ogni caso, reindirizzare al sito web principale di www.bcarparts.com.<\/p><p>\u00a0<\/p><p>Il RESPONSABILE riconosce a favore dei suoi titolari i corrispondenti diritti di propriet\u00e0 intellettuale e industriale, non implicando la sua sola menzione o apparizione sul sito web l'esistenza di diritti o responsabilit\u00e0 alcuna sugli stessi, n\u00e9 tanto meno sostegno, sponsorizzazione o raccomandazione da parte dello stesso.<\/p><p>\u00a0<\/p><p>Per effettuare qualsiasi tipo di osservazione riguardo a possibili violazioni dei diritti di propriet\u00e0 intellettuale o industriale, cos\u00ec come su qualsiasi contenuto del sito web, pu\u00f2 farlo attraverso l'email\u00a0<a href=\"mailto:info@bcarparts.com\">info@bcarparts.com<\/a><\/p><p>\u00a0<\/p><p>\u00a0<\/p><h2>3. Esonero di responsabilit\u00e0<\/h2><p>\u00a0<\/p><p>IL RESPONSABILE si esonera da qualsiasi tipo di responsabilit\u00e0 derivante dalle informazioni pubblicate sul suo sito web sempre che tale informazione sia stata manipolata o introdotta da un terzo estraneo allo stesso.<\/p><p>\u00a0<\/p><p>\u00a0<\/p><h2>Uso dei cookie<\/h2><p>\u00a0<\/p><p>Questo sito web pu\u00f2 utilizzare cookie tecnici (piccoli file di informazioni che il server invia al computer di chi accede alla pagina) per svolgere determinate funzioni che sono considerate imprescindibili per il corretto funzionamento e visualizzazione del sito. I cookie utilizzati hanno, in ogni caso, carattere temporaneo, con l'unica finalit\u00e0 di rendere pi\u00f9 efficace la navigazione, e scompaiono al termine della sessione dell'utente. In nessun caso, questi cookie forniscono di per s\u00e9 dati personali e non saranno utilizzati per la loro raccolta.<\/p><p>\u00a0<\/p><p>Mediante l'uso dei cookie \u00e8 anche possibile che il server dove si trova il sito web riconosca il browser utilizzato dall'utente con la finalit\u00e0 che la navigazione sia pi\u00f9 semplice, permettendo, per esempio, l'accesso degli utenti che si sono registrati preventivamente alle aree, servizi, promozioni o concorsi riservati esclusivamente a loro senza doversi registrare a ogni visita. Possono anche essere utilizzati per misurare l'audience, parametri di traffico, controllare il progresso e il numero di accessi, ecc., essendo in questi casi cookie tecnicamente prescindibili, ma benefici per l'utente. Questo sito web non installer\u00e0 cookie prescindibili senza il consenso preventivo dell'utente.<\/p><p>\u00a0<\/p><p>L'utente ha la possibilit\u00e0 di configurare il suo browser per essere avvisato della ricezione di cookie e per impedirne l'installazione sul suo dispositivo. Si prega di consultare le istruzioni del browser per ampliare queste informazioni.<\/p><p>\u00a0<\/p><p>\u00a0<\/p><h2>Politica dei link<\/h2><p>\u00a0<\/p><p>Dal sito web, \u00e8 possibile che si reindirizzi a contenuti di siti web di terzi. Dato che il RESPONSABILE non pu\u00f2 sempre controllare i contenuti introdotti dai terzi nei rispettivi siti web, non assume alcun tipo di responsabilit\u00e0 riguardo a tali contenuti. In ogni caso, proceder\u00e0 al ritiro immediato di qualsiasi contenuto che potrebbe contravvenire alla legislazione nazionale o internazionale, alla morale o all'ordine pubblico, procedendo al ritiro immediato del reindirizzamento a tale sito web, mettendo a conoscenza delle autorit\u00e0 competenti il contenuto in questione.<\/p><p>\u00a0<\/p><p>IL RESPONSABILE non si fa responsabile delle informazioni e dei contenuti memorizzati, a titolo esemplificativo ma non limitativo, in forum, chat, generatori di blog, commenti, social network o qualsiasi altro mezzo che permetta a terzi di pubblicare contenuti in modo indipendente sulla pagina web del RESPONSABILE. Tuttavia, e in adempimento di quanto previsto negli articoli 11 e 16 della LSSICE, si mette a disposizione di tutti gli utenti, autorit\u00e0 e forze di sicurezza, collaborando in modo attivo nel ritiro o, se del caso, blocco di tutti quei contenuti che possano influire o contravvenire alla legislazione nazionale o internazionale, ai diritti di terzi o alla morale e all'ordine pubblico.<\/p><p>\u00a0<\/p><p>Nel caso in cui l'utente consideri che esiste sul sito web qualche contenuto che potrebbe essere suscettibile di questa classificazione, si prega di notificarlo immediatamente all'amministratore del sito web. Questo sito web \u00e8 stato revisionato e testato per funzionare correttamente. In linea di principio, pu\u00f2 essere garantito il corretto funzionamento 365 giorni all'anno, 24 ore al giorno. Tuttavia, il RESPONSABILE non esclude la possibilit\u00e0 che esistano certi errori di programmazione, o che avvengano cause di forza maggiore, catastrofi naturali, scioperi o circostanze simili che rendano impossibile l'accesso alla pagina web.<\/p><p>\u00a0<\/p><p>\u00a0<\/p><h2>Indirizzi IP<\/h2><p>\u00a0<\/p><p>I server del sito web potranno rilevare automaticamente l'indirizzo IP e il nome di dominio utilizzati dall'utente. Un indirizzo IP \u00e8 un numero assegnato automaticamente a un computer quando questo si connette a Internet. Tutte queste informazioni sono registrate in un file di attivit\u00e0 del server debitamente iscritto che permette il successivo trattamento dei dati al fine di ottenere misurazioni unicamente statistiche che permettano di conoscere il numero di impressioni di pagine, il numero di visite realizzate ai server web, l'ordine delle visite, il punto di accesso, ecc.<\/p><p>\u00a0<\/p><p>\u00a0<\/p><h2>4. Legge applicabile e giurisdizione<\/h2><p>\u00a0<\/p><p>Per la risoluzione di tutte le controversie o questioni relative al presente sito web o alle attivit\u00e0 in esso sviluppate, sar\u00e0 applicabile la legislazione spagnola, alla quale le parti si sottomettono espressamente, essendo competenti per la risoluzione di tutti i conflitti derivati o correlati al suo uso i Tribunali pi\u00f9 vicini a Barcellona.<\/p><\/div><\/div><\/div><\/div><\/div><\/section><\/div><\/div><\/div><\/div><\/div>\t\t\t\t<\/div>\n\t\t\t\t\t<\/div>\n\t\t\t\t<\/div>\n\t\t\t\t<\/div>","protected":false},"excerpt":{"rendered":"<p>AVISO LEGAL Ley de los servicios de la Sociedad de la Informaci\u00f3n (LSSI) \u00a0 B CAR AUTO PARTS S.L.U., responsable del sitio web, en adelante RESPONSABLE, pone a disposici\u00f3n de los usuarios el presente documento, con el que pretende dar cumplimiento a las obligaciones dispuestas en la Ley 34\/2002, de 11 de julio, de Servicios [&hellip;]<\/p>\n","protected":false},"author":1,"featured_media":0,"parent":0,"menu_order":0,"comment_status":"closed","ping_status":"closed","template":"","meta":{"footnotes":""},"class_list":["post-1031","page","type-page","status-publish","hentry"],"yoast_head":"<!-- This site is optimized with the Yoast SEO plugin v27.4 - https:\/\/yoast.com\/product\/yoast-seo-wordpress\/ -->\n<title>Aviso legal - BCAR<\/title>\n<meta name=\"robots\" content=\"noindex, follow, max-snippet:-1, max-image-preview:large, max-video-preview:-1\" \/>\n<meta property=\"og:locale\" content=\"it_IT\" \/>\n<meta property=\"og:type\" content=\"article\" \/>\n<meta property=\"og:title\" content=\"Aviso legal - BCAR\" \/>\n<meta property=\"og:description\" content=\"AVISO LEGAL Ley de los servicios de la Sociedad de la Informaci\u00f3n (LSSI) \u00a0 B CAR AUTO PARTS S.L.U., responsable del sitio web, en adelante RESPONSABLE, pone a disposici\u00f3n de los usuarios el presente documento, con el que pretende dar cumplimiento a las obligaciones dispuestas en la Ley 34\/2002, de 11 de julio, de Servicios [&hellip;]\" \/>\n<meta property=\"og:url\" content=\"https:\/\/bcarparts.com\/it\/aviso-legal\/\" \/>\n<meta property=\"og:site_name\" content=\"BCAR\" \/>\n<meta property=\"article:modified_time\" content=\"2025-12-23T16:26:06+00:00\" \/>\n<meta name=\"twitter:card\" content=\"summary_large_image\" \/>\n<meta name=\"twitter:label1\" content=\"Tempo di lettura stimato\" \/>\n\t<meta name=\"twitter:data1\" content=\"7 minuti\" \/>\n<script type=\"application\/ld+json\" class=\"yoast-schema-graph\">{\"@context\":\"https:\\\/\\\/schema.org\",\"@graph\":[{\"@type\":\"WebPage\",\"@id\":\"https:\\\/\\\/bcarparts.com\\\/aviso-legal\\\/\",\"url\":\"https:\\\/\\\/bcarparts.com\\\/aviso-legal\\\/\",\"name\":\"Aviso legal - BCAR\",\"isPartOf\":{\"@id\":\"https:\\\/\\\/bcarparts.com\\\/#website\"},\"datePublished\":\"2025-12-23T16:21:43+00:00\",\"dateModified\":\"2025-12-23T16:26:06+00:00\",\"breadcrumb\":{\"@id\":\"https:\\\/\\\/bcarparts.com\\\/aviso-legal\\\/#breadcrumb\"},\"inLanguage\":\"it-IT\",\"potentialAction\":[{\"@type\":\"ReadAction\",\"target\":[\"https:\\\/\\\/bcarparts.com\\\/aviso-legal\\\/\"]}]},{\"@type\":\"BreadcrumbList\",\"@id\":\"https:\\\/\\\/bcarparts.com\\\/aviso-legal\\\/#breadcrumb\",\"itemListElement\":[{\"@type\":\"ListItem\",\"position\":1,\"name\":\"Home\",\"item\":\"https:\\\/\\\/bcarparts.com\\\/\"},{\"@type\":\"ListItem\",\"position\":2,\"name\":\"Aviso legal\"}]},{\"@type\":\"WebSite\",\"@id\":\"https:\\\/\\\/bcarparts.com\\\/#website\",\"url\":\"https:\\\/\\\/bcarparts.com\\\/\",\"name\":\"BCAR\",\"description\":\"\",\"publisher\":{\"@id\":\"https:\\\/\\\/bcarparts.com\\\/#organization\"},\"potentialAction\":[{\"@type\":\"SearchAction\",\"target\":{\"@type\":\"EntryPoint\",\"urlTemplate\":\"https:\\\/\\\/bcarparts.com\\\/?s={search_term_string}\"},\"query-input\":{\"@type\":\"PropertyValueSpecification\",\"valueRequired\":true,\"valueName\":\"search_term_string\"}}],\"inLanguage\":\"it-IT\"},{\"@type\":\"Organization\",\"@id\":\"https:\\\/\\\/bcarparts.com\\\/#organization\",\"name\":\"BCAR\",\"url\":\"https:\\\/\\\/bcarparts.com\\\/\",\"logo\":{\"@type\":\"ImageObject\",\"inLanguage\":\"it-IT\",\"@id\":\"https:\\\/\\\/bcarparts.com\\\/#\\\/schema\\\/logo\\\/image\\\/\",\"url\":\"https:\\\/\\\/bcarparts.com\\\/wp-content\\\/uploads\\\/2025\\\/11\\\/Logo.png\",\"contentUrl\":\"https:\\\/\\\/bcarparts.com\\\/wp-content\\\/uploads\\\/2025\\\/11\\\/Logo.png\",\"width\":88,\"height\":60,\"caption\":\"BCAR\"},\"image\":{\"@id\":\"https:\\\/\\\/bcarparts.com\\\/#\\\/schema\\\/logo\\\/image\\\/\"}}]}<\/script>\n<!-- \/ Yoast SEO plugin. -->","yoast_head_json":{"title":"Avviso legale - BCAR","robots":{"index":"noindex","follow":"follow","max-snippet":"max-snippet:-1","max-image-preview":"max-image-preview:large","max-video-preview":"max-video-preview:-1"},"og_locale":"it_IT","og_type":"article","og_title":"Aviso legal - BCAR","og_description":"AVISO LEGAL Ley de los servicios de la Sociedad de la Informaci\u00f3n (LSSI) \u00a0 B CAR AUTO PARTS S.L.U., responsable del sitio web, en adelante RESPONSABLE, pone a disposici\u00f3n de los usuarios el presente documento, con el que pretende dar cumplimiento a las obligaciones dispuestas en la Ley 34\/2002, de 11 de julio, de Servicios [&hellip;]","og_url":"https:\/\/bcarparts.com\/it\/aviso-legal\/","og_site_name":"BCAR","article_modified_time":"2025-12-23T16:26:06+00:00","twitter_card":"summary_large_image","twitter_misc":{"Tempo di lettura stimato":"7 minuti"},"schema":{"@context":"https:\/\/schema.org","@graph":[{"@type":"WebPage","@id":"https:\/\/bcarparts.com\/aviso-legal\/","url":"https:\/\/bcarparts.com\/aviso-legal\/","name":"Avviso legale - BCAR","isPartOf":{"@id":"https:\/\/bcarparts.com\/#website"},"datePublished":"2025-12-23T16:21:43+00:00","dateModified":"2025-12-23T16:26:06+00:00","breadcrumb":{"@id":"https:\/\/bcarparts.com\/aviso-legal\/#breadcrumb"},"inLanguage":"it-IT","potentialAction":[{"@type":"ReadAction","target":["https:\/\/bcarparts.com\/aviso-legal\/"]}]},{"@type":"BreadcrumbList","@id":"https:\/\/bcarparts.com\/aviso-legal\/#breadcrumb","itemListElement":[{"@type":"ListItem","position":1,"name":"Home","item":"https:\/\/bcarparts.com\/"},{"@type":"ListItem","position":2,"name":"Aviso legal"}]},{"@type":"WebSite","@id":"https:\/\/bcarparts.com\/#website","url":"https:\/\/bcarparts.com\/","name":"BCAR","description":"","publisher":{"@id":"https:\/\/bcarparts.com\/#organization"},"potentialAction":[{"@type":"SearchAction","target":{"@type":"EntryPoint","urlTemplate":"https:\/\/bcarparts.com\/?s={search_term_string}"},"query-input":{"@type":"PropertyValueSpecification","valueRequired":true,"valueName":"search_term_string"}}],"inLanguage":"it-IT"},{"@type":"Organization","@id":"https:\/\/bcarparts.com\/#organization","name":"BCAR","url":"https:\/\/bcarparts.com\/","logo":{"@type":"ImageObject","inLanguage":"it-IT","@id":"https:\/\/bcarparts.com\/#\/schema\/logo\/image\/","url":"https:\/\/bcarparts.com\/wp-content\/uploads\/2025\/11\/Logo.png","contentUrl":"https:\/\/bcarparts.com\/wp-content\/uploads\/2025\/11\/Logo.png","width":88,"height":60,"caption":"BCAR"},"image":{"@id":"https:\/\/bcarparts.com\/#\/schema\/logo\/image\/"}}]}},"_links":{"self":[{"href":"https:\/\/bcarparts.com\/it\/wp-json\/wp\/v2\/pages\/1031","targetHints":{"allow":["GET"]}}],"collection":[{"href":"https:\/\/bcarparts.com\/it\/wp-json\/wp\/v2\/pages"}],"about":[{"href":"https:\/\/bcarparts.com\/it\/wp-json\/wp\/v2\/types\/page"}],"author":[{"embeddable":true,"href":"https:\/\/bcarparts.com\/it\/wp-json\/wp\/v2\/users\/1"}],"replies":[{"embeddable":true,"href":"https:\/\/bcarparts.com\/it\/wp-json\/wp\/v2\/comments?post=1031"}],"version-history":[{"count":7,"href":"https:\/\/bcarparts.com\/it\/wp-json\/wp\/v2\/pages\/1031\/revisions"}],"predecessor-version":[{"id":1038,"href":"https:\/\/bcarparts.com\/it\/wp-json\/wp\/v2\/pages\/1031\/revisions\/1038"}],"wp:attachment":[{"href":"https:\/\/bcarparts.com\/it\/wp-json\/wp\/v2\/media?parent=1031"}],"curies":[{"name":"wp","href":"https:\/\/api.w.org\/{rel}","templated":true}]}}