{"id":1020,"date":"2025-12-23T17:16:39","date_gmt":"2025-12-23T16:16:39","guid":{"rendered":"https:\/\/bcarparts.com\/?page_id=1020"},"modified":"2026-03-31T11:30:25","modified_gmt":"2026-03-31T09:30:25","slug":"politica-de-cookies","status":"publish","type":"page","link":"https:\/\/bcarparts.com\/it\/politica-de-cookies\/","title":{"rendered":"Pol\u00edtica de cookies"},"content":{"rendered":"<div data-elementor-type=\"wp-page\" data-elementor-id=\"1020\" class=\"elementor elementor-1020\" data-elementor-post-type=\"page\">\n\t\t\t\t<div class=\"elementor-element elementor-element-25f5052 e-flex e-con-boxed e-con e-parent\" data-id=\"25f5052\" data-element_type=\"container\" data-e-type=\"container\">\n\t\t\t\t\t<div class=\"e-con-inner\">\n\t\t\t\t<div class=\"elementor-element elementor-element-512d984 elementor-widget elementor-widget-tp-adv-text-block\" data-id=\"512d984\" data-element_type=\"widget\" data-e-type=\"widget\" data-widget_type=\"tp-adv-text-block.default\">\n\t\t\t\t\t<div class=\"pt-plus-text-block-wrapper\" data-tp-gsap-textblock=\"\" ><div class=\"text_block_parallax\"><div class=\"pt_plus_adv_text_block\" ><div class=\"text-content-block\"><h1>Politica sui cookie<\/h1><div class=\"elementor elementor-12716\" data-elementor-type=\"wp-page\" data-elementor-id=\"12716\" data-elementor-post-type=\"page\"><section class=\"elementor-section elementor-top-section elementor-element elementor-element-4510d69d elementor-section-boxed elementor-section-height-default elementor-section-height-default\" data-id=\"4510d69d\" data-element_type=\"section\"><div class=\"elementor-container elementor-column-gap-default\"><div class=\"elementor-column elementor-col-100 elementor-top-column elementor-element elementor-element-354ae967\" data-id=\"354ae967\" data-element_type=\"column\"><div class=\"elementor-widget-wrap elementor-element-populated\"><div class=\"elementor-element elementor-element-11277d73 elementor-widget elementor-widget-text-editor\" data-id=\"11277d73\" data-element_type=\"widget\" data-widget_type=\"text-editor.default\"><div class=\"elementor-widget-container\"><h2>Informazioni sui cookie<\/h2><p>A causa dell'entrata in vigore della relativa modifica della \"Legge sui Servizi della Societ\u00e0 dell'Informazione\" (LSSICE) stabilita dal Real Decreto 13\/2012, \u00e8 obbligatorio ottenere il consenso esplicito dell'utente di tutte le pagine web che utilizzano cookie non essenziali, prima che questi navighi su di esse.<\/p><h2>Cosa sono i cookie?<\/h2><p>I cookie e altre tecnologie simili come local shared objects, flash cookie o pixel, sono strumenti utilizzati dai server Web per memorizzare e recuperare informazioni sui loro visitatori, cos\u00ec come per offrire un corretto funzionamento del sito.<\/p><p>Mediante l'uso di questi dispositivi, il server Web pu\u00f2 ricordare alcuni dati riguardanti l'utente, come le sue preferenze per la visualizzazione delle pagine di quel server, nome e password, prodotti che gli interessano di pi\u00f9, ecc.<\/p><h2>Cookie interessati dalla normativa e cookie esclusi<\/h2><p>Secondo la direttiva dell'UE, i cookie che richiedono il consenso informato da parte dell'utente sono i cookie analitici e quelli pubblicitari e di affiliazione, restando esclusi quelli di carattere tecnico e quelli necessari per il funzionamento del sito web o la prestazione di servizi espressamente richiesti dall'utente.<\/p><h2>Quali tipi di cookie esistono?<\/h2><p>Riguardo ai tipi di cookie, esistono cinque grandi gruppi:<\/p><ul><li>Cookie analitici: raccolgono informazioni sull'uso che si fa del sito web.<\/li><li>Cookie sociali: sono quelli necessari per i social network esterni.<\/li><li>Cookie di affiliazione: permettono di tracciare le visite provenienti da altri siti web, con i quali il sito web stabilisce un contratto di affiliazione (societ\u00e0 di affiliazione).<\/li><li>Cookie pubblicitari e comportamentali: raccolgono informazioni sulle preferenze e scelte personali dell'utente (retargeting).<\/li><li>Cookie tecnici e funzionali: sono quelli strettamente necessari per l'uso del sito web e per la prestazione del servizio contrattato.<\/li><\/ul><h2>Cookie utilizzati in questo sito web<\/h2><ul><li class=\"translation-block\">ac_cookies: cookie tecnico e strettamente necessario che contiene il valore di accettazione dell'installazione dei cookie. Scade 1 anno dall'ultimo aggiornamento.<\/li><li class=\"translation-block\">_ga: cookie di Google Analytics che abilita la funzione di controllo delle visite uniche. La prima volta che un utente entra nel sito web attraverso un browser si installer\u00e0 questo cookie. Quando questo utente rientrer\u00e0 nel sito con lo stesso browser, il cookie considerer\u00e0 che \u00e8 lo stesso utente. Solo nel caso in cui l'utente cambi browser, sar\u00e0 considerato un altro utente. Scade 2 anni dall'ultimo aggiornamento.<\/li><li class=\"translation-block\">_gat: Questo cookie \u00e8 associato a Google Analytics Universal. \u00c8 utilizzato per limitare la velocit\u00e0 di richiesta \u2013 la limitazione della raccolta di dati sui siti ad alto traffico. Scade dopo 10 minuti.<\/li><li class=\"translation-block\">_utma: cookie di Google Analytics che registra la data della prima e ultima volta che l'utente ha visitato il sito web. Scade 2 anni dall'ultimo aggiornamento.<\/li><li class=\"translation-block\">_utmb: cookie di Google Analytics che registra l'ora di arrivo alla pagina web. Scade 30 minuti dall'ultimo aggiornamento.<\/li><li class=\"translation-block\">_utmc: cookie di Google Analytics utilizzato per l'interoperabilit\u00e0 con il codice di tracciamento urchin.js. Si elimina alla chiusura del browser.<\/li><li class=\"translation-block\">_utmt: cookie di Google Analytics. Questo cookie \u00e8 utilizzato per elaborare il tipo di richiesta richiesta dall'utente. Scade alla fine della sessione.<\/li><li class=\"translation-block\">_utmv: cookie di Google Analytics. Questo cookie \u00e8 utilizzato per segmentare i dati demografici. Scade alla fine della sessione.<\/li><li class=\"translation-block\">_utmz: cookie di Google Analytics che memorizza la fonte di traffico o una campagna per spiegare come l'utente \u00e8 arrivato al sito web. Scade 6 mesi dall'ultimo aggiornamento.<\/li><\/ul><h2>Revocare il consenso per installare i cookie e come eliminare i cookie dal browser<\/h2><p><strong>Chrome<\/strong><\/p><ol><li>Selecciona el icono de Herramientas<\/li><li>Haz clic en Configuraci\u00f3n.<\/li><li>Haz clic en Mostrar Opciones Avanzadas.<\/li><li>En la secci\u00f3n \u201cPrivacidad\u201d haz clic en Configuraci\u00f3n de contenido.<ul><li>Eliminar cookies: Haz clic en Todas las cookies y los datos de sitios\u2026<\/li><li>No permitir que se almacenen cookies.<\/li><\/ul><\/li><li>Haz clic en Eliminar datos de navegaci\u00f3n (vaciar la Cach\u00e9).<\/li><li>Cierra y reinicia el navegador.<\/li><\/ol><p>Para m\u00e1s informaci\u00f3n sobre Chrome pulse aqu\u00ed:\u00a0<a href=\"https:\/\/support.google.com\/chrome\/answer\/95647?hl=es\">http:\/\/support.google.com\/chrome\/answer\/95647?hl=es<\/a><\/p><p><strong>Internet Explorer. Versi\u00f3n 11<\/strong><\/p><ol><li>Selecciona Herramientas | Opciones de Internet.<\/li><li>Haz clic en la ficha General.<\/li><li>En la secci\u00f3n \u201cHistorial de exploraci\u00f3n\u201d, haz clic en Eliminar el historial de exploraci\u00f3n al salir.<\/li><li>Seleccionar Eliminar archivos.<\/li><li>Seleccionar Eliminar cookies.<\/li><li>Haz clic en Eliminar.<\/li><li>Haz clic en Aceptar.<\/li><li>Cierra y reinicia el navegador.<\/li><\/ol><p>Para m\u00e1s informaci\u00f3n sobre Internet Explorer pulse aqu\u00ed:\u00a0<a href=\"http:\/\/windows.microsoft.com\/es-419\/windows7\/how-to-manage-cookies-in-internet-explorer-9\">http:\/\/windows.microsoft.com\/es-419\/windows7\/how-to-manage-cookies-in-internet-explorer-9<\/a><\/p><p><strong>Firefox. Versi\u00f3n 18<\/strong><\/p><ol><li>Selecciona Firefox | Historial | Limpiar el historial reciente.<\/li><li>Al lado de \u201cDetalles\u201d, haz clic en la flecha hacia abajo.<\/li><li>Selecciona las siguientes casillas de verificaci\u00f3n: Cookies, Cach\u00e9, Inicios de sesi\u00f3n activos<\/li><li>Usando el \u201cIntervalo de tiempo para borrar\u201d en el men\u00fa desplegable, selecciona Todo.<\/li><li>Haz clic en Borrar ahora.<\/li><li>Cierra y reinicia el navegador.<\/li><\/ol><p>Puede aceptar o rechazar las cookies individualmente en las Preferencias de Firefox, en la secci\u00f3n Historial disponible en Herramientas &gt; Opciones &gt; Privacidad.<\/p><p>Para m\u00e1s informaci\u00f3n sobre Mozilla Firefox pulse aqu\u00ed:\u00a0<a href=\"https:\/\/www.mozilla.org\/es-ES\/privacy\/websites\/#cookies\">https:\/\/www.mozilla.org\/es-ES\/privacy\/websites\/#cookies<\/a><\/p><p><strong>Safari Versi\u00f3n 5.1<\/strong><\/p><ol><li>Selecciona el icono de Safari \/ Editar | Restaurar Safari.<\/li><li>Selecciona las siguientes casillas de verificaci\u00f3n: Borrar el historial, Eliminar todos los datos de sitio web<\/li><li>Haz clic en Restablecer.<\/li><li>Cierra y reinicia el navegador.<\/li><\/ol><p>Para m\u00e1s informaci\u00f3n sobre Safari pulse aqu\u00ed:\u00a0<a href=\"http:\/\/support.apple.com\/kb\/PH5042\">http:\/\/support.apple.com\/kb\/PH5042<\/a><\/p><p><strong>Opera<\/strong><\/p><p>Opciones \u2013 Avanzado \u2013 Cookies.<br \/>Las opciones de cookies controlan el modo en que Opera los maneja y por lo tanto su aceptaci\u00f3n o rechazo.<\/p><p>Para m\u00e1s informaci\u00f3n sobre \u00d3pera pulse aqu\u00ed:\u00a0<a href=\"http:\/\/help.opera.com\/Linux\/10.60\/es-ES\/cookies.html\">http:\/\/help.opera.com\/Linux\/10.60\/es-ES\/cookies.html<\/a><\/p><p><strong>Otros navegadores<\/strong><\/p><p>Consulte la documentaci\u00f3n del navegador que tenga instalado.<\/p><\/div><\/div><\/div><\/div><\/div><\/section><\/div><\/div><\/div><\/div><\/div>\t\t\t\t<\/div>\n\t\t\t\t\t<\/div>\n\t\t\t\t<\/div>\n\t\t\t\t<\/div>","protected":false},"excerpt":{"rendered":"<p>Pol\u00edtica de uso de cookies Informaci\u00f3n sobre cookies Debido a la entrada en vigor de la referente modificaci\u00f3n de la \u201cLey de Servicios de la Sociedad de la Informaci\u00f3n\u201d (LSSICE) establecida por el Real Decreto 13\/2012, es de obligaci\u00f3n obtener el consentimiento expreso del usuario de todas las p\u00e1ginas web que usan cookies prescindibles, antes [&hellip;]<\/p>\n","protected":false},"author":1,"featured_media":0,"parent":0,"menu_order":0,"comment_status":"closed","ping_status":"closed","template":"","meta":{"footnotes":""},"class_list":["post-1020","page","type-page","status-publish","hentry"],"yoast_head":"<!-- This site is optimized with the Yoast SEO plugin v27.4 - https:\/\/yoast.com\/product\/yoast-seo-wordpress\/ -->\n<title>Pol\u00edtica de cookies - BCAR<\/title>\n<meta name=\"robots\" content=\"noindex, follow, max-snippet:-1, max-image-preview:large, max-video-preview:-1\" \/>\n<meta property=\"og:locale\" content=\"it_IT\" \/>\n<meta property=\"og:type\" content=\"article\" \/>\n<meta property=\"og:title\" content=\"Pol\u00edtica de cookies - BCAR\" \/>\n<meta property=\"og:description\" content=\"Pol\u00edtica de uso de cookies Informaci\u00f3n sobre cookies Debido a la entrada en vigor de la referente modificaci\u00f3n de la \u201cLey de Servicios de la Sociedad de la Informaci\u00f3n\u201d (LSSICE) establecida por el Real Decreto 13\/2012, es de obligaci\u00f3n obtener el consentimiento expreso del usuario de todas las p\u00e1ginas web que usan cookies prescindibles, antes [&hellip;]\" \/>\n<meta property=\"og:url\" content=\"https:\/\/bcarparts.com\/it\/politica-de-cookies\/\" \/>\n<meta property=\"og:site_name\" content=\"BCAR\" \/>\n<meta property=\"article:modified_time\" content=\"2026-03-31T09:30:25+00:00\" \/>\n<meta name=\"twitter:card\" content=\"summary_large_image\" \/>\n<meta name=\"twitter:label1\" content=\"Tempo di lettura stimato\" \/>\n\t<meta name=\"twitter:data1\" content=\"5 minuti\" \/>\n<script type=\"application\/ld+json\" class=\"yoast-schema-graph\">{\"@context\":\"https:\\\/\\\/schema.org\",\"@graph\":[{\"@type\":\"WebPage\",\"@id\":\"https:\\\/\\\/bcarparts.com\\\/politica-de-cookies\\\/\",\"url\":\"https:\\\/\\\/bcarparts.com\\\/politica-de-cookies\\\/\",\"name\":\"Pol\u00edtica de cookies - BCAR\",\"isPartOf\":{\"@id\":\"https:\\\/\\\/bcarparts.com\\\/#website\"},\"datePublished\":\"2025-12-23T16:16:39+00:00\",\"dateModified\":\"2026-03-31T09:30:25+00:00\",\"breadcrumb\":{\"@id\":\"https:\\\/\\\/bcarparts.com\\\/politica-de-cookies\\\/#breadcrumb\"},\"inLanguage\":\"it-IT\",\"potentialAction\":[{\"@type\":\"ReadAction\",\"target\":[\"https:\\\/\\\/bcarparts.com\\\/politica-de-cookies\\\/\"]}]},{\"@type\":\"BreadcrumbList\",\"@id\":\"https:\\\/\\\/bcarparts.com\\\/politica-de-cookies\\\/#breadcrumb\",\"itemListElement\":[{\"@type\":\"ListItem\",\"position\":1,\"name\":\"Home\",\"item\":\"https:\\\/\\\/bcarparts.com\\\/\"},{\"@type\":\"ListItem\",\"position\":2,\"name\":\"Pol\u00edtica de cookies\"}]},{\"@type\":\"WebSite\",\"@id\":\"https:\\\/\\\/bcarparts.com\\\/#website\",\"url\":\"https:\\\/\\\/bcarparts.com\\\/\",\"name\":\"BCAR\",\"description\":\"\",\"publisher\":{\"@id\":\"https:\\\/\\\/bcarparts.com\\\/#organization\"},\"potentialAction\":[{\"@type\":\"SearchAction\",\"target\":{\"@type\":\"EntryPoint\",\"urlTemplate\":\"https:\\\/\\\/bcarparts.com\\\/?s={search_term_string}\"},\"query-input\":{\"@type\":\"PropertyValueSpecification\",\"valueRequired\":true,\"valueName\":\"search_term_string\"}}],\"inLanguage\":\"it-IT\"},{\"@type\":\"Organization\",\"@id\":\"https:\\\/\\\/bcarparts.com\\\/#organization\",\"name\":\"BCAR\",\"url\":\"https:\\\/\\\/bcarparts.com\\\/\",\"logo\":{\"@type\":\"ImageObject\",\"inLanguage\":\"it-IT\",\"@id\":\"https:\\\/\\\/bcarparts.com\\\/#\\\/schema\\\/logo\\\/image\\\/\",\"url\":\"https:\\\/\\\/bcarparts.com\\\/wp-content\\\/uploads\\\/2025\\\/11\\\/Logo.png\",\"contentUrl\":\"https:\\\/\\\/bcarparts.com\\\/wp-content\\\/uploads\\\/2025\\\/11\\\/Logo.png\",\"width\":88,\"height\":60,\"caption\":\"BCAR\"},\"image\":{\"@id\":\"https:\\\/\\\/bcarparts.com\\\/#\\\/schema\\\/logo\\\/image\\\/\"}}]}<\/script>\n<!-- \/ Yoast SEO plugin. -->","yoast_head_json":{"title":"Politica dei cookie - BCAR","robots":{"index":"noindex","follow":"follow","max-snippet":"max-snippet:-1","max-image-preview":"max-image-preview:large","max-video-preview":"max-video-preview:-1"},"og_locale":"it_IT","og_type":"article","og_title":"Pol\u00edtica de cookies - BCAR","og_description":"Pol\u00edtica de uso de cookies Informaci\u00f3n sobre cookies Debido a la entrada en vigor de la referente modificaci\u00f3n de la \u201cLey de Servicios de la Sociedad de la Informaci\u00f3n\u201d (LSSICE) establecida por el Real Decreto 13\/2012, es de obligaci\u00f3n obtener el consentimiento expreso del usuario de todas las p\u00e1ginas web que usan cookies prescindibles, antes [&hellip;]","og_url":"https:\/\/bcarparts.com\/it\/politica-de-cookies\/","og_site_name":"BCAR","article_modified_time":"2026-03-31T09:30:25+00:00","twitter_card":"summary_large_image","twitter_misc":{"Tempo di lettura stimato":"5 minuti"},"schema":{"@context":"https:\/\/schema.org","@graph":[{"@type":"WebPage","@id":"https:\/\/bcarparts.com\/politica-de-cookies\/","url":"https:\/\/bcarparts.com\/politica-de-cookies\/","name":"Politica dei cookie - BCAR","isPartOf":{"@id":"https:\/\/bcarparts.com\/#website"},"datePublished":"2025-12-23T16:16:39+00:00","dateModified":"2026-03-31T09:30:25+00:00","breadcrumb":{"@id":"https:\/\/bcarparts.com\/politica-de-cookies\/#breadcrumb"},"inLanguage":"it-IT","potentialAction":[{"@type":"ReadAction","target":["https:\/\/bcarparts.com\/politica-de-cookies\/"]}]},{"@type":"BreadcrumbList","@id":"https:\/\/bcarparts.com\/politica-de-cookies\/#breadcrumb","itemListElement":[{"@type":"ListItem","position":1,"name":"Home","item":"https:\/\/bcarparts.com\/"},{"@type":"ListItem","position":2,"name":"Pol\u00edtica de cookies"}]},{"@type":"WebSite","@id":"https:\/\/bcarparts.com\/#website","url":"https:\/\/bcarparts.com\/","name":"BCAR","description":"","publisher":{"@id":"https:\/\/bcarparts.com\/#organization"},"potentialAction":[{"@type":"SearchAction","target":{"@type":"EntryPoint","urlTemplate":"https:\/\/bcarparts.com\/?s={search_term_string}"},"query-input":{"@type":"PropertyValueSpecification","valueRequired":true,"valueName":"search_term_string"}}],"inLanguage":"it-IT"},{"@type":"Organization","@id":"https:\/\/bcarparts.com\/#organization","name":"BCAR","url":"https:\/\/bcarparts.com\/","logo":{"@type":"ImageObject","inLanguage":"it-IT","@id":"https:\/\/bcarparts.com\/#\/schema\/logo\/image\/","url":"https:\/\/bcarparts.com\/wp-content\/uploads\/2025\/11\/Logo.png","contentUrl":"https:\/\/bcarparts.com\/wp-content\/uploads\/2025\/11\/Logo.png","width":88,"height":60,"caption":"BCAR"},"image":{"@id":"https:\/\/bcarparts.com\/#\/schema\/logo\/image\/"}}]}},"_links":{"self":[{"href":"https:\/\/bcarparts.com\/it\/wp-json\/wp\/v2\/pages\/1020","targetHints":{"allow":["GET"]}}],"collection":[{"href":"https:\/\/bcarparts.com\/it\/wp-json\/wp\/v2\/pages"}],"about":[{"href":"https:\/\/bcarparts.com\/it\/wp-json\/wp\/v2\/types\/page"}],"author":[{"embeddable":true,"href":"https:\/\/bcarparts.com\/it\/wp-json\/wp\/v2\/users\/1"}],"replies":[{"embeddable":true,"href":"https:\/\/bcarparts.com\/it\/wp-json\/wp\/v2\/comments?post=1020"}],"version-history":[{"count":13,"href":"https:\/\/bcarparts.com\/it\/wp-json\/wp\/v2\/pages\/1020\/revisions"}],"predecessor-version":[{"id":23643,"href":"https:\/\/bcarparts.com\/it\/wp-json\/wp\/v2\/pages\/1020\/revisions\/23643"}],"wp:attachment":[{"href":"https:\/\/bcarparts.com\/it\/wp-json\/wp\/v2\/media?parent=1020"}],"curies":[{"name":"wp","href":"https:\/\/api.w.org\/{rel}","templated":true}]}}