{"id":1012,"date":"2025-12-23T17:11:28","date_gmt":"2025-12-23T16:11:28","guid":{"rendered":"https:\/\/bcarparts.com\/?page_id=1012"},"modified":"2025-12-23T17:26:24","modified_gmt":"2025-12-23T16:26:24","slug":"politica-de-privacidad","status":"publish","type":"page","link":"https:\/\/bcarparts.com\/it\/politica-de-privacidad\/","title":{"rendered":"politica sulla riservatezza"},"content":{"rendered":"<div data-elementor-type=\"wp-page\" data-elementor-id=\"1012\" class=\"elementor elementor-1012\" data-elementor-post-type=\"page\">\n\t\t\t\t<div class=\"elementor-element elementor-element-99c47b7 e-flex e-con-boxed e-con e-parent\" data-id=\"99c47b7\" data-element_type=\"container\" data-e-type=\"container\">\n\t\t\t\t\t<div class=\"e-con-inner\">\n\t\t\t\t<div class=\"elementor-element elementor-element-f0547b8 elementor-widget elementor-widget-tp-adv-text-block\" data-id=\"f0547b8\" data-element_type=\"widget\" data-e-type=\"widget\" data-widget_type=\"tp-adv-text-block.default\">\n\t\t\t\t\t<div class=\"pt-plus-text-block-wrapper\" data-tp-gsap-textblock=\"\" ><div class=\"text_block_parallax\"><div class=\"pt_plus_adv_text_block\" ><div class=\"text-content-block\"><h1>politica sulla riservatezza<\/h1><div class=\"elementor elementor-3\" data-elementor-type=\"wp-page\" data-elementor-id=\"3\" data-elementor-post-type=\"page\"><section class=\"elementor-section elementor-top-section elementor-element elementor-element-13031e6 elementor-section-boxed elementor-section-height-default elementor-section-height-default\" data-id=\"13031e6\" data-element_type=\"section\"><div class=\"elementor-container elementor-column-gap-default\"><div class=\"elementor-column elementor-col-100 elementor-top-column elementor-element elementor-element-50293f4d\" data-id=\"50293f4d\" data-element_type=\"column\"><div class=\"elementor-widget-wrap elementor-element-populated\"><div class=\"elementor-element elementor-element-1dc7f31c elementor-widget elementor-widget-text-editor\" data-id=\"1dc7f31c\" data-element_type=\"widget\" data-widget_type=\"text-editor.default\"><div class=\"elementor-widget-container\"><h4>Benvenuto a BCAR Auto Parts.<\/h4><p>B CAR AUTO PARTS S.L.U. (di seguito \"BCAR\" o \"noi\"), societ\u00e0 iscritta nel Registro Mercantile di Barcellona, Tomo 43205, Foglio 99, Foglio 426878, Iscrizione 1\u00aa; rispetta la vostra privacy e tratta i vostri dati personali come titolare del trattamento in conformit\u00e0 con il Regolamento Generale sulla Protezione dei Dati (GDPR), legge dell'Unione Europea.<\/p><p>Diamo il benvenuto alla vostra visita e vi ringraziamo per il vostro interesse nel sito web e nei prodotti di BCAR.\u00a0<\/p><p>I dati personali che ci fornite in relazione alla vostra visita al sito web e ai diversi moduli presenti sul sito sono trattati da BCAR, che \u00e8 il titolare del trattamento ai sensi del GDPR.<\/p><p>\u00a0<\/p><h4>In questa informativa sulla privacy spieghiamo:<\/h4><ul><li>quali dati personali raccogliamo e come,<\/li><li>per quali finalit\u00e0 e su quali basi trattiamo i vostri dati personali,<\/li><li>per quanto tempo conserviamo i vostri dati personali,<\/li><li>con chi condividiamo i vostri dati personali,<\/li><li>come sono protetti i vostri dati personali,<\/li><li>i diritti che avete come interessati,<\/li><li>il nostro uso dei cookie,<\/li><li>come potete contattarci<\/li><\/ul><h4>\u00a0<\/h4><h4>Raccolta e trattamento dei dati personali<\/h4><p>Un dato personale \u00e8 l'informazione che vi identifica o vi rende identificabili. Attraverso il sito web, nelle caselle stabilite a tal fine, raccogliamo i dati personali che l'utente ci comunica: Nome, cognome, email, telefono, indirizzo postale, localit\u00e0, ecc.<\/p><p>La visita dell'utente al sito web non implica che debba fornire alcuna informazione sui suoi dati personali. Tuttavia, nel caso in cui li fornisca, i dati saranno trattati in modo lecito nel rispetto in ogni momento dei principi e dei diritti previsti nel GDPR 2016\/679 del 27 aprile 2016 e nella LOPDGDD 3\/2018 del 5 dicembre.<\/p><p>\u00a0<\/p><h4>Uso, finalit\u00e0 del trattamento e legittimazione del trattamento<\/h4><p>I dati che l'utente ci fornisce saranno trattati per le seguenti finalit\u00e0:<\/p><p>\u00a0<\/p><p>Rispondere alla richiesta o petizione effettuata dall'utente attraverso il modulo di contatto presente sul sito web. Raccogliamo e trattiamo i dati personali dell'utente per poter elaborare e gestire la sua richiesta, una consulta o qualsiasi petizione che effettua attraverso tale modulo.<\/p><p>\u00a0<\/p><p>Questi dati li conserveremo per il tempo necessario a dare adempimento alla vostra petizione e durante il tempo stabilito dalla legge con una durata minima di 3 anni. La base di legittimazione del trattamento dei dati sar\u00e0 il consenso che l'utente concede selezionando la casella di accettazione della nostra informativa sulla privacy prima di inviare la petizione. L'utente ha il diritto di revocare il suo consenso in qualsiasi momento senza che ci\u00f2 pregiudichi la liceit\u00e0 del trattamento basato sul consenso prestato prima della sua revoca.<\/p><p>\u00a0<\/p><p>Inviare comunicazioni e newsletter sui prodotti di B CAR AUTO PARTS S.L.U., previo consenso dell'utente, raccogliamo e trattiamo i suoi dati personali per potergli inviare informazioni sui nostri prodotti e servizi. Questi dati li conserveremo finch\u00e9 l'utente non revoca il suo consenso al loro trattamento e durante il tempo stabilito dalla legge con una durata minima di 3 anni.<\/p><p>\u00a0<\/p><p>La base di legittimazione del trattamento dei dati sar\u00e0 il consenso che l'utente concede selezionando la casella di accettazione della nostra informativa sulla privacy prima di iscriversi alla newsletter nel modulo abilitato a tal fine sul sito web. L'utente ha il diritto di revocare il suo consenso in qualsiasi momento senza che ci\u00f2 pregiudichi la liceit\u00e0 del trattamento basato sul consenso prestato prima della sua revoca.<\/p><p>\u00a0<\/p><p>Questi dati li conserveremo finch\u00e9 l'utente non revoca il suo consenso al trattamento degli stessi eliminando i cookie e durante il tempo stabilito dalla legge con una durata minima di 3 anni.<\/p><p>\u00a0<\/p><p>Gestire i nostri social network e inviarvi informazioni sulle nostre attivit\u00e0 e prodotti. Questi dati li conserveremo finch\u00e9 l'utente non revoca il suo consenso al loro trattamento e durante il tempo stabilito dalla legge con una durata minima di 3 anni.<\/p><p>\u00a0<\/p><p>La base legittima per gestire i nostri social network e inviarvi le nostre attivit\u00e0 e novit\u00e0 \u00e8 il consenso che ci concedete a tal fine. L'utente ha il diritto di revocare il suo consenso in qualsiasi momento senza che ci\u00f2 pregiudichi la liceit\u00e0 del trattamento basato sul consenso prestato prima della sua revoca.<\/p><p>\u00a0<\/p><\/div><\/div><div class=\"elementor-element elementor-element-2d9aea0 elementor-widget elementor-widget-text-editor\" data-id=\"2d9aea0\" data-element_type=\"widget\" data-widget_type=\"text-editor.default\"><div class=\"elementor-widget-container\"><h4>Cessione o comunicazione di dati personali e trasferimenti internazionali<\/h4><p>I vostri dati non saranno comunicati n\u00e9 ceduti a terzi salvo che esista qualche obbligo legale o quei fornitori vincolati al Titolare che agiscono come responsabili del trattamento.<\/p><p>Non si effettuano trasferimenti internazionali; nel caso in cui in qualche momento potessero essere effettuati, vi saranno comunicati al fine di ottenere il vostro consenso.<\/p><h4>\u00a0<\/h4><h4>Aggiornamento dei dati<\/h4><p>\u00c8 importante che, affinch\u00e9 possiamo mantenere i dati personali aggiornati, l'utente ci informi sempre quando ci sia stata qualche modifica negli stessi, altrimenti non rispondiamo della loro veridicit\u00e0.<\/p><p>L'utente garantisce che i dati personali forniti sono veritieri, garantendo che tutte le informazioni fornite corrispondono alla situazione reale, che sono aggiornate e sono esatte, restando obbligato a comunicare qualsiasi modifica.<\/p><p>\u00a0<\/p><h4>Dati di terzi<\/h4><p>Se l'utente fornisce dati di terze persone per qualsiasi finalit\u00e0 a B CAR AUTO PARTS S.L.U., garantisce di aver ottenuto tali dati in modo lecito, di aver informato preventivamente gli interessati, ottenendo il loro consenso per comunicarli e che le informazioni fornite sono esatte e veritiere.<\/p><h4>\u00a0<\/h4><h4>Carattere obbligatorio delle informazioni richieste<\/h4><p>Tutti i nostri moduli hanno un asterisco (*) nei dati obbligatori. Se l'utente non fornisce quei campi, o non spunta la casella di accettazione dell'informativa sulla privacy, non sar\u00e0 consentito l'invio delle informazioni.<\/p><h4>\u00a0<\/h4><h4>Diritti come interessato<\/h4><p>Avete il diritto di accedere ai vostri dati e di ottenere conferma sul loro trattamento, cos\u00ec come una copia dei dati personali oggetto di trattamento. Avete il diritto di aggiornarli e richiedere la rettifica dei dati che siano inesatti o richiedere la cancellazione quando i dati non siano necessari per le finalit\u00e0 per le quali sono stati raccolti. Potete richiedere la limitazione nel trattamento dei vostri dati e opporvi al loro trattamento revocando il vostro consenso, cos\u00ec come esercitare il diritto alla portabilit\u00e0 dei dati. Allo stesso modo, avete il diritto a non essere oggetto di decisioni basate unicamente sul trattamento automatizzato dei vostri dati personali. Potete esercitare i vostri diritti contattandoci all'indirizzo email:\u00a0<a href=\"mailto:info@bcarparts.com\">info@bcarparts.com<\/a><\/p><h4>\u00a0<\/h4><h4>Trattamento dei dati dei minori<\/h4><p>Chi fornisce i dati attraverso i moduli di questo sito web e accetta il loro trattamento dichiara di essere maggiore di 14 anni, restando proibito l'accesso e l'uso del portale ai minori di tale et\u00e0. Se in qualche momento il Titolare rileva che un minore di 14 anni ha fornito dati personali, procederemo alla loro cancellazione. Allo stesso modo, i genitori o tutori potranno in qualsiasi caso rivolgersi a B CAR AUTO PARTS S.L.U. per bloccare l'account di accesso dei minori a loro carico che si fossero registrati falsificando la loro identit\u00e0.<\/p><\/div><\/div><div class=\"elementor-element elementor-element-d6ec3b4 elementor-widget elementor-widget-text-editor\" data-id=\"d6ec3b4\" data-element_type=\"widget\" data-widget_type=\"text-editor.default\"><div class=\"elementor-widget-container\"><h4>Cookie e tecnologie simili<br \/>\u00a0<\/h4><h4>Informazioni generali<\/h4><p>Utilizziamo i cookie per migliorare la qualit\u00e0, la sicurezza e la velocit\u00e0 della vostra ricerca di informazioni e per scopi pubblicitari.<\/p><p>Un cookie \u00e8 un file di testo che contiene informazioni raccolte dal vostro computer o dispositivo mobile quando visitate un sito web. I cookie vengono inviati nuovamente al sito web di origine (o a un altro sito web che li riconosca) ogni volta che li visitate.<\/p><p>I cookie sono memorizzati nella memoria del vostro dispositivo (computer, telefono, ecc.); consentono di utilizzare tutte le funzioni del sito web e non modificano le impostazioni del vostro dispositivo.<\/p><p>\u00a0<\/p><h4>Utilizzando le opzioni appropriate del vostro browser, potete in qualsiasi momento:<\/h4><ul><li>eliminare i cookie<\/li><li>bloccare l'uso dei cookie in futuro<\/li><\/ul><h4>In questo sito web i cookie sono utilizzati per:<\/h4><ul><li>memorizzare informazioni sulla vostra sessione<\/li><li>scopi statistici<\/li><li>scopi di marketing<\/li><li>rendere disponibili le funzioni del sito web<\/li><\/ul><p>Per imparare come gestire i cookie, incluso il modo di disabilitare il loro uso nel vostro browser, potete consultare il file di aiuto del vostro browser. Inoltre, troverete istruzioni pertinenti nelle seguenti pagine, a seconda del browser che state utilizzando:<\/p><ul><li>Chrome<\/li><li>Firefox<\/li><li>Safari<\/li><li>Microsoft Edge<\/li><li>O qualsiasi altro browser che utilizziate<\/li><\/ul><p>Potete trovare maggiori informazioni sui cookie su\u00a0<a href=\"https:\/\/en.wikipedia.org\/wiki\/HTTP_cookie\">wikipedia<\/a>.<\/p><p>\u00c8 possibile bloccare, eliminare o disattivare i cookie, utilizzando le impostazioni di navigazione appropriate sul vostro dispositivo, sempre che il vostro dispositivo lo permetta. Se bloccate o disattivate le tecnologie sopra menzionate, potrete ancora utilizzare alcune funzioni sui nostri siti web. Tuttavia, alcune funzioni utili non funzioneranno senza cookie attivi. Inoltre, se i cookie sono disattivati, \u00e8 possibile che dobbiate inserire la vostra password pi\u00f9 frequentemente durante la navigazione.<\/p><p>\u00a0<\/p><h4>Quali cookie utilizziamo?<\/h4><ul><li>\u00a0\u2022\ttecnologie \"solo sessione\", che funzionano sul vostro dispositivo solo durante la durata della vostra sessione di navigazione<\/li><li>\u2022\ttecnologie di terze parti da siti terzi diversi da questo sito web<\/li><\/ul><p>Si prega di notare che non raccogliamo n\u00e9 memorizziamo le vostre informazioni personali attraverso cookie o tecnologie simili.<\/p><p>\u00a0<\/p><h4>Google Analytics<\/h4><p>Utilizziamo i servizi di analisi di Google Analytics 4 forniti da Google Inc. al fine di migliorare continuamente il nostro sito web. Per motivi di sicurezza dei dati, viene inviato un indirizzo IP dell'utente anonimizzato ai server di Google. Google svolge attivit\u00e0 per conto di BCAR nell'ambito dell'analisi dell'uso del sito web, della preparazione di report sull'attivit\u00e0 del sito web e della fornitura di servizi aggiuntivi relativi all'uso del sito web e di Internet.<\/p><p>Inoltre, utilizziamo i report di Google Analytics per analizzare informazioni anonime sulla demografia (come et\u00e0 e sesso) e gli interessi dei visitatori del nostro sito web, cos\u00ec come per analizzare l'efficacia degli annunci da noi inseriti su altri siti web.\u00a0<\/p><\/div><\/div><div class=\"elementor-element elementor-element-b934cfc elementor-widget elementor-widget-text-editor\" data-id=\"b934cfc\" data-element_type=\"widget\" data-widget_type=\"text-editor.default\"><div class=\"elementor-widget-container\"><h4>Contatti<\/h4><p>Se avete qualche suggerimento o non siete soddisfatti del modo in cui gestiamo le vostre informazioni personali, contattateci. Se, nonostante i nostri migliori sforzi per garantire l'esattezza dei dati, scopriamo errori nei nostri database, apporteremo le correzioni appropriate su vostra richiesta. Vi raccomandiamo di contattarci se avete dubbi sui vostri diritti o preoccupazioni:<\/p><blockquote><p>Email: info@bcarparts.com\u00a0<br \/>Telefono: +34 930 186 286<br \/>Indirizzo: Carrer Santal\u00f3 152, 08021,<br \/>Barcellona, Spagna<\/p><\/blockquote><p>Questa Informativa sulla privacy \u00e8 stata aggiornata l'ultima volta il 2 gennaio 2026.<\/p><\/div><\/div><\/div><\/div><\/div><\/section><\/div><\/div><\/div><\/div><\/div>\t\t\t\t<\/div>\n\t\t\t\t\t<\/div>\n\t\t\t\t<\/div>\n\t\t\t\t<\/div>","protected":false},"excerpt":{"rendered":"<p>Pol\u00edtica de privacidad Bienvenido a BCAR Auto Parts. B CAR AUTO PARTS S.L.U. (en adelante, \u201cBCAR\u201d o \u201cnosotros\u201d), empresa inscrita en el Registro Mercantil de Registro Mercantil de Barcelona, Tomo 43205, Folio 99, Hoja 426878, Inscripci\u00f3n 1\u00aa; respeta su privacidad y procesa sus datos personales como controlador de datos de acuerdo con el Reglamento General [&hellip;]<\/p>\n","protected":false},"author":1,"featured_media":0,"parent":0,"menu_order":0,"comment_status":"closed","ping_status":"closed","template":"","meta":{"footnotes":""},"class_list":["post-1012","page","type-page","status-publish","hentry"],"yoast_head":"<!-- This site is optimized with the Yoast SEO plugin v27.4 - https:\/\/yoast.com\/product\/yoast-seo-wordpress\/ -->\n<title>Pol\u00edtica de privacidad - BCAR<\/title>\n<meta name=\"robots\" content=\"noindex, follow, max-snippet:-1, max-image-preview:large, max-video-preview:-1\" \/>\n<meta property=\"og:locale\" content=\"it_IT\" \/>\n<meta property=\"og:type\" content=\"article\" \/>\n<meta property=\"og:title\" content=\"Pol\u00edtica de privacidad - BCAR\" \/>\n<meta property=\"og:description\" content=\"Pol\u00edtica de privacidad Bienvenido a BCAR Auto Parts. B CAR AUTO PARTS S.L.U. (en adelante, \u201cBCAR\u201d o \u201cnosotros\u201d), empresa inscrita en el Registro Mercantil de Registro Mercantil de Barcelona, Tomo 43205, Folio 99, Hoja 426878, Inscripci\u00f3n 1\u00aa; respeta su privacidad y procesa sus datos personales como controlador de datos de acuerdo con el Reglamento General [&hellip;]\" \/>\n<meta property=\"og:url\" content=\"https:\/\/bcarparts.com\/it\/politica-de-privacidad\/\" \/>\n<meta property=\"og:site_name\" content=\"BCAR\" \/>\n<meta property=\"article:modified_time\" content=\"2025-12-23T16:26:24+00:00\" \/>\n<meta name=\"twitter:card\" content=\"summary_large_image\" \/>\n<meta name=\"twitter:label1\" content=\"Tempo di lettura stimato\" \/>\n\t<meta name=\"twitter:data1\" content=\"9 minuti\" \/>\n<script type=\"application\/ld+json\" class=\"yoast-schema-graph\">{\"@context\":\"https:\\\/\\\/schema.org\",\"@graph\":[{\"@type\":\"WebPage\",\"@id\":\"https:\\\/\\\/bcarparts.com\\\/politica-de-privacidad\\\/\",\"url\":\"https:\\\/\\\/bcarparts.com\\\/politica-de-privacidad\\\/\",\"name\":\"Pol\u00edtica de privacidad - BCAR\",\"isPartOf\":{\"@id\":\"https:\\\/\\\/bcarparts.com\\\/#website\"},\"datePublished\":\"2025-12-23T16:11:28+00:00\",\"dateModified\":\"2025-12-23T16:26:24+00:00\",\"breadcrumb\":{\"@id\":\"https:\\\/\\\/bcarparts.com\\\/politica-de-privacidad\\\/#breadcrumb\"},\"inLanguage\":\"it-IT\",\"potentialAction\":[{\"@type\":\"ReadAction\",\"target\":[\"https:\\\/\\\/bcarparts.com\\\/politica-de-privacidad\\\/\"]}]},{\"@type\":\"BreadcrumbList\",\"@id\":\"https:\\\/\\\/bcarparts.com\\\/politica-de-privacidad\\\/#breadcrumb\",\"itemListElement\":[{\"@type\":\"ListItem\",\"position\":1,\"name\":\"Home\",\"item\":\"https:\\\/\\\/bcarparts.com\\\/\"},{\"@type\":\"ListItem\",\"position\":2,\"name\":\"Pol\u00edtica de privacidad\"}]},{\"@type\":\"WebSite\",\"@id\":\"https:\\\/\\\/bcarparts.com\\\/#website\",\"url\":\"https:\\\/\\\/bcarparts.com\\\/\",\"name\":\"BCAR\",\"description\":\"\",\"publisher\":{\"@id\":\"https:\\\/\\\/bcarparts.com\\\/#organization\"},\"potentialAction\":[{\"@type\":\"SearchAction\",\"target\":{\"@type\":\"EntryPoint\",\"urlTemplate\":\"https:\\\/\\\/bcarparts.com\\\/?s={search_term_string}\"},\"query-input\":{\"@type\":\"PropertyValueSpecification\",\"valueRequired\":true,\"valueName\":\"search_term_string\"}}],\"inLanguage\":\"it-IT\"},{\"@type\":\"Organization\",\"@id\":\"https:\\\/\\\/bcarparts.com\\\/#organization\",\"name\":\"BCAR\",\"url\":\"https:\\\/\\\/bcarparts.com\\\/\",\"logo\":{\"@type\":\"ImageObject\",\"inLanguage\":\"it-IT\",\"@id\":\"https:\\\/\\\/bcarparts.com\\\/#\\\/schema\\\/logo\\\/image\\\/\",\"url\":\"https:\\\/\\\/bcarparts.com\\\/wp-content\\\/uploads\\\/2025\\\/11\\\/Logo.png\",\"contentUrl\":\"https:\\\/\\\/bcarparts.com\\\/wp-content\\\/uploads\\\/2025\\\/11\\\/Logo.png\",\"width\":88,\"height\":60,\"caption\":\"BCAR\"},\"image\":{\"@id\":\"https:\\\/\\\/bcarparts.com\\\/#\\\/schema\\\/logo\\\/image\\\/\"}}]}<\/script>\n<!-- \/ Yoast SEO plugin. -->","yoast_head_json":{"title":"Informativa sulla privacy - BCAR","robots":{"index":"noindex","follow":"follow","max-snippet":"max-snippet:-1","max-image-preview":"max-image-preview:large","max-video-preview":"max-video-preview:-1"},"og_locale":"it_IT","og_type":"article","og_title":"Pol\u00edtica de privacidad - BCAR","og_description":"Pol\u00edtica de privacidad Bienvenido a BCAR Auto Parts. B CAR AUTO PARTS S.L.U. (en adelante, \u201cBCAR\u201d o \u201cnosotros\u201d), empresa inscrita en el Registro Mercantil de Registro Mercantil de Barcelona, Tomo 43205, Folio 99, Hoja 426878, Inscripci\u00f3n 1\u00aa; respeta su privacidad y procesa sus datos personales como controlador de datos de acuerdo con el Reglamento General [&hellip;]","og_url":"https:\/\/bcarparts.com\/it\/politica-de-privacidad\/","og_site_name":"BCAR","article_modified_time":"2025-12-23T16:26:24+00:00","twitter_card":"summary_large_image","twitter_misc":{"Tempo di lettura stimato":"9 minuti"},"schema":{"@context":"https:\/\/schema.org","@graph":[{"@type":"WebPage","@id":"https:\/\/bcarparts.com\/politica-de-privacidad\/","url":"https:\/\/bcarparts.com\/politica-de-privacidad\/","name":"Informativa sulla privacy - BCAR","isPartOf":{"@id":"https:\/\/bcarparts.com\/#website"},"datePublished":"2025-12-23T16:11:28+00:00","dateModified":"2025-12-23T16:26:24+00:00","breadcrumb":{"@id":"https:\/\/bcarparts.com\/politica-de-privacidad\/#breadcrumb"},"inLanguage":"it-IT","potentialAction":[{"@type":"ReadAction","target":["https:\/\/bcarparts.com\/politica-de-privacidad\/"]}]},{"@type":"BreadcrumbList","@id":"https:\/\/bcarparts.com\/politica-de-privacidad\/#breadcrumb","itemListElement":[{"@type":"ListItem","position":1,"name":"Home","item":"https:\/\/bcarparts.com\/"},{"@type":"ListItem","position":2,"name":"Pol\u00edtica de privacidad"}]},{"@type":"WebSite","@id":"https:\/\/bcarparts.com\/#website","url":"https:\/\/bcarparts.com\/","name":"BCAR","description":"","publisher":{"@id":"https:\/\/bcarparts.com\/#organization"},"potentialAction":[{"@type":"SearchAction","target":{"@type":"EntryPoint","urlTemplate":"https:\/\/bcarparts.com\/?s={search_term_string}"},"query-input":{"@type":"PropertyValueSpecification","valueRequired":true,"valueName":"search_term_string"}}],"inLanguage":"it-IT"},{"@type":"Organization","@id":"https:\/\/bcarparts.com\/#organization","name":"BCAR","url":"https:\/\/bcarparts.com\/","logo":{"@type":"ImageObject","inLanguage":"it-IT","@id":"https:\/\/bcarparts.com\/#\/schema\/logo\/image\/","url":"https:\/\/bcarparts.com\/wp-content\/uploads\/2025\/11\/Logo.png","contentUrl":"https:\/\/bcarparts.com\/wp-content\/uploads\/2025\/11\/Logo.png","width":88,"height":60,"caption":"BCAR"},"image":{"@id":"https:\/\/bcarparts.com\/#\/schema\/logo\/image\/"}}]}},"_links":{"self":[{"href":"https:\/\/bcarparts.com\/it\/wp-json\/wp\/v2\/pages\/1012","targetHints":{"allow":["GET"]}}],"collection":[{"href":"https:\/\/bcarparts.com\/it\/wp-json\/wp\/v2\/pages"}],"about":[{"href":"https:\/\/bcarparts.com\/it\/wp-json\/wp\/v2\/types\/page"}],"author":[{"embeddable":true,"href":"https:\/\/bcarparts.com\/it\/wp-json\/wp\/v2\/users\/1"}],"replies":[{"embeddable":true,"href":"https:\/\/bcarparts.com\/it\/wp-json\/wp\/v2\/comments?post=1012"}],"version-history":[{"count":13,"href":"https:\/\/bcarparts.com\/it\/wp-json\/wp\/v2\/pages\/1012\/revisions"}],"predecessor-version":[{"id":1041,"href":"https:\/\/bcarparts.com\/it\/wp-json\/wp\/v2\/pages\/1012\/revisions\/1041"}],"wp:attachment":[{"href":"https:\/\/bcarparts.com\/it\/wp-json\/wp\/v2\/media?parent=1012"}],"curies":[{"name":"wp","href":"https:\/\/api.w.org\/{rel}","templated":true}]}}