{"id":1020,"date":"2025-12-23T17:16:39","date_gmt":"2025-12-23T16:16:39","guid":{"rendered":"https:\/\/bcarparts.com\/?page_id=1020"},"modified":"2026-03-31T11:30:25","modified_gmt":"2026-03-31T09:30:25","slug":"politica-de-cookies","status":"publish","type":"page","link":"https:\/\/bcarparts.com\/fr\/politica-de-cookies\/","title":{"rendered":"Pol\u00edtica de cookies"},"content":{"rendered":"<div data-elementor-type=\"wp-page\" data-elementor-id=\"1020\" class=\"elementor elementor-1020\" data-elementor-post-type=\"page\">\n\t\t\t\t<div class=\"elementor-element elementor-element-25f5052 e-flex e-con-boxed e-con e-parent\" data-id=\"25f5052\" data-element_type=\"container\" data-e-type=\"container\">\n\t\t\t\t\t<div class=\"e-con-inner\">\n\t\t\t\t<div class=\"elementor-element elementor-element-512d984 elementor-widget elementor-widget-tp-adv-text-block\" data-id=\"512d984\" data-element_type=\"widget\" data-e-type=\"widget\" data-widget_type=\"tp-adv-text-block.default\">\n\t\t\t\t\t<div class=\"pt-plus-text-block-wrapper\" data-tp-gsap-textblock=\"\" ><div class=\"text_block_parallax\"><div class=\"pt_plus_adv_text_block\" ><div class=\"text-content-block\"><h1>Politique de cookies<\/h1><div class=\"elementor elementor-12716\" data-elementor-type=\"wp-page\" data-elementor-id=\"12716\" data-elementor-post-type=\"page\"><section class=\"elementor-section elementor-top-section elementor-element elementor-element-4510d69d elementor-section-boxed elementor-section-height-default elementor-section-height-default\" data-id=\"4510d69d\" data-element_type=\"section\"><div class=\"elementor-container elementor-column-gap-default\"><div class=\"elementor-column elementor-col-100 elementor-top-column elementor-element elementor-element-354ae967\" data-id=\"354ae967\" data-element_type=\"column\"><div class=\"elementor-widget-wrap elementor-element-populated\"><div class=\"elementor-element elementor-element-11277d73 elementor-widget elementor-widget-text-editor\" data-id=\"11277d73\" data-element_type=\"widget\" data-widget_type=\"text-editor.default\"><div class=\"elementor-widget-container\"><h2>Information sur les cookies<\/h2><p>Avec l\u2019entr\u00e9e en vigueur de la modification de la loi espagnole relative \u00ab aux services de la soci\u00e9t\u00e9 de l\u2019information \u00bb (LSSICE) \u00e9tablie par le d\u00e9cret royal 13\/2012, il est obligatoire d\u2019obtenir le consentement expr\u00e8s de l\u2019utilisateur de tous les sites web qui utilisent des cookies non indispensables, avant que celui-ci ne d\u00e9bute la navigation.<\/p><h2>Que sont les cookies ?<\/h2><p>Les cookies et autres technologies similaires tels que les local shared objects, les flash cookies ou les pixels de suivi, sont des outils employ\u00e9s par les serveurs web pour stocker et r\u00e9utiliser des informations relatives aux visiteurs, ainsi que pour offrir un correct fonctionnement du site.<\/p><p>Gr\u00e2ce \u00e0 l\u2019utilisation de ces dispositifs, le serveur est capable de garder en m\u00e9moire certaines donn\u00e9es concernant l\u2019utilisateur, comme par exemple ses pr\u00e9f\u00e9rences pour la visualisation des pages sur ce serveur, son nom et son mot de passe, les produits qui l\u2019int\u00e9ressent le plus, etc.<\/p><h2>Cookies concern\u00e9s par la r\u00e8glementation et cookies exempt\u00e9s de consentement<\/h2><p>Selon la directive de l\u2019UE, les cookies devant obligatoirement obtenir le consentement \u00e9clair\u00e9 de l\u2019utilisateur sont les cookies de mesure d\u2019audience, de publicit\u00e9 et d\u2019affiliation ; les cookies techniques et ceux \u00e9tant n\u00e9cessaires au bon fonctionnement du site web ou \u00e0 la prestation des services express\u00e9ment sollicit\u00e9s par l\u2019utilisateur en sont, quant \u00e0 eux, exempt\u00e9s.<\/p><h2>Quels types de cookies existent ?<\/h2><p>Il existe cinq grands groupes de cookies :<\/p><ul><li>Cookies de mesure d\u2019audience (analytics) : ils recueillent des informations sur l\u2019usage qui est fait du site web.<\/li><li>Cookies de r\u00e9seaux sociaux : ils sont n\u00e9cessaires pour les r\u00e9seaux sociaux externes.<\/li><li>Cookies d\u2019affiliation : ils permettent de r\u00e9aliser un suivi des visites en provenance d\u2019autres webs, avec lesquels le site \u00e9tablit un contrat d\u2019affiliation (entreprises d\u2019affiliation).<\/li><li>Cookies de publicit\u00e9 et comportementaux : ils recueillent des informations sur les pr\u00e9f\u00e9rences et les choix personnels de l\u2019usager (retargeting).<\/li><li>Cookies techniques et fonctionnels : ils sont strictement n\u00e9cessaires pour l\u2019utilisation du site web et pour la prestation du service demand\u00e9.<\/li><\/ul><h2>Cookies utilis\u00e9s sur ce site web<\/h2><ul><li class=\"translation-block\">ac_cookies : cookie technique strictement n\u00e9cessaire qui contient la valeur correspondant \u00e0 l\u2019acceptation ou non de l\u2019installation des cookies. Il expire un an apr\u00e8s la derni\u00e8re mise \u00e0 jour.<\/li><li class=\"translation-block\">_ga : cookie de Google Analytics qui active la fonction de contr\u00f4le des visites uniques. Ce cookie s\u2019installe la premi\u00e8re fois que l\u2019utilisateur entre sur le site web \u00e0 travers un navigateur. Lorsque cet utilisateur entrera \u00e0 nouveau avec le m\u00eame navigateur, le cookie consid\u00e9rera qu\u2019il s\u2019agit du m\u00eame utilisateur. C\u2019est uniquement si celui-ci change de navigateur qu\u2019il sera consid\u00e9r\u00e9 comme un utilisateur diff\u00e9rent. Il expire deux ans apr\u00e8s la derni\u00e8re mise \u00e0 jour.<\/li><li class=\"translation-block\">_gat : Ce cookie est associ\u00e9 \u00e0 Google Analytics Universal. Il s\u2019utilise pour ralentir le taux de demandes \u2013 la limitation de la r\u00e9ception des donn\u00e9es sur les sites tr\u00e8s fr\u00e9quent\u00e9s. Il expire au bout de 10  minutes.<\/li><li class=\"translation-block\">_utma: cookie de Google Analytics qui enregistre la premi\u00e8re et derni\u00e8re fois que l\u2019utilisateur a visit\u00e9 ce site web. Il expire au bout de 2 ans apr\u00e8s la derni\u00e8re utilisation.<\/li><li class=\"translation-block\">_utmb: cookie de Google Analytics qui enregistre l\u2019heure d\u2019arriv\u00e9e sur le site web. Il expire au bout de 30 minutes \u00e0 partir de la derni\u00e8re actualisation.<\/li><li class=\"translation-block\">_utmc: cookie de Google Analytics utilis\u00e9 pour l\u2019interop\u00e9rabilit\u00e9 avec le code de suivi urchin.js. Il est supprim\u00e9 en fermant le navigateur.<\/li><li class=\"translation-block\">_utmt: cookie de Google Analytics. Ce cookie est utilis\u00e9 pour traiter le type de demande r\u00e9alis\u00e9e par l\u2019utilisateur. Il expire \u00e0 la fin de la session.<\/li><li class=\"translation-block\">_utmv: cookie Google Analytics. Ce cookie est utilis\u00e9 pour segmenter les donn\u00e9es d\u00e9mographiques. Il est supprim\u00e9 en fermant le navigateur.<\/li><li class=\"translation-block\">_utmz: cookie de Google Analytics qui stocke la source de trafic ou une campagne pour expliquer comment l\u2019utilisateur a atteint le site Web. Il expire 6 mois apr\u00e8s la derni\u00e8re actualisation.<\/li><\/ul><h2>R\u00e9vocation du consentement pour l\u2019installation de cookies comment \u00e9liminer les cookies du navigateur<\/h2><p><strong>Chrome<\/strong><\/p><ol><li>Dans l\u2019angle sup\u00e9rieur droit cliquez sur Plus &gt;<\/li><li>Cliquez sur Param\u00e8tres<\/li><li>Cliquez sur Param\u00e8tres avanc\u00e9s<\/li><li>Dans la section \u00ab Confidentialit\u00e9 et s\u00e9curit\u00e9 \u00bb cliquez sur Param\u00e8tres de site<ul><li>\u00c9liminer les cookies : cliquez sur Cookies &gt; Afficher l\u2019ensemble des cookies et donn\u00e9es du site &gt; Tout supprimer<\/li><li>Ne pas permettre le stockage des cookies<\/li><\/ul><\/li><li>Cliquez sur \u00c9liminer les donn\u00e9es de navigation (vider le Cache).<\/li><li>Fermez et red\u00e9marrez le navigateur.<\/li><\/ol><p>Pour plus d\u2019informations sur Chrome, cliquez sur le lien suivant :\u00a0<a href=\"https:\/\/support.google.com\/chrome\/answer\/95647?hl=es\">https:\/\/support.google.com\/chrome\/answer\/95647?hl=fr<\/a><\/p><p><strong>Internet Explorer. Version 11<\/strong><\/p><ol><li>S\u00e9lectionnez Outils | Options Internet<\/li><li>Cliquez sur l\u2019onglet G\u00e9n\u00e9ral<\/li><li>Dans la section \u00ab Historique de navigation \u00bb, cliquez sur Supprimer l\u2019historique de navigation en sortant<\/li><li>S\u00e9lectionnez Supprimer les fichiers<\/li><li>S\u00e9lectionnez Supprimer les cookies<\/li><li>Cliquez sur Supprimer<\/li><li>Cliquez sur Accepter<\/li><li>Fermez et red\u00e9marrez le navigateur.<\/li><\/ol><p>Pour plus d\u2019informations sur Internet Explorer, cliquez sur le lient suivant :\u00a0<a href=\"https:\/\/support.microsoft.com\/es-es\/windows\/cambiar-la-configuracin-de-seguridad-y-privacidad-de-internet-explorer-11-9528b011-664c-b771-d757-43a2b78b2afe\">https:\/\/support.microsoft.com\/es-es\/windows\/cambiar-la-configuracin-de-seguridad-y-privacidad-de-internet-explorer-11-9528b011-664c-b771-d757-43a2b78b2afe<\/a><\/p><p><strong>Firefox. Version 18<\/strong><\/p><ol><li>S\u00e9lectionnez Firefox |  Historique |  Effacer l\u2019historique recent<\/li><li>A cot\u00e9 de \u201cDetails\u201d cliquez sur la fl\u00e8che vers le bas<\/li><li>S\u00e9lectionnez les donn\u00e9es \u00e0 supprimer suivantes : Cookies, Cache et Connexions actives<\/li><li>En utilisant l\u2019 \u00ab intervalle \u00e0 effacer \u00bb du menu d\u00e9roulant, s\u00e9lectionnez Tout<\/li><li>Cliquez sur Effacer maintenant<\/li><li>Fermez et red\u00e9marrez le navigateur.<\/li><\/ol><p>Vous pouvez accepter ou refuser les cookies individuellement dans les Pr\u00e9f\u00e9rences de Firefox, dans la section Historique accessible en allant sur Outils &gt; Options &gt; Confidentialit\u00e9 et s\u00e9curit\u00e9.<\/p><p>Pour plus d\u2019informations sur Mozilla Firefox, cliquez sur le lien suivant :\u00a0<a href=\"https:\/\/www.mozilla.org\/es-ES\/privacy\/websites\/#cookies\">https:\/\/www.mozilla.org\/es-ES\/privacy\/websites\/#cookies<\/a><\/p><p><strong>Safari Version 5.1<\/strong><\/p><ol><li>S\u00e9lectionnez l\u2019ic\u00f4ne de Safari \/ \u00c9diter | Restaurer Safari<\/li><li>S\u00e9lectionnez les cases de v\u00e9rification suivantes : Effacer l\u2019historique, Supprimer toutes les donn\u00e9es du site web<\/li><li>Cliquez sur R\u00e9tablir<\/li><li>Fermez et red\u00e9marrez le navigateur.<\/li><\/ol><p>Pour plus d\u2019informations sur Safari, cliquez sur le lien suivant :\u00a0<a href=\"https:\/\/support.apple.com\/fr-fr\/guide\/safari\/sfri11471\/mac\">https:\/\/support.apple.com\/fr-fr\/guide\/safari\/sfri11471\/mac<\/a><\/p><p><strong>Opera<\/strong><\/p><p>Menu \u2013 Pr\u00e9f\u00e9rences \u2013 Avanc\u00e9es  \u2013 Cookies.<br \/>Les options de cookies permettent de contr\u00f4ler la mani\u00e8re dont Opera en op\u00e8re la gestion et par cons\u00e9quent leur acceptation ou leur refus.<\/p><p>Pour plus d\u2019informations sur Opera, cliquez sur le lien suivant :\u00a0<a href=\"https:\/\/help.opera.com\/en\/latest\/security-and-privacy\/#clearBrowsingData\">https:\/\/help.opera.com\/en\/latest\/security-and-privacy\/#clearBrowsingData<\/a><\/p><p><strong>Autres navigateurs<\/strong><\/p><p>Consultez la documentation de votre navigateur<\/p><\/div><\/div><\/div><\/div><\/div><\/section><\/div><\/div><\/div><\/div><\/div>\t\t\t\t<\/div>\n\t\t\t\t\t<\/div>\n\t\t\t\t<\/div>\n\t\t\t\t<\/div>","protected":false},"excerpt":{"rendered":"<p>Pol\u00edtica de uso de cookies Informaci\u00f3n sobre cookies Debido a la entrada en vigor de la referente modificaci\u00f3n de la \u201cLey de Servicios de la Sociedad de la Informaci\u00f3n\u201d (LSSICE) establecida por el Real Decreto 13\/2012, es de obligaci\u00f3n obtener el consentimiento expreso del usuario de todas las p\u00e1ginas web que usan cookies prescindibles, antes [&hellip;]<\/p>\n","protected":false},"author":1,"featured_media":0,"parent":0,"menu_order":0,"comment_status":"closed","ping_status":"closed","template":"","meta":{"footnotes":""},"class_list":["post-1020","page","type-page","status-publish","hentry"],"yoast_head":"<!-- This site is optimized with the Yoast SEO plugin v27.4 - https:\/\/yoast.com\/product\/yoast-seo-wordpress\/ -->\n<title>Pol\u00edtica de cookies - BCAR<\/title>\n<meta name=\"robots\" content=\"noindex, follow, max-snippet:-1, max-image-preview:large, max-video-preview:-1\" \/>\n<meta property=\"og:locale\" content=\"fr_FR\" \/>\n<meta property=\"og:type\" content=\"article\" \/>\n<meta property=\"og:title\" content=\"Pol\u00edtica de cookies - BCAR\" \/>\n<meta property=\"og:description\" content=\"Pol\u00edtica de uso de cookies Informaci\u00f3n sobre cookies Debido a la entrada en vigor de la referente modificaci\u00f3n de la \u201cLey de Servicios de la Sociedad de la Informaci\u00f3n\u201d (LSSICE) establecida por el Real Decreto 13\/2012, es de obligaci\u00f3n obtener el consentimiento expreso del usuario de todas las p\u00e1ginas web que usan cookies prescindibles, antes [&hellip;]\" \/>\n<meta property=\"og:url\" content=\"https:\/\/bcarparts.com\/fr\/politica-de-cookies\/\" \/>\n<meta property=\"og:site_name\" content=\"BCAR\" \/>\n<meta property=\"article:modified_time\" content=\"2026-03-31T09:30:25+00:00\" \/>\n<meta name=\"twitter:card\" content=\"summary_large_image\" \/>\n<meta name=\"twitter:label1\" content=\"Dur\u00e9e de lecture estim\u00e9e\" \/>\n\t<meta name=\"twitter:data1\" content=\"5 minutes\" \/>\n<script type=\"application\/ld+json\" class=\"yoast-schema-graph\">{\"@context\":\"https:\\\/\\\/schema.org\",\"@graph\":[{\"@type\":\"WebPage\",\"@id\":\"https:\\\/\\\/bcarparts.com\\\/politica-de-cookies\\\/\",\"url\":\"https:\\\/\\\/bcarparts.com\\\/politica-de-cookies\\\/\",\"name\":\"Pol\u00edtica de cookies - BCAR\",\"isPartOf\":{\"@id\":\"https:\\\/\\\/bcarparts.com\\\/#website\"},\"datePublished\":\"2025-12-23T16:16:39+00:00\",\"dateModified\":\"2026-03-31T09:30:25+00:00\",\"breadcrumb\":{\"@id\":\"https:\\\/\\\/bcarparts.com\\\/politica-de-cookies\\\/#breadcrumb\"},\"inLanguage\":\"fr-FR\",\"potentialAction\":[{\"@type\":\"ReadAction\",\"target\":[\"https:\\\/\\\/bcarparts.com\\\/politica-de-cookies\\\/\"]}]},{\"@type\":\"BreadcrumbList\",\"@id\":\"https:\\\/\\\/bcarparts.com\\\/politica-de-cookies\\\/#breadcrumb\",\"itemListElement\":[{\"@type\":\"ListItem\",\"position\":1,\"name\":\"Home\",\"item\":\"https:\\\/\\\/bcarparts.com\\\/\"},{\"@type\":\"ListItem\",\"position\":2,\"name\":\"Pol\u00edtica de cookies\"}]},{\"@type\":\"WebSite\",\"@id\":\"https:\\\/\\\/bcarparts.com\\\/#website\",\"url\":\"https:\\\/\\\/bcarparts.com\\\/\",\"name\":\"BCAR\",\"description\":\"\",\"publisher\":{\"@id\":\"https:\\\/\\\/bcarparts.com\\\/#organization\"},\"potentialAction\":[{\"@type\":\"SearchAction\",\"target\":{\"@type\":\"EntryPoint\",\"urlTemplate\":\"https:\\\/\\\/bcarparts.com\\\/?s={search_term_string}\"},\"query-input\":{\"@type\":\"PropertyValueSpecification\",\"valueRequired\":true,\"valueName\":\"search_term_string\"}}],\"inLanguage\":\"fr-FR\"},{\"@type\":\"Organization\",\"@id\":\"https:\\\/\\\/bcarparts.com\\\/#organization\",\"name\":\"BCAR\",\"url\":\"https:\\\/\\\/bcarparts.com\\\/\",\"logo\":{\"@type\":\"ImageObject\",\"inLanguage\":\"fr-FR\",\"@id\":\"https:\\\/\\\/bcarparts.com\\\/#\\\/schema\\\/logo\\\/image\\\/\",\"url\":\"https:\\\/\\\/bcarparts.com\\\/wp-content\\\/uploads\\\/2025\\\/11\\\/Logo.png\",\"contentUrl\":\"https:\\\/\\\/bcarparts.com\\\/wp-content\\\/uploads\\\/2025\\\/11\\\/Logo.png\",\"width\":88,\"height\":60,\"caption\":\"BCAR\"},\"image\":{\"@id\":\"https:\\\/\\\/bcarparts.com\\\/#\\\/schema\\\/logo\\\/image\\\/\"}}]}<\/script>\n<!-- \/ Yoast SEO plugin. -->","yoast_head_json":{"title":"Politique de cookies - BCAR","robots":{"index":"noindex","follow":"follow","max-snippet":"max-snippet:-1","max-image-preview":"max-image-preview:large","max-video-preview":"max-video-preview:-1"},"og_locale":"fr_FR","og_type":"article","og_title":"Pol\u00edtica de cookies - BCAR","og_description":"Pol\u00edtica de uso de cookies Informaci\u00f3n sobre cookies Debido a la entrada en vigor de la referente modificaci\u00f3n de la \u201cLey de Servicios de la Sociedad de la Informaci\u00f3n\u201d (LSSICE) establecida por el Real Decreto 13\/2012, es de obligaci\u00f3n obtener el consentimiento expreso del usuario de todas las p\u00e1ginas web que usan cookies prescindibles, antes [&hellip;]","og_url":"https:\/\/bcarparts.com\/fr\/politica-de-cookies\/","og_site_name":"BCAR","article_modified_time":"2026-03-31T09:30:25+00:00","twitter_card":"summary_large_image","twitter_misc":{"Dur\u00e9e de lecture estim\u00e9e":"5 minutes"},"schema":{"@context":"https:\/\/schema.org","@graph":[{"@type":"WebPage","@id":"https:\/\/bcarparts.com\/politica-de-cookies\/","url":"https:\/\/bcarparts.com\/politica-de-cookies\/","name":"Politique de cookies - BCAR","isPartOf":{"@id":"https:\/\/bcarparts.com\/#website"},"datePublished":"2025-12-23T16:16:39+00:00","dateModified":"2026-03-31T09:30:25+00:00","breadcrumb":{"@id":"https:\/\/bcarparts.com\/politica-de-cookies\/#breadcrumb"},"inLanguage":"fr-FR","potentialAction":[{"@type":"ReadAction","target":["https:\/\/bcarparts.com\/politica-de-cookies\/"]}]},{"@type":"BreadcrumbList","@id":"https:\/\/bcarparts.com\/politica-de-cookies\/#breadcrumb","itemListElement":[{"@type":"ListItem","position":1,"name":"Home","item":"https:\/\/bcarparts.com\/"},{"@type":"ListItem","position":2,"name":"Pol\u00edtica de cookies"}]},{"@type":"WebSite","@id":"https:\/\/bcarparts.com\/#website","url":"https:\/\/bcarparts.com\/","name":"BCAR","description":"","publisher":{"@id":"https:\/\/bcarparts.com\/#organization"},"potentialAction":[{"@type":"SearchAction","target":{"@type":"EntryPoint","urlTemplate":"https:\/\/bcarparts.com\/?s={search_term_string}"},"query-input":{"@type":"PropertyValueSpecification","valueRequired":true,"valueName":"search_term_string"}}],"inLanguage":"fr-FR"},{"@type":"Organization","@id":"https:\/\/bcarparts.com\/#organization","name":"BCAR","url":"https:\/\/bcarparts.com\/","logo":{"@type":"ImageObject","inLanguage":"fr-FR","@id":"https:\/\/bcarparts.com\/#\/schema\/logo\/image\/","url":"https:\/\/bcarparts.com\/wp-content\/uploads\/2025\/11\/Logo.png","contentUrl":"https:\/\/bcarparts.com\/wp-content\/uploads\/2025\/11\/Logo.png","width":88,"height":60,"caption":"BCAR"},"image":{"@id":"https:\/\/bcarparts.com\/#\/schema\/logo\/image\/"}}]}},"_links":{"self":[{"href":"https:\/\/bcarparts.com\/fr\/wp-json\/wp\/v2\/pages\/1020","targetHints":{"allow":["GET"]}}],"collection":[{"href":"https:\/\/bcarparts.com\/fr\/wp-json\/wp\/v2\/pages"}],"about":[{"href":"https:\/\/bcarparts.com\/fr\/wp-json\/wp\/v2\/types\/page"}],"author":[{"embeddable":true,"href":"https:\/\/bcarparts.com\/fr\/wp-json\/wp\/v2\/users\/1"}],"replies":[{"embeddable":true,"href":"https:\/\/bcarparts.com\/fr\/wp-json\/wp\/v2\/comments?post=1020"}],"version-history":[{"count":13,"href":"https:\/\/bcarparts.com\/fr\/wp-json\/wp\/v2\/pages\/1020\/revisions"}],"predecessor-version":[{"id":23643,"href":"https:\/\/bcarparts.com\/fr\/wp-json\/wp\/v2\/pages\/1020\/revisions\/23643"}],"wp:attachment":[{"href":"https:\/\/bcarparts.com\/fr\/wp-json\/wp\/v2\/media?parent=1020"}],"curies":[{"name":"wp","href":"https:\/\/api.w.org\/{rel}","templated":true}]}}