{"id":1012,"date":"2025-12-23T17:11:28","date_gmt":"2025-12-23T16:11:28","guid":{"rendered":"https:\/\/bcarparts.com\/?page_id=1012"},"modified":"2025-12-23T17:26:24","modified_gmt":"2025-12-23T16:26:24","slug":"politica-de-privacidad","status":"publish","type":"page","link":"https:\/\/bcarparts.com\/fr\/politica-de-privacidad\/","title":{"rendered":"politique de confidentialit\u00e9"},"content":{"rendered":"<div data-elementor-type=\"wp-page\" data-elementor-id=\"1012\" class=\"elementor elementor-1012\" data-elementor-post-type=\"page\">\n\t\t\t\t<div class=\"elementor-element elementor-element-99c47b7 e-flex e-con-boxed e-con e-parent\" data-id=\"99c47b7\" data-element_type=\"container\" data-e-type=\"container\">\n\t\t\t\t\t<div class=\"e-con-inner\">\n\t\t\t\t<div class=\"elementor-element elementor-element-f0547b8 elementor-widget elementor-widget-tp-adv-text-block\" data-id=\"f0547b8\" data-element_type=\"widget\" data-e-type=\"widget\" data-widget_type=\"tp-adv-text-block.default\">\n\t\t\t\t\t<div class=\"pt-plus-text-block-wrapper\" data-tp-gsap-textblock=\"\" ><div class=\"text_block_parallax\"><div class=\"pt_plus_adv_text_block\" ><div class=\"text-content-block\"><h1>politique de confidentialit\u00e9<\/h1><div class=\"elementor elementor-3\" data-elementor-type=\"wp-page\" data-elementor-id=\"3\" data-elementor-post-type=\"page\"><section class=\"elementor-section elementor-top-section elementor-element elementor-element-13031e6 elementor-section-boxed elementor-section-height-default elementor-section-height-default\" data-id=\"13031e6\" data-element_type=\"section\"><div class=\"elementor-container elementor-column-gap-default\"><div class=\"elementor-column elementor-col-100 elementor-top-column elementor-element elementor-element-50293f4d\" data-id=\"50293f4d\" data-element_type=\"column\"><div class=\"elementor-widget-wrap elementor-element-populated\"><div class=\"elementor-element elementor-element-1dc7f31c elementor-widget elementor-widget-text-editor\" data-id=\"1dc7f31c\" data-element_type=\"widget\" data-widget_type=\"text-editor.default\"><div class=\"elementor-widget-container\"><h4>Bienvenue \u00e0 BCAR Auto Parts.<\/h4><p>B CAR AUTO PARTS S.L.U. (ci-apr\u00e8s \u00ab BCAR \u00bb ou \u00ab nous \u00bb), soci\u00e9t\u00e9 inscrite au registre du commerce de Barcelone, volume 43205, folio 99, page 426878, 1\u00e8re inscription, respecte votre vie priv\u00e9e et traite vos donn\u00e9es personnelles en tant que responsable du traitement conform\u00e9ment au r\u00e8glement g\u00e9n\u00e9ral europ\u00e9en sur la protection des donn\u00e9es (ci-apr\u00e8s \u00ab RGPD \u00bb).<\/p><p>Nous nous r\u00e9jouissons de votre visite et vous remercions de l\u2019int\u00e9r\u00eat que vous portez au site web et aux produits BCAR.\u00a0<\/p><p>Les donn\u00e9es \u00e0 caract\u00e8re personnel que vous nous fournissez dans le cadre de votre visite sur le site web et des diff\u00e9rents formulaires qui s\u2019y trouvent sont trait\u00e9es par BCAR, qui est le responsable du traitement au sens du RGDP.<\/p><p>\u00a0<\/p><h4>Dans cette politique de confidentialit\u00e9, nous expliquons :<\/h4><ul><li>quelles donn\u00e9es \u00e0 caract\u00e8re personnel nous collectons et comment,<\/li><li>\u00e0 quelles fins et sur quelles bases nous traitons vos donn\u00e9es \u00e0 caract\u00e8re personnel,<\/li><li>combien de temps nous conservons vos donn\u00e9es \u00e0 caract\u00e8re personnel,<\/li><li>avec qui nous partageons vos donn\u00e9es \u00e0 caract\u00e8re personnel,<\/li><li>la mani\u00e8re dont vos donn\u00e9es \u00e0 caract\u00e8re personnel sont prot\u00e9g\u00e9es,<\/li><li>\u2022\tles droits dont vous disposez en tant que personne concern\u00e9e,<\/li><li>notre utilisation des cookies,<\/li><li>comment nous contacter<\/li><\/ul><h4>\u00a0<\/h4><h4>Collecte et traitement des donn\u00e9es \u00e0 caract\u00e8re personnel<\/h4><p>Les donn\u00e9es personnelles sont des informations qui vous identifient ou vous rendent identifiables. Sur le site web, dans les cases pr\u00e9vues \u00e0 cet effet, nous collectons les donn\u00e9es personnelles que l\u2019utilisateur nous communique : nom, pr\u00e9nom, adresse \u00e9lectronique, num\u00e9ro de t\u00e9l\u00e9phone, adresse postale, ville, etc.<\/p><p>La visite de l\u2019utilisateur sur le site n\u2019implique pas qu\u2019il doive fournir des informations sur ses donn\u00e9es personnelles. Cependant, dans le cas o\u00f9 il les fournirait, les donn\u00e9es seront trait\u00e9es de mani\u00e8re licite, sous r\u00e9serve \u00e0 tout moment des principes et des droits \u00e9nonc\u00e9s dans le RGPD 2016\/679 du 27 avril 2016 et la LOPDGDD 3\/2018 du 5 d\u00e9cembre.<\/p><p>\u00a0<\/p><h4>Utilisation, finalit\u00e9 et l\u00e9gitimit\u00e9 du traitement<\/h4><p>Les donn\u00e9es fournies par l\u2019utilisateur seront trait\u00e9es aux fins suivantes :<\/p><p>\u00a0<\/p><p>Traiter la demande ou la requ\u00eate formul\u00e9e par l\u2019utilisateur par le biais du formulaire de contact situ\u00e9 sur le site web. Nous collectons et traitons les donn\u00e9es personnelles de l\u2019utilisateur afin de traiter et de g\u00e9rer sa demande, son interrogation ou toute autre demande formul\u00e9e par le biais de ce formulaire.<\/p><p>\u00a0<\/p><p>Nous conserverons ces donn\u00e9es pendant le temps n\u00e9cessaire pour r\u00e9pondre \u00e0 votre demande et pendant la dur\u00e9e pr\u00e9vue par la loi, avec une dur\u00e9e minimale de 3 ans. La base de l\u00e9gitimit\u00e9 du traitement des donn\u00e9es sera le consentement donn\u00e9 par l\u2019utilisateur en s\u00e9lectionnant la case d\u2019acceptation de notre politique de confidentialit\u00e9 avant d\u2019envoyer la demande. L\u2019utilisateur a le droit de r\u00e9voquer son consentement \u00e0 tout moment sans que cela n\u2019affecte la l\u00e9galit\u00e9 du traitement fond\u00e9 sur le consentement avant son retrait.<\/p><p>\u00a0<\/p><p>Pour envoyer des communications et des bulletins d\u2019information sur les produits de B CAR AUTO PARTS S.L.U., nous recueillons et traitons, avec le consentement de l\u2019utilisateur, ses donn\u00e9es personnelles afin de lui envoyer des informations sur nos produits et services. Nous conserverons ces donn\u00e9es tant que l\u2019utilisateur ne r\u00e9voquera pas son consentement au traitement de celles-ci et pendant la dur\u00e9e fix\u00e9e par la loi, avec un minimum de 3 ans.<\/p><p>\u00a0<\/p><p>La base de l\u00e9gitimit\u00e9 du traitement des donn\u00e9es sera le consentement donn\u00e9 par l\u2019utilisateur lorsqu\u2019il s\u00e9lectionne la case d\u2019acceptation de notre politique de confidentialit\u00e9 avant de s\u2019abonner \u00e0 la lettre d\u2019information dans le formulaire pr\u00e9vu \u00e0 cet effet sur le site Web. L\u2019utilisateur a le droit de r\u00e9voquer son consentement \u00e0 tout moment sans que cela n\u2019affecte la l\u00e9galit\u00e9 du traitement fond\u00e9 sur le consentement avant son retrait.<\/p><p>\u00a0<\/p><p>Nous conserverons ces donn\u00e9es tant que l\u2019utilisateur ne r\u00e9voquera pas son consentement au traitement de celles-ci en supprimant les cookies et pendant la dur\u00e9e pr\u00e9vue par la loi, avec un minimum de 3 ans.<\/p><p>\u00a0<\/p><p>G\u00e9rer nos r\u00e9seaux sociaux et vous envoyer des informations sur nos activit\u00e9s et nos produits. Nous conserverons ces donn\u00e9es tant que l\u2019utilisateur ne r\u00e9voquera pas son consentement au traitement de celles-ci et pendant la dur\u00e9e pr\u00e9vue par la loi, avec un minimum de 3 ans.<\/p><p>\u00a0<\/p><p>La base l\u00e9gitime de la gestion de nos r\u00e9seaux sociaux et de l\u2019envoi de nos activit\u00e9s et nouvelles est le consentement que vous nous donnez \u00e0 cet effet. L\u2019utilisateur a le droit de r\u00e9voquer son consentement \u00e0 tout moment sans que cela n\u2019affecte la l\u00e9galit\u00e9 du traitement fond\u00e9 sur le consentement avant son retrait.<\/p><p>\u00a0<\/p><\/div><\/div><div class=\"elementor-element elementor-element-2d9aea0 elementor-widget elementor-widget-text-editor\" data-id=\"2d9aea0\" data-element_type=\"widget\" data-widget_type=\"text-editor.default\"><div class=\"elementor-widget-container\"><h4>Session ou communication de donn\u00e9es personnelles et transferts internationaux<\/h4><p>Vos donn\u00e9es ne seront pas communiqu\u00e9es ou transf\u00e9r\u00e9es \u00e0 des tiers, sauf en cas d\u2019obligation l\u00e9gale ou aux fournisseurs li\u00e9s au responsable du traitement qui agissent en tant que processeurs de donn\u00e9es.<\/p><p>Aucun transfert international ne sera effectu\u00e9, mais dans l\u2019\u00e9ventualit\u00e9 d\u2019un tel transfert, vous en serez inform\u00e9 afin d\u2019obtenir votre consentement.<\/p><h4>\u00a0<\/h4><h4>Mise \u00e0 jour des donn\u00e9es<\/h4><p>Pour que nous puissions maintenir les donn\u00e9es personnelles \u00e0 jour, il est important que l\u2019utilisateur nous informe de toute modification apport\u00e9e \u00e0 celles-ci, faute de quoi nous ne serons pas responsables de leur v\u00e9racit\u00e9.<\/p><p>L\u2019utilisateur garantit que les donn\u00e9es personnelles fournies sont v\u00e9ridiques, que toutes les informations fournies correspondent \u00e0 la situation r\u00e9elle, qu\u2019elles sont \u00e0 jour et exactes, et il est tenu de nous informer de tout changement.<\/p><p>\u00a0<\/p><h4>Donn\u00e9es de tiers<\/h4><p>Si l\u2019utilisateur fournit \u00e0 B CAR AUTO PARTS S.L.U. des donn\u00e9es de tiers \u00e0 quelque fin que ce soit, il garantit qu\u2019il a obtenu ces donn\u00e9es de mani\u00e8re licite, qu\u2019il a pr\u00e9alablement inform\u00e9 les parties concern\u00e9es, en obtenant leur consentement pour les communiquer, et que les informations fournies sont exactes et v\u00e9ridiques.<\/p><h4>\u00a0<\/h4><h4>Caract\u00e8re obligatoire des informations demand\u00e9es<\/h4><p>Tous nos formulaires comportent un ast\u00e9risque (*) dans les donn\u00e9es obligatoires. Si l\u2019utilisateur ne remplit pas ces champs ou ne coche pas la case d\u2019acceptation de la politique de confidentialit\u00e9, les informations ne seront pas envoy\u00e9es.<\/p><h4>\u00a0<\/h4><h4>Droits en tant que personne concern\u00e9e<\/h4><p>Vous avez le droit d\u2019acc\u00e9der \u00e0 vos donn\u00e9es et d\u2019obtenir la confirmation de leur traitement, ainsi qu\u2019une copie des donn\u00e9es personnelles trait\u00e9es. Vous avez le droit de les mettre \u00e0 jour et de demander la rectification des donn\u00e9es inexactes ou de demander leur suppression lorsque les donn\u00e9es ne sont pas n\u00e9cessaires aux fins pour lesquelles elles ont \u00e9t\u00e9 collect\u00e9es. Vous pouvez demander la limitation du traitement de vos donn\u00e9es et vous opposer au traitement de vos donn\u00e9es en r\u00e9voquant votre consentement, ainsi qu\u2019exercer votre droit \u00e0 la portabilit\u00e9 des donn\u00e9es. De m\u00eame, vous avez le droit de ne pas faire l\u2019objet de d\u00e9cisions fond\u00e9es exclusivement sur un traitement automatis\u00e9 de vos donn\u00e9es \u00e0 caract\u00e8re personnel. Vous pouvez exercer vos droits en nous contactant \u00e0 l\u2019adresse \u00e9lectronique suivante\u00a0<a href=\"mailto:info@bcarparts.com\">info@bcarparts.com<\/a><\/p><h4>\u00a0<\/h4><h4>Traitement des donn\u00e9es des mineurs<\/h4><p>Toute personne qui fournit des donn\u00e9es par le biais des formulaires de ce site web et accepte leur traitement d\u00e9clare \u00eatre \u00e2g\u00e9e de plus de 14 ans, et l\u2019acc\u00e8s et l\u2019utilisation du portail par des mineurs de moins de 14 ans sont interdits. Si, \u00e0 tout moment, le responsable du traitement d\u00e9tecte qu\u2019un mineur de moins de 14 ans a fourni des donn\u00e9es personnelles, nous proc\u00e9derons \u00e0 leur annulation. De m\u00eame, les parents ou tuteurs peuvent dans tous les cas contacter B CAR AUTO PARTS S.L.U. pour bloquer le compte d\u2019acc\u00e8s des mineurs dont ils ont la charge et qui se sont inscrits en falsifiant leur identit\u00e9.<\/p><\/div><\/div><div class=\"elementor-element elementor-element-d6ec3b4 elementor-widget elementor-widget-text-editor\" data-id=\"d6ec3b4\" data-element_type=\"widget\" data-widget_type=\"text-editor.default\"><div class=\"elementor-widget-container\"><h4>Cookies et technologies similaires<br \/>\u00a0<\/h4><h4>Informations g\u00e9n\u00e9rales<\/h4><p>Nous utilisons des cookies pour am\u00e9liorer la qualit\u00e9, la s\u00e9curit\u00e9 et la rapidit\u00e9 de votre recherche d\u2019informations, ainsi qu\u2019\u00e0 des fins publicitaires.<\/p><p>Un cookie est un fichier texte contenant des informations collect\u00e9es par votre ordinateur ou votre appareil mobile lorsque vous visitez un site web. Les cookies sont renvoy\u00e9s au site web d\u2019origine (ou \u00e0 un autre site web qui les reconna\u00eet) \u00e0 chaque visite.<\/p><p>Les cookies sont stock\u00e9s dans la m\u00e9moire de votre appareil (ordinateur, t\u00e9l\u00e9phone, etc.) ; ils vous permettent d\u2019utiliser toutes les fonctions du site web et ne modifient pas les param\u00e8tres de votre appareil.<\/p><p>\u00a0<\/p><h4>En utilisant les options appropri\u00e9es de votre navigateur, vous pouvez \u00e0 tout moment :<\/h4><ul><li>supprimer les cookies<\/li><li>bloquer l\u2019utilisation des cookies \u00e0 l\u2019avenir<\/li><\/ul><h4>Sur ce site web, les cookies sont utilis\u00e9s pour :<\/h4><ul><li>stocker des informations sur votre session<\/li><li>\u00e0 des fins statistiques<\/li><li>\u00e0 des fins de marketing<\/li><li>mettre \u00e0 disposition les fonctions du site web<\/li><\/ul><p>Pour savoir comment g\u00e9rer les cookies, y compris comment d\u00e9sactiver leur utilisation dans votre navigateur, vous pouvez consulter le fichier d\u2019aide de votre navigateur. En outre, vous trouverez des instructions pertinentes sur les pages suivantes, en fonction du navigateur que vous utilisez :<\/p><ul><li>Chrome<\/li><li>Firefox<\/li><li>Safari<\/li><li>Microsoft Edge<\/li><li>Ou tout autre navigateur que vous utilisez<\/li><\/ul><p>Vous trouverez de plus amples informations sur les cookies sur\u00a0<a href=\"https:\/\/en.wikipedia.org\/wiki\/HTTP_cookie\">wikipedia<\/a>.<\/p><p>Il est possible de bloquer, de supprimer ou de d\u00e9sactiver les cookies en utilisant les param\u00e8tres appropri\u00e9s du navigateur de votre appareil, \u00e0 condition que celui-ci le permette. Si vous bloquez ou d\u00e9sactivez les technologies susmentionn\u00e9es, vous pourrez toujours utiliser certaines fonctions de nos sites web. Toutefois, certaines fonctions utiles ne fonctionneront pas si les cookies sont activ\u00e9s. En outre, si les cookies sont d\u00e9sactiv\u00e9s, il se peut que vous deviez saisir votre mot de passe plus fr\u00e9quemment lorsque vous naviguez.<\/p><p>\u00a0<\/p><h4>Quels sont les cookies que nous utilisons ?<\/h4><ul><li>\u00a0des technologies \u00ab session-only \u00bb, qui fonctionnent sur votre appareil pendant la dur\u00e9e de votre navigateur web uniquement<\/li><li>des technologies tierces provenant de sites tiers autres que le pr\u00e9sent site web.<\/li><\/ul><p>Veuillez noter que nous ne collectons ni ne stockons vos informations personnelles par le biais de cookies ou de technologies similaires.<\/p><p>\u00a0<\/p><h4>Google Analytics<\/h4><p>Nous utilisons les services d\u2019analyse Google Analytics 4 fournis par Google Inc. afin d\u2019am\u00e9liorer continuellement notre site web. Pour des raisons de s\u00e9curit\u00e9 des donn\u00e9es, une adresse IP anonyme de l\u2019utilisateur est envoy\u00e9e aux serveurs de Google. Google effectue des activit\u00e9s pour le compte de BCAR dans le cadre de l\u2019analyse de l\u2019utilisation du site, de l\u2019\u00e9laboration de rapports sur les activit\u00e9s du site et de la fourniture d\u2019autres services li\u00e9s \u00e0 l\u2019utilisation du site et d\u2019Internet.<\/p><p>En outre, nous utilisons les rapports de Google Analytics pour analyser des informations anonymes sur les caract\u00e9ristiques d\u00e9mographiques (telles que l\u2019\u00e2ge et le sexe) et les int\u00e9r\u00eats des visiteurs de notre site web et pour analyser l\u2019efficacit\u00e9 des publicit\u00e9s que nous pla\u00e7ons sur d\u2019autres sites web.\u00a0<\/p><\/div><\/div><div class=\"elementor-element elementor-element-b934cfc elementor-widget elementor-widget-text-editor\" data-id=\"b934cfc\" data-element_type=\"widget\" data-widget_type=\"text-editor.default\"><div class=\"elementor-widget-container\"><h4>Contact<\/h4><p>Si vous avez des suggestions ou si vous n\u2019\u00eates pas satisfait de la mani\u00e8re dont nous traitons vos informations personnelles, veuillez nous contacter. Si, malgr\u00e9 tous nos efforts pour garantir l\u2019exactitude des donn\u00e9es, nous d\u00e9couvrons des erreurs dans nos bases de donn\u00e9es, nous apporterons les corrections n\u00e9cessaires \u00e0 votre demande. Nous vous encourageons \u00e0 nous contacter si vous avez des questions concernant vos droits ou vos pr\u00e9occupations.<\/p><blockquote><p>Courriel : info@bcarparts.com\u00a0<br \/>T\u00e9l\u00e9phone : +34930186286<br \/>Adresse :  Carrer Santal\u00f3 152 , 08021,<br \/>Barcelone, Espagne<\/p><\/blockquote><p>Cette politique de confidentialit\u00e9 a \u00e9t\u00e9 mise \u00e0 jour pour la derni\u00e8re fois le 2 janvier 2025.<\/p><\/div><\/div><\/div><\/div><\/div><\/section><\/div><\/div><\/div><\/div><\/div>\t\t\t\t<\/div>\n\t\t\t\t\t<\/div>\n\t\t\t\t<\/div>\n\t\t\t\t<\/div>","protected":false},"excerpt":{"rendered":"<p>Pol\u00edtica de privacidad Bienvenido a BCAR Auto Parts. B CAR AUTO PARTS S.L.U. (en adelante, \u201cBCAR\u201d o \u201cnosotros\u201d), empresa inscrita en el Registro Mercantil de Registro Mercantil de Barcelona, Tomo 43205, Folio 99, Hoja 426878, Inscripci\u00f3n 1\u00aa; respeta su privacidad y procesa sus datos personales como controlador de datos de acuerdo con el Reglamento General [&hellip;]<\/p>\n","protected":false},"author":1,"featured_media":0,"parent":0,"menu_order":0,"comment_status":"closed","ping_status":"closed","template":"","meta":{"footnotes":""},"class_list":["post-1012","page","type-page","status-publish","hentry"],"yoast_head":"<!-- This site is optimized with the Yoast SEO plugin v27.4 - https:\/\/yoast.com\/product\/yoast-seo-wordpress\/ -->\n<title>Pol\u00edtica de privacidad - BCAR<\/title>\n<meta name=\"robots\" content=\"noindex, follow, max-snippet:-1, max-image-preview:large, max-video-preview:-1\" \/>\n<meta property=\"og:locale\" content=\"fr_FR\" \/>\n<meta property=\"og:type\" content=\"article\" \/>\n<meta property=\"og:title\" content=\"Pol\u00edtica de privacidad - BCAR\" \/>\n<meta property=\"og:description\" content=\"Pol\u00edtica de privacidad Bienvenido a BCAR Auto Parts. B CAR AUTO PARTS S.L.U. (en adelante, \u201cBCAR\u201d o \u201cnosotros\u201d), empresa inscrita en el Registro Mercantil de Registro Mercantil de Barcelona, Tomo 43205, Folio 99, Hoja 426878, Inscripci\u00f3n 1\u00aa; respeta su privacidad y procesa sus datos personales como controlador de datos de acuerdo con el Reglamento General [&hellip;]\" \/>\n<meta property=\"og:url\" content=\"https:\/\/bcarparts.com\/fr\/politica-de-privacidad\/\" \/>\n<meta property=\"og:site_name\" content=\"BCAR\" \/>\n<meta property=\"article:modified_time\" content=\"2025-12-23T16:26:24+00:00\" \/>\n<meta name=\"twitter:card\" content=\"summary_large_image\" \/>\n<meta name=\"twitter:label1\" content=\"Dur\u00e9e de lecture estim\u00e9e\" \/>\n\t<meta name=\"twitter:data1\" content=\"9 minutes\" \/>\n<script type=\"application\/ld+json\" class=\"yoast-schema-graph\">{\"@context\":\"https:\\\/\\\/schema.org\",\"@graph\":[{\"@type\":\"WebPage\",\"@id\":\"https:\\\/\\\/bcarparts.com\\\/politica-de-privacidad\\\/\",\"url\":\"https:\\\/\\\/bcarparts.com\\\/politica-de-privacidad\\\/\",\"name\":\"Pol\u00edtica de privacidad - BCAR\",\"isPartOf\":{\"@id\":\"https:\\\/\\\/bcarparts.com\\\/#website\"},\"datePublished\":\"2025-12-23T16:11:28+00:00\",\"dateModified\":\"2025-12-23T16:26:24+00:00\",\"breadcrumb\":{\"@id\":\"https:\\\/\\\/bcarparts.com\\\/politica-de-privacidad\\\/#breadcrumb\"},\"inLanguage\":\"fr-FR\",\"potentialAction\":[{\"@type\":\"ReadAction\",\"target\":[\"https:\\\/\\\/bcarparts.com\\\/politica-de-privacidad\\\/\"]}]},{\"@type\":\"BreadcrumbList\",\"@id\":\"https:\\\/\\\/bcarparts.com\\\/politica-de-privacidad\\\/#breadcrumb\",\"itemListElement\":[{\"@type\":\"ListItem\",\"position\":1,\"name\":\"Home\",\"item\":\"https:\\\/\\\/bcarparts.com\\\/\"},{\"@type\":\"ListItem\",\"position\":2,\"name\":\"Pol\u00edtica de privacidad\"}]},{\"@type\":\"WebSite\",\"@id\":\"https:\\\/\\\/bcarparts.com\\\/#website\",\"url\":\"https:\\\/\\\/bcarparts.com\\\/\",\"name\":\"BCAR\",\"description\":\"\",\"publisher\":{\"@id\":\"https:\\\/\\\/bcarparts.com\\\/#organization\"},\"potentialAction\":[{\"@type\":\"SearchAction\",\"target\":{\"@type\":\"EntryPoint\",\"urlTemplate\":\"https:\\\/\\\/bcarparts.com\\\/?s={search_term_string}\"},\"query-input\":{\"@type\":\"PropertyValueSpecification\",\"valueRequired\":true,\"valueName\":\"search_term_string\"}}],\"inLanguage\":\"fr-FR\"},{\"@type\":\"Organization\",\"@id\":\"https:\\\/\\\/bcarparts.com\\\/#organization\",\"name\":\"BCAR\",\"url\":\"https:\\\/\\\/bcarparts.com\\\/\",\"logo\":{\"@type\":\"ImageObject\",\"inLanguage\":\"fr-FR\",\"@id\":\"https:\\\/\\\/bcarparts.com\\\/#\\\/schema\\\/logo\\\/image\\\/\",\"url\":\"https:\\\/\\\/bcarparts.com\\\/wp-content\\\/uploads\\\/2025\\\/11\\\/Logo.png\",\"contentUrl\":\"https:\\\/\\\/bcarparts.com\\\/wp-content\\\/uploads\\\/2025\\\/11\\\/Logo.png\",\"width\":88,\"height\":60,\"caption\":\"BCAR\"},\"image\":{\"@id\":\"https:\\\/\\\/bcarparts.com\\\/#\\\/schema\\\/logo\\\/image\\\/\"}}]}<\/script>\n<!-- \/ Yoast SEO plugin. -->","yoast_head_json":{"title":"Politique de confidentialit\u00e9 - BCAR","robots":{"index":"noindex","follow":"follow","max-snippet":"max-snippet:-1","max-image-preview":"max-image-preview:large","max-video-preview":"max-video-preview:-1"},"og_locale":"fr_FR","og_type":"article","og_title":"Pol\u00edtica de privacidad - BCAR","og_description":"Pol\u00edtica de privacidad Bienvenido a BCAR Auto Parts. B CAR AUTO PARTS S.L.U. (en adelante, \u201cBCAR\u201d o \u201cnosotros\u201d), empresa inscrita en el Registro Mercantil de Registro Mercantil de Barcelona, Tomo 43205, Folio 99, Hoja 426878, Inscripci\u00f3n 1\u00aa; respeta su privacidad y procesa sus datos personales como controlador de datos de acuerdo con el Reglamento General [&hellip;]","og_url":"https:\/\/bcarparts.com\/fr\/politica-de-privacidad\/","og_site_name":"BCAR","article_modified_time":"2025-12-23T16:26:24+00:00","twitter_card":"summary_large_image","twitter_misc":{"Dur\u00e9e de lecture estim\u00e9e":"9 minutes"},"schema":{"@context":"https:\/\/schema.org","@graph":[{"@type":"WebPage","@id":"https:\/\/bcarparts.com\/politica-de-privacidad\/","url":"https:\/\/bcarparts.com\/politica-de-privacidad\/","name":"Politique de confidentialit\u00e9 - BCAR","isPartOf":{"@id":"https:\/\/bcarparts.com\/#website"},"datePublished":"2025-12-23T16:11:28+00:00","dateModified":"2025-12-23T16:26:24+00:00","breadcrumb":{"@id":"https:\/\/bcarparts.com\/politica-de-privacidad\/#breadcrumb"},"inLanguage":"fr-FR","potentialAction":[{"@type":"ReadAction","target":["https:\/\/bcarparts.com\/politica-de-privacidad\/"]}]},{"@type":"BreadcrumbList","@id":"https:\/\/bcarparts.com\/politica-de-privacidad\/#breadcrumb","itemListElement":[{"@type":"ListItem","position":1,"name":"Home","item":"https:\/\/bcarparts.com\/"},{"@type":"ListItem","position":2,"name":"Pol\u00edtica de privacidad"}]},{"@type":"WebSite","@id":"https:\/\/bcarparts.com\/#website","url":"https:\/\/bcarparts.com\/","name":"BCAR","description":"","publisher":{"@id":"https:\/\/bcarparts.com\/#organization"},"potentialAction":[{"@type":"SearchAction","target":{"@type":"EntryPoint","urlTemplate":"https:\/\/bcarparts.com\/?s={search_term_string}"},"query-input":{"@type":"PropertyValueSpecification","valueRequired":true,"valueName":"search_term_string"}}],"inLanguage":"fr-FR"},{"@type":"Organization","@id":"https:\/\/bcarparts.com\/#organization","name":"BCAR","url":"https:\/\/bcarparts.com\/","logo":{"@type":"ImageObject","inLanguage":"fr-FR","@id":"https:\/\/bcarparts.com\/#\/schema\/logo\/image\/","url":"https:\/\/bcarparts.com\/wp-content\/uploads\/2025\/11\/Logo.png","contentUrl":"https:\/\/bcarparts.com\/wp-content\/uploads\/2025\/11\/Logo.png","width":88,"height":60,"caption":"BCAR"},"image":{"@id":"https:\/\/bcarparts.com\/#\/schema\/logo\/image\/"}}]}},"_links":{"self":[{"href":"https:\/\/bcarparts.com\/fr\/wp-json\/wp\/v2\/pages\/1012","targetHints":{"allow":["GET"]}}],"collection":[{"href":"https:\/\/bcarparts.com\/fr\/wp-json\/wp\/v2\/pages"}],"about":[{"href":"https:\/\/bcarparts.com\/fr\/wp-json\/wp\/v2\/types\/page"}],"author":[{"embeddable":true,"href":"https:\/\/bcarparts.com\/fr\/wp-json\/wp\/v2\/users\/1"}],"replies":[{"embeddable":true,"href":"https:\/\/bcarparts.com\/fr\/wp-json\/wp\/v2\/comments?post=1012"}],"version-history":[{"count":13,"href":"https:\/\/bcarparts.com\/fr\/wp-json\/wp\/v2\/pages\/1012\/revisions"}],"predecessor-version":[{"id":1041,"href":"https:\/\/bcarparts.com\/fr\/wp-json\/wp\/v2\/pages\/1012\/revisions\/1041"}],"wp:attachment":[{"href":"https:\/\/bcarparts.com\/fr\/wp-json\/wp\/v2\/media?parent=1012"}],"curies":[{"name":"wp","href":"https:\/\/api.w.org\/{rel}","templated":true}]}}