{"id":1020,"date":"2025-12-23T17:16:39","date_gmt":"2025-12-23T16:16:39","guid":{"rendered":"https:\/\/bcarparts.com\/?page_id=1020"},"modified":"2026-03-31T11:30:25","modified_gmt":"2026-03-31T09:30:25","slug":"politica-de-cookies","status":"publish","type":"page","link":"https:\/\/bcarparts.com\/en\/politica-de-cookies\/","title":{"rendered":"Pol\u00edtica de cookies"},"content":{"rendered":"<div data-elementor-type=\"wp-page\" data-elementor-id=\"1020\" class=\"elementor elementor-1020\" data-elementor-post-type=\"page\">\n\t\t\t\t<div class=\"elementor-element elementor-element-25f5052 e-flex e-con-boxed e-con e-parent\" data-id=\"25f5052\" data-element_type=\"container\" data-e-type=\"container\">\n\t\t\t\t\t<div class=\"e-con-inner\">\n\t\t\t\t<div class=\"elementor-element elementor-element-512d984 elementor-widget elementor-widget-tp-adv-text-block\" data-id=\"512d984\" data-element_type=\"widget\" data-e-type=\"widget\" data-widget_type=\"tp-adv-text-block.default\">\n\t\t\t\t\t<div class=\"pt-plus-text-block-wrapper\" data-tp-gsap-textblock=\"\" ><div class=\"text_block_parallax\"><div class=\"pt_plus_adv_text_block\" ><div class=\"text-content-block\"><h1>Cookie Policy<\/h1><div class=\"elementor elementor-12716\" data-elementor-type=\"wp-page\" data-elementor-id=\"12716\" data-elementor-post-type=\"page\"><section class=\"elementor-section elementor-top-section elementor-element elementor-element-4510d69d elementor-section-boxed elementor-section-height-default elementor-section-height-default\" data-id=\"4510d69d\" data-element_type=\"section\"><div class=\"elementor-container elementor-column-gap-default\"><div class=\"elementor-column elementor-col-100 elementor-top-column elementor-element elementor-element-354ae967\" data-id=\"354ae967\" data-element_type=\"column\"><div class=\"elementor-widget-wrap elementor-element-populated\"><div class=\"elementor-element elementor-element-11277d73 elementor-widget elementor-widget-text-editor\" data-id=\"11277d73\" data-element_type=\"widget\" data-widget_type=\"text-editor.default\"><div class=\"elementor-widget-container\"><h2>Information about cookies<\/h2><p>Due to the entry into force of the relevant modification of the \"Law on Information Society Services\" (LSSICE) established by Royal Decree 13\/2012, it is mandatory to obtain the express consent of the user of all websites that use non-essential cookies, before they browse them.<\/p><h2>What Are Cookies?<\/h2><p>Cookies and other similar technologies such as local shared objects, flash cookies or pixels, are tools used by web servers to store and retrieve information about their visitors, as well as to offer proper functioning of the site.<\/p><p>Through the use of these devices, the web server is allowed to remember some data concerning the user, such as their preferences for viewing the pages of that server, name and password, products that interest them most, etc.<\/p><h2>Cookies Affected by Regulations and Exempt Cookies<\/h2><p>According to the EU directive, cookies that require informed consent from the user are analytics cookies and advertising and affiliation cookies, with technical cookies and those necessary for the operation of the website or the provision of services expressly requested by the user being exempt.<\/p><h2>What Types of Cookies Exist?<\/h2><p>Regarding the types of cookies, there are five main groups:<\/p><ul><li>Analytics cookies: collect information on the use made of the website.<\/li><li>Social cookies: those necessary for external social networks.<\/li><li>Affiliate cookies: allow tracking of visits from other websites, with which the website establishes an affiliation contract (affiliation companies).<\/li><li>Advertising and behavioral cookies: collect information about the user's personal preferences and choices (retargeting).<\/li><li>Technical and functional cookies: those strictly necessary for the use of the website and for the provision of the contracted service.<\/li><\/ul><h2>Cookies Used on This Website<\/h2><ul><li class=\"translation-block\">ac_cookies: technical and strictly necessary cookie that contains the value of whether the installation of cookies has been accepted. Expires 1 year from the last update.<\/li><li class=\"translation-block\">_ga: Google Analytics cookie that enables the unique visit control function. The first time a user enters the website through a browser, this cookie will be installed. When this user re-enters the website with the same browser, the cookie will consider it to be the same user. Only if the user changes browsers will another user be considered. Expires 2 years from the last update.<\/li><li class=\"translation-block\">_gat: This cookie is associated with Google Analytics Universal. It is used to limit the request rate \u2013 limiting data collection on high traffic sites. Expires after 10 minutes.<\/li><li class=\"translation-block\">_utma: Google Analytics cookie that records the date of the first and last time the user visited the website. Expires 2 years from the last update.<\/li><li class=\"translation-block\">_utmb: Google Analytics cookie that records the time of arrival at the website. Expires 30 minutes from the last update.<\/li><li class=\"translation-block\">_utmc: Google Analytics cookie used for interoperability with urchin.js tracking code. Deleted when the browser is closed.<\/li><li class=\"translation-block\">_utmt: Google Analytics cookie. This cookie is used to process the type of request requested by the user. Expires at the end of the session.<\/li><li class=\"translation-block\">_utmv: Google Analytics cookie. This cookie is used to segment demographic data. Expires at the end of the session.<\/li><li class=\"translation-block\">_utmz: Google Analytics cookie that stores the traffic source or a campaign to explain how the user arrived at the website. Expires 6 months from the last update.<\/li><\/ul><h2>Revoking Consent to Install Cookies and Deleting Cookies from the Browser<\/h2><p><strong>Chrome<\/strong><\/p><ol><li>Select the Tools icon<\/li><li>Click on Settings.<\/li><li>Click on Show Advanced Options.<\/li><li>In the \"Privacy\" section click on Content Settings.<ul><li>Delete cookies: Click on All cookies and site data\u2026<\/li><li>Do not allow cookies to be stored.<\/li><\/ul><\/li><li>Click Delete browsing data (empty Cache).<\/li><li>Close and restart the browser.<\/li><\/ol><p>For more information about Chrome click here:\u00a0<a href=\"https:\/\/support.google.com\/chrome\/answer\/95647?hl=es\">http:\/\/support.google.com\/chrome\/answer\/95647?hl=en<\/a><\/p><p><strong>Internet Explorer. Version 11<\/strong><\/p><ol><li>Select Tools | Internet Options.<\/li><li>Click on the General tab.<\/li><li>In the \"Browsing history\" section, click on Delete browsing history on exit.<\/li><li>Select Delete files.<\/li><li>Select Delete cookies.<\/li><li>Click Delete.<\/li><li>Click OK.<\/li><li>Close and restart the browser.<\/li><\/ol><p>For more information about Internet Explorer click here:\u00a0<a href=\"http:\/\/windows.microsoft.com\/es-419\/windows7\/how-to-manage-cookies-in-internet-explorer-9\">http:\/\/windows.microsoft.com\/es-419\/windows7\/how-to-manage-cookies-in-internet-explorer-9<\/a><\/p><p><strong>Firefox. Version 18<\/strong><\/p><ol><li>Select Firefox | History | Clear Recent History.<\/li><li>Next to \"Details,\" click the down arrow.<\/li><li>Select the following checkboxes: Cookies, Cache, Active Logins<\/li><li>Using the \"Time range to clear\" in the drop-down menu, select Everything.<\/li><li>Click Clear Now.<\/li><li>Close and restart the browser.<\/li><\/ol><p>You can accept or reject cookies individually in Firefox Preferences, in the History section available in Tools &gt; Options &gt; Privacy.<\/p><p>For more information about Mozilla Firefox click here:\u00a0<a href=\"https:\/\/www.mozilla.org\/es-ES\/privacy\/websites\/#cookies\">https:\/\/www.mozilla.org\/es-ES\/privacy\/websites\/#cookies<\/a><\/p><p><strong>Safari Version 5.1<\/strong><\/p><ol><li>Select the Safari \/ Edit icon | Reset Safari.<\/li><li>Select the following checkboxes: Clear history, Remove all website data<\/li><li>Click Reset.<\/li><li>Close and restart the browser.<\/li><\/ol><p>For more information about Safari click here:\u00a0<a href=\"http:\/\/support.apple.com\/kb\/PH5042\">http:\/\/support.apple.com\/kb\/PH5042<\/a><\/p><p><strong>Opera<\/strong><\/p><p>Options \u2013 Advanced \u2013 Cookies.<br \/>Cookie options control how Opera handles them and therefore their acceptance or rejection.<\/p><p>For more information about Opera click here:\u00a0<a href=\"http:\/\/help.opera.com\/Linux\/10.60\/es-ES\/cookies.html\">http:\/\/help.opera.com\/Linux\/10.60\/es-ES\/cookies.html<\/a><\/p><p><strong>Other Browsers<\/strong><\/p><p>Consult the documentation of the browser you have installed.<\/p><\/div><\/div><\/div><\/div><\/div><\/section><\/div><\/div><\/div><\/div><\/div>\t\t\t\t<\/div>\n\t\t\t\t\t<\/div>\n\t\t\t\t<\/div>\n\t\t\t\t<\/div>","protected":false},"excerpt":{"rendered":"<p>Pol\u00edtica de uso de cookies Informaci\u00f3n sobre cookies Debido a la entrada en vigor de la referente modificaci\u00f3n de la \u201cLey de Servicios de la Sociedad de la Informaci\u00f3n\u201d (LSSICE) establecida por el Real Decreto 13\/2012, es de obligaci\u00f3n obtener el consentimiento expreso del usuario de todas las p\u00e1ginas web que usan cookies prescindibles, antes [&hellip;]<\/p>\n","protected":false},"author":1,"featured_media":0,"parent":0,"menu_order":0,"comment_status":"closed","ping_status":"closed","template":"","meta":{"footnotes":""},"class_list":["post-1020","page","type-page","status-publish","hentry"],"yoast_head":"<!-- This site is optimized with the Yoast SEO plugin v27.4 - https:\/\/yoast.com\/product\/yoast-seo-wordpress\/ -->\n<title>Pol\u00edtica de cookies - BCAR<\/title>\n<meta name=\"robots\" content=\"noindex, follow, max-snippet:-1, max-image-preview:large, max-video-preview:-1\" \/>\n<meta property=\"og:locale\" content=\"en_US\" \/>\n<meta property=\"og:type\" content=\"article\" \/>\n<meta property=\"og:title\" content=\"Pol\u00edtica de cookies - BCAR\" \/>\n<meta property=\"og:description\" content=\"Pol\u00edtica de uso de cookies Informaci\u00f3n sobre cookies Debido a la entrada en vigor de la referente modificaci\u00f3n de la \u201cLey de Servicios de la Sociedad de la Informaci\u00f3n\u201d (LSSICE) establecida por el Real Decreto 13\/2012, es de obligaci\u00f3n obtener el consentimiento expreso del usuario de todas las p\u00e1ginas web que usan cookies prescindibles, antes [&hellip;]\" \/>\n<meta property=\"og:url\" content=\"https:\/\/bcarparts.com\/en\/politica-de-cookies\/\" \/>\n<meta property=\"og:site_name\" content=\"BCAR\" \/>\n<meta property=\"article:modified_time\" content=\"2026-03-31T09:30:25+00:00\" \/>\n<meta name=\"twitter:card\" content=\"summary_large_image\" \/>\n<meta name=\"twitter:label1\" content=\"Est. reading time\" \/>\n\t<meta name=\"twitter:data1\" content=\"5 minutes\" \/>\n<script type=\"application\/ld+json\" class=\"yoast-schema-graph\">{\"@context\":\"https:\\\/\\\/schema.org\",\"@graph\":[{\"@type\":\"WebPage\",\"@id\":\"https:\\\/\\\/bcarparts.com\\\/politica-de-cookies\\\/\",\"url\":\"https:\\\/\\\/bcarparts.com\\\/politica-de-cookies\\\/\",\"name\":\"Pol\u00edtica de cookies - BCAR\",\"isPartOf\":{\"@id\":\"https:\\\/\\\/bcarparts.com\\\/#website\"},\"datePublished\":\"2025-12-23T16:16:39+00:00\",\"dateModified\":\"2026-03-31T09:30:25+00:00\",\"breadcrumb\":{\"@id\":\"https:\\\/\\\/bcarparts.com\\\/politica-de-cookies\\\/#breadcrumb\"},\"inLanguage\":\"en-US\",\"potentialAction\":[{\"@type\":\"ReadAction\",\"target\":[\"https:\\\/\\\/bcarparts.com\\\/politica-de-cookies\\\/\"]}]},{\"@type\":\"BreadcrumbList\",\"@id\":\"https:\\\/\\\/bcarparts.com\\\/politica-de-cookies\\\/#breadcrumb\",\"itemListElement\":[{\"@type\":\"ListItem\",\"position\":1,\"name\":\"Home\",\"item\":\"https:\\\/\\\/bcarparts.com\\\/\"},{\"@type\":\"ListItem\",\"position\":2,\"name\":\"Pol\u00edtica de cookies\"}]},{\"@type\":\"WebSite\",\"@id\":\"https:\\\/\\\/bcarparts.com\\\/#website\",\"url\":\"https:\\\/\\\/bcarparts.com\\\/\",\"name\":\"BCAR\",\"description\":\"\",\"publisher\":{\"@id\":\"https:\\\/\\\/bcarparts.com\\\/#organization\"},\"potentialAction\":[{\"@type\":\"SearchAction\",\"target\":{\"@type\":\"EntryPoint\",\"urlTemplate\":\"https:\\\/\\\/bcarparts.com\\\/?s={search_term_string}\"},\"query-input\":{\"@type\":\"PropertyValueSpecification\",\"valueRequired\":true,\"valueName\":\"search_term_string\"}}],\"inLanguage\":\"en-US\"},{\"@type\":\"Organization\",\"@id\":\"https:\\\/\\\/bcarparts.com\\\/#organization\",\"name\":\"BCAR\",\"url\":\"https:\\\/\\\/bcarparts.com\\\/\",\"logo\":{\"@type\":\"ImageObject\",\"inLanguage\":\"en-US\",\"@id\":\"https:\\\/\\\/bcarparts.com\\\/#\\\/schema\\\/logo\\\/image\\\/\",\"url\":\"https:\\\/\\\/bcarparts.com\\\/wp-content\\\/uploads\\\/2025\\\/11\\\/Logo.png\",\"contentUrl\":\"https:\\\/\\\/bcarparts.com\\\/wp-content\\\/uploads\\\/2025\\\/11\\\/Logo.png\",\"width\":88,\"height\":60,\"caption\":\"BCAR\"},\"image\":{\"@id\":\"https:\\\/\\\/bcarparts.com\\\/#\\\/schema\\\/logo\\\/image\\\/\"}}]}<\/script>\n<!-- \/ Yoast SEO plugin. -->","yoast_head_json":{"title":"Cookie Policy - BCAR","robots":{"index":"noindex","follow":"follow","max-snippet":"max-snippet:-1","max-image-preview":"max-image-preview:large","max-video-preview":"max-video-preview:-1"},"og_locale":"en_US","og_type":"article","og_title":"Pol\u00edtica de cookies - BCAR","og_description":"Pol\u00edtica de uso de cookies Informaci\u00f3n sobre cookies Debido a la entrada en vigor de la referente modificaci\u00f3n de la \u201cLey de Servicios de la Sociedad de la Informaci\u00f3n\u201d (LSSICE) establecida por el Real Decreto 13\/2012, es de obligaci\u00f3n obtener el consentimiento expreso del usuario de todas las p\u00e1ginas web que usan cookies prescindibles, antes [&hellip;]","og_url":"https:\/\/bcarparts.com\/en\/politica-de-cookies\/","og_site_name":"BCAR","article_modified_time":"2026-03-31T09:30:25+00:00","twitter_card":"summary_large_image","twitter_misc":{"Est. reading time":"5 minutes"},"schema":{"@context":"https:\/\/schema.org","@graph":[{"@type":"WebPage","@id":"https:\/\/bcarparts.com\/politica-de-cookies\/","url":"https:\/\/bcarparts.com\/politica-de-cookies\/","name":"Cookie Policy - BCAR","isPartOf":{"@id":"https:\/\/bcarparts.com\/#website"},"datePublished":"2025-12-23T16:16:39+00:00","dateModified":"2026-03-31T09:30:25+00:00","breadcrumb":{"@id":"https:\/\/bcarparts.com\/politica-de-cookies\/#breadcrumb"},"inLanguage":"en-US","potentialAction":[{"@type":"ReadAction","target":["https:\/\/bcarparts.com\/politica-de-cookies\/"]}]},{"@type":"BreadcrumbList","@id":"https:\/\/bcarparts.com\/politica-de-cookies\/#breadcrumb","itemListElement":[{"@type":"ListItem","position":1,"name":"Home","item":"https:\/\/bcarparts.com\/"},{"@type":"ListItem","position":2,"name":"Pol\u00edtica de cookies"}]},{"@type":"WebSite","@id":"https:\/\/bcarparts.com\/#website","url":"https:\/\/bcarparts.com\/","name":"BCAR","description":"","publisher":{"@id":"https:\/\/bcarparts.com\/#organization"},"potentialAction":[{"@type":"SearchAction","target":{"@type":"EntryPoint","urlTemplate":"https:\/\/bcarparts.com\/?s={search_term_string}"},"query-input":{"@type":"PropertyValueSpecification","valueRequired":true,"valueName":"search_term_string"}}],"inLanguage":"en-US"},{"@type":"Organization","@id":"https:\/\/bcarparts.com\/#organization","name":"BCAR","url":"https:\/\/bcarparts.com\/","logo":{"@type":"ImageObject","inLanguage":"en-US","@id":"https:\/\/bcarparts.com\/#\/schema\/logo\/image\/","url":"https:\/\/bcarparts.com\/wp-content\/uploads\/2025\/11\/Logo.png","contentUrl":"https:\/\/bcarparts.com\/wp-content\/uploads\/2025\/11\/Logo.png","width":88,"height":60,"caption":"BCAR"},"image":{"@id":"https:\/\/bcarparts.com\/#\/schema\/logo\/image\/"}}]}},"_links":{"self":[{"href":"https:\/\/bcarparts.com\/en\/wp-json\/wp\/v2\/pages\/1020","targetHints":{"allow":["GET"]}}],"collection":[{"href":"https:\/\/bcarparts.com\/en\/wp-json\/wp\/v2\/pages"}],"about":[{"href":"https:\/\/bcarparts.com\/en\/wp-json\/wp\/v2\/types\/page"}],"author":[{"embeddable":true,"href":"https:\/\/bcarparts.com\/en\/wp-json\/wp\/v2\/users\/1"}],"replies":[{"embeddable":true,"href":"https:\/\/bcarparts.com\/en\/wp-json\/wp\/v2\/comments?post=1020"}],"version-history":[{"count":13,"href":"https:\/\/bcarparts.com\/en\/wp-json\/wp\/v2\/pages\/1020\/revisions"}],"predecessor-version":[{"id":23643,"href":"https:\/\/bcarparts.com\/en\/wp-json\/wp\/v2\/pages\/1020\/revisions\/23643"}],"wp:attachment":[{"href":"https:\/\/bcarparts.com\/en\/wp-json\/wp\/v2\/media?parent=1020"}],"curies":[{"name":"wp","href":"https:\/\/api.w.org\/{rel}","templated":true}]}}